{"id":2,"date":"2015-05-28T11:45:07","date_gmt":"2015-05-28T11:45:07","guid":{"rendered":"http:\/\/guneshotel.com.tr\/?page_id=2"},"modified":"2025-01-07T19:06:18","modified_gmt":"2025-01-07T16:06:18","slug":"sample-page","status":"publish","type":"page","link":"https:\/\/guneshotel.com.tr\/de\/","title":{"rendered":"Gunes Hotel"},"content":{"rendered":"<p><\/p>\n<div class=\"four columns block\">\n<h2 class=\"title\">Zimmer<\/h2>\n<p><a href=\"http:\/\/guneshotel.com.tr\/de\/rooms\/\"><img decoding=\"async\" class=\"image\" src=\"http:\/\/guneshotel.com.tr\/wp-content\/themes\/guneshotel\/images\/room1.jpg\" alt=\"Zimmer\" \/><\/a><\/p>\n<div class=\"row collapse\">\n<div class=\"introtext\">\n<p>Die 130 zauberhaften Zimmer des 4-Sterne-Gunes Hotel in Istanbul sind von unterschiedlicher Einrichtung und Gr\u00f6\u00dfe, bieten jeglichen Komfort, sind ger\u00e4umig und behaglich und teilweise behindertengerecht ausgestattet.<\/p>\n<ul>\n<li>Compact Single (klein, f\u00fcr 1 Person)<\/li>\n<li>Luxury Single (f\u00fcr 1 Person)<\/li>\n<li>Luxury Double (f\u00fcr 2 Personen)<\/li>\n<li>Luxury Twin (f\u00fcr 2 Personen)<\/li>\n<li>Luxury Triple (f\u00fcr 3 Personen)<\/li>\n<\/ul>\n<\/div>\n<\/div>\n<div class=\"row collapse actions\"><a class=\"right more\" href=\"http:\/\/guneshotel.com.tr\/de\/rooms\/\">read more<br \/>\n<\/a><\/p>\n<div class=\"arrow right\"><\/div>\n<\/div>\n<\/div>\n<div class=\"four columns block\">\n<h2 class=\"title\">Restaurant und Bar<\/h2>\n<p><a href=\"http:\/\/guneshotel.com.tr\/de\/restaurant-bar\/\"><img decoding=\"async\" class=\"image\" src=\"http:\/\/guneshotel.com.tr\/wp-content\/themes\/guneshotel\/images\/room2.jpg\" alt=\"Restaurant und Bar\" \/><\/a><\/p>\n<div class=\"row collapse\">\n<div class=\"introtext\">\n<p>Das G\u00fcne\u015f Hotel in Merter, dem Herzen der Textilproduktion, ist mit seinen 2 Restaurants und 1 Bar ein idealer Ort zum Entspannen nach einem anstrengenden Tag oder f\u00fcr eine Mittagspause.<\/p>\n<ul>\n<li>Restaurant Neptun<\/li>\n<li>Restaurant Venus<\/li>\n<li>Y\u0131ld\u0131z Bar<\/li>\n<\/ul>\n<\/div>\n<\/div>\n<div class=\"row collapse actions\"><a class=\"right more\" href=\"http:\/\/guneshotel.com.tr\/de\/restaurant-bar\/\">read more<br \/>\n<\/a><\/p>\n<div class=\"arrow right\"><\/div>\n<\/div>\n<\/div>\n<div class=\"four columns block\">\n<h2 class=\"title\">Facilities<\/h2>\n<p><a href=\"http:\/\/guneshotel.com.tr\/de\/meetings\/\"><img decoding=\"async\" class=\"image\" src=\"http:\/\/guneshotel.com.tr\/wp-content\/themes\/guneshotel\/images\/room3.jpg\" alt=\"Overlooking Elia Beach\" \/><\/a><\/p>\n<div class=\"row collapse\">\n<div class=\"introtext\">\n<p>Das 4-Sterne-Hotel Gunes in Istanbul stellt 2 ger\u00e4umige und stilvolle Tagungss\u00e4le zur Verf\u00fcgung, die f\u00fcr jede Art von Veranstaltung geeignet sind: Versammlungen, Gesch\u00e4ftskonferenzen, Bankette.<\/p>\n<ul>\n<li>SAAL B-6<\/li>\n<li>SAAL BANQUET<\/li>\n<\/ul>\n<\/div>\n<\/div>\n<div class=\"row collapse actions\"><a class=\"right more\" href=\"http:\/\/guneshotel.com.tr\/de\/meetings\/\">read more<br \/>\n<\/a><\/p>\n<div class=\"arrow right\"><\/div>\n<\/div>\n<\/div>\n<p><\/p>","protected":false},"excerpt":{"rendered":"<p>Zimmer Die 130 zauberhaften Zimmer des 4-Sterne-Gunes Hotel in Istanbul sind von unterschiedlicher Einrichtung und Gr\u00f6\u00dfe, bieten jeglichen Komfort, sind ger\u00e4umig und behaglich und teilweise behindertengerecht ausgestattet. Compact Single (klein, f\u00fcr 1 Person) Luxury Single (f\u00fcr 1 Person) Luxury Double (f\u00fcr 2 Personen) Luxury Twin (f\u00fcr 2 Personen) Luxury Triple (f\u00fcr 3 Personen) read more &hellip; <a href=\"https:\/\/guneshotel.com.tr\/de\/\" class=\"more-link\">Continue reading <span class=\"screen-reader-text\">Gunes Hotel<\/span><\/a><\/p>\n","protected":false},"author":1,"featured_media":0,"parent":0,"menu_order":0,"comment_status":"closed","ping_status":"closed","template":"home.php","meta":{"footnotes":""},"class_list":["post-2","page","type-page","status-publish","hentry","gallery-content-unit"],"aioseo_notices":[],"_links":{"self":[{"href":"https:\/\/guneshotel.com.tr\/de\/wp-json\/wp\/v2\/pages\/2","targetHints":{"allow":["GET"]}}],"collection":[{"href":"https:\/\/guneshotel.com.tr\/de\/wp-json\/wp\/v2\/pages"}],"about":[{"href":"https:\/\/guneshotel.com.tr\/de\/wp-json\/wp\/v2\/types\/page"}],"author":[{"embeddable":true,"href":"https:\/\/guneshotel.com.tr\/de\/wp-json\/wp\/v2\/users\/1"}],"replies":[{"embeddable":true,"href":"https:\/\/guneshotel.com.tr\/de\/wp-json\/wp\/v2\/comments?post=2"}],"version-history":[{"count":111,"href":"https:\/\/guneshotel.com.tr\/de\/wp-json\/wp\/v2\/pages\/2\/revisions"}],"predecessor-version":[{"id":2118,"href":"https:\/\/guneshotel.com.tr\/de\/wp-json\/wp\/v2\/pages\/2\/revisions\/2118"}],"wp:attachment":[{"href":"https:\/\/guneshotel.com.tr\/de\/wp-json\/wp\/v2\/media?parent=2"}],"curies":[{"name":"wp","href":"https:\/\/api.w.org\/{rel}","templated":true}]}}