{"id":24,"date":"2015-05-28T12:31:04","date_gmt":"2015-05-28T12:31:04","guid":{"rendered":"http:\/\/guneshotel.com.tr\/?page_id=24"},"modified":"2025-12-21T18:33:27","modified_gmt":"2025-12-21T15:33:27","slug":"location","status":"publish","type":"page","link":"https:\/\/guneshotel.com.tr\/de\/location\/","title":{"rendered":"Lage"},"content":{"rendered":"<p><\/p>\n<div class=\"google-maps\"><iframe loading=\"lazy\" src=\"https:\/\/www.google.com\/maps\/d\/u\/0\/embed?mid=1UukblVkn1lHLNV936_XOgUUH7VY\" width=\"640\" height=\"480\"><\/iframe><\/div>\n<hr \/>\n<div id='gallery-3' class='gallery galleryid-24 gallery-columns-3 gallery-size-thumbnail'><figure class='gallery-item'>\n\t\t\t<div class='gallery-icon landscape'>\n\t\t\t\t<a href=\"https:\/\/guneshotel.com.tr\/wp-content\/uploads\/2023\/03\/NETWORK-2023-V2-scaled.jpg\" title=\"NETWORK 2023 V2\" data-description=\"\"><img loading=\"lazy\" decoding=\"async\" width=\"150\" height=\"150\" src=\"https:\/\/guneshotel.com.tr\/wp-content\/uploads\/2023\/03\/NETWORK-2023-V2-150x150.jpg\" class=\"attachment-thumbnail size-thumbnail\" alt=\"\"><\/a>\n\t\t\t<\/div><\/figure><figure class='gallery-item'>\n\t\t\t<div class='gallery-icon portrait'>\n\t\t\t\t<a href=\"https:\/\/guneshotel.com.tr\/wp-content\/uploads\/2015\/05\/GH-ON-MAPS.jpg\" title=\"Gunes Hotel On Map\" data-description=\"Gunes Hotel On Map\"><img loading=\"lazy\" decoding=\"async\" width=\"150\" height=\"150\" src=\"https:\/\/guneshotel.com.tr\/wp-content\/uploads\/2015\/05\/GH-ON-MAPS-150x150.jpg\" class=\"attachment-thumbnail size-thumbnail\" alt=\"Gunes Hotel On Map\"><\/a>\n\t\t\t<\/div><\/figure>\n\t\t<\/div>\n\n<p>&nbsp;<\/p>\n<p>Das 4-Sterne-Hotel Gunes liegt westlich des Bosporus und nur 7 km von der Altstadt von Istanbul entfernt, die zum UNESCO-Weltkulturerbe geh\u00f6rt.<\/p>\n<p>Das Hotel liegt in Merter, in dem lebhaften Einkaufsviertel, das gute Bus- und U-Bahn-Verbindungen aufweist, einen ausgezeichneten Ausgangspunkt darstellt, um die Messe, das Kongresszentrum und die Gesch\u00e4fte der Stoffh\u00e4ndler zu erreichen, und das Gunes Hotel zur idealen L\u00f6sung sowohl f\u00fcr Gesch\u00e4ftsreisende als auch f\u00fcr Urlauber macht.<\/p>\n<p>Istanbul ist eine wundervolle Stadt am Bosporus, der faszinierenden Meerenge, die den Osten vom Westen trennt. Diese an Natursch\u00e4tzen reiche Landschaft wird von den Booten befahren, die vom Viertel Emin\u00f6n\u00fc abfahren und abwechselnd an dem asiatischen und europ\u00e4ischen Ufer halten.<\/p>\n<p>Istanbul, Wiege einer jahrhundertealten, heute auf die Zukunft ausgerichteten Kultur, die sich mit unz\u00e4hligen Monumenten schm\u00fcckt und auf eine faszinierende Geschichte zur\u00fcckblickt, wurde erst vor wenigen Jahren zur Europ\u00e4ischen Kulturhauptstadt 2010 gew\u00e4hlt.<\/p>\n<p><strong>ENTFERNUNGEN ZU DEN BEDEUTENDSTEN ORTEN<\/strong><\/p>\n<p>\u2022 7 km von den bedeutendsten Messezentren (CNR, World Trade Center)<br \/>\n\u2022 7 km vom historischen Zentrum (Sultan Ahmet, Beyazit Square, Sirkeci)<br \/>\n\u2022 12 km vom Stadtzentrum (Taksim)<\/p>\n<p><strong>Mit dem Zug<\/strong><\/p>\n<p>Sie k\u00f6nnen Merter erreichen, indem Sie von der YHT- oder Marmaray-Linie, von der Sogutlucesme-Station zur Metrobus-Linie oder von der Yenikap\u0131-Station zur U-Bahn-Linie fahren. Die U-Bahn- und Metrobus-Stationen Merter sind 5 Gehminuten von unserem Hotel entfernt.<\/p>\n<p><strong>Mit dem Flugzeug<\/strong><\/p>\n<p>Vom Flughafen Istanbul aus k\u00f6nnen Sie mit Havaist-Bussen zum \u201eOtogar\u201c (Fernbusbahnhof) und von dort mit der U-Bahn nach Merter fahren. Die U-Bahn-Station Merter ist nur 5 Gehminuten von unserem Hotel entfernt. Oder nehmen Sie die U-Bahn zur Haltestelle Gayrettepe und steigen Sie dort in die Metrobuslinie um. Mit dem Metrobus k\u00f6nnen Sie zur Haltestelle Merter gelangen.<\/p>\n<p>Vom Flughafen Sabiha G\u00f6k\u00e7en aus k\u00f6nnen Sie mit der U-Bahn zur Haltestelle Unalan fahren und dort in die Metrobuslinie umsteigen. Mit dem Metrobus k\u00f6nnen Sie zur Haltestelle Merter gelangen.<\/p>\n<p>Sie k\u00f6nnen an den Kiosken am Eingang der Haltestellen eine Istanbulcard kaufen, um die \u00f6ffentlichen Verkehrsmittel zu nutzen.<br \/>\n<strong>Mit dem Auto<\/strong><\/p>\n<p>Wenn Sie mit dem Auto anreisen, nehmen Sie die Autobahn E-5 (D100) in Richtung Ankara, fahren Sie an der Ausfahrt \u2018Merter\u2019 ab und links bis zum Supermarkt Migros weiter. Biegen Sie erst links, dann zwanzig Meter weiter rechts und wieder links in die Stra\u00dfe, wo Sie unser Hotel erwartet. Wenn Sie in Richtung Edirne fahren, nehmen Sie die Ausfahrt \u2018Merter\u2019, fahren Sie bis zum Supermarkt Migros, biegen Sie erst rechts, dann wieder rechts und daraufhin links ab, wo Sie unser Hotel erwartet.<\/p>\n<p><a href=\"https:\/\/www.kisa.link\/LZYF\">Standort f\u00fcr Google<\/a> \/ <a href=\"https:\/\/www.kisa.link\/LZYG\">Standort f\u00fcr Apple<\/a><\/p>\n<p style=\"text-align: center;\"><strong style=\"text-align: center; font-size: 18px;\">Distances<\/strong><\/p>\n<div class=\"six columns block\">\n<div class=\"six columns block\"><strong>SHOPPING CENTERS<\/strong><\/div>\n<div class=\"six columns block\"><strong>Marmara Forum:<\/strong> 1 km<br \/>\n<strong>Kale Outlet Center: <\/strong> 2 km<br \/>\n<strong>Olivium Outlet Center: <\/strong> 3 km<br \/>\n<strong>Metroport:<\/strong> 4 km<br \/>\n<strong>Kadir Has \u00c7ocuk D\u00fcnyasi:<\/strong> 4 km<br \/>\n<strong>Capacity: <\/strong> 5 km<br \/>\n<strong>Carousel: <\/strong> 5 km<br \/>\n<strong>Historia:<\/strong> 5 km<br \/>\n<strong>Galleria :<\/strong> 5 km<br \/>\n<strong>Forum Istanbul: <\/strong> 6 km<br \/>\n<strong>Town Center: <\/strong> 8 km<br \/>\n<strong>Atrium:<\/strong> 9 km<br \/>\n<strong>Flyinn:<\/strong> 11 km<br \/>\n<strong>Cevahir Istanbul:<\/strong> 13 km<\/div>\n<div><\/div>\n<div class=\"six columns block\"><strong>FUN<\/strong><\/div>\n<div class=\"six columns block\"><strong>Vialand:<\/strong> 5 km<br \/>\n<strong>Princess Islands:<\/strong> 5 km<br \/>\n<strong>Juras\u0131c Park:<\/strong> 5 km<br \/>\n<strong>Feshane:<\/strong> 7 km<br \/>\n<strong>Istiklal Street:<\/strong> 10 km<br \/>\n<strong>French St. \/ Algerian St.:<\/strong> 10 km<br \/>\n<strong>Istanbul Aquarium :<\/strong> 11 km<\/div>\n<div><\/div>\n<div class=\"six columns block\"><strong>MUSEUMS<\/strong><\/div>\n<div class=\"six columns block\"><strong>Panorama 1453 Conquest Museum:<\/strong> 3 km<br \/>\n<strong>Tekfur Palace:<\/strong> 6 km<br \/>\n<strong>Kariye Museum:<\/strong> 6 km<br \/>\n<strong>Fethiye Museum:<\/strong> 6 km<br \/>\n<strong>Topkapi Palace:<\/strong> 8 km<br \/>\n<strong>Istanbul Archaeological Museums:<\/strong> 8 km<br \/>\n<strong>Turkish And Islamic Arts Museum:<\/strong> 8 km<br \/>\n<strong>Miniat\u00fcrk :<\/strong> 8 km<br \/>\n<strong>Rahmi Ko\u00e7 Museum :<\/strong> 8 km<br \/>\n<strong>Istanbul Modern Art Museum: <\/strong> 10 km<br \/>\n<strong>Dolmabah\u00e7e Palace:<\/strong> 12 km<br \/>\n<strong>Yildiz Palace: <\/strong> 14 km<br \/>\n<strong>\u00c7ira\u011fan Palace: <\/strong> 14 km<\/div>\n<div><\/div>\n<div class=\"six columns block\"><strong>HISTORICAL PLACES<\/strong><\/div>\n<div class=\"six columns block\"><strong>The Dungeons Of Yedikule:<\/strong> 4 km<br \/>\n<strong>Covered Bazaar:<\/strong> 7 km<br \/>\n<strong>Beyazit Tower: <\/strong> 7 km<br \/>\n<strong>Obelisk:<\/strong> 7 km<br \/>\n<strong>Pierre Loti:<\/strong> 7 km<br \/>\n<strong>Ayasofya Museum :<\/strong> 8 km<br \/>\n<strong>Basilica Cistern:<\/strong> 8 km<br \/>\n<strong>Galata Tower:<\/strong> 8 km<br \/>\n<strong>Egyptian Bazaar:<\/strong> 8 km<br \/>\n<strong>G\u00fclhane Park:<\/strong> 8 km<br \/>\n<strong>German Fountain:<\/strong> 8 km<br \/>\n<strong>Maiden Tower:<\/strong> 12 km<\/div>\n<div><\/div>\n<div class=\"six columns block\"><strong>SPORT CENTERS<\/strong><\/div>\n<div class=\"six columns block\"><strong>Toazkoparan Sport Hall:<\/strong> 1 km<br \/>\n<strong>veli Efendi Hypodrom:<\/strong> 2 km<br \/>\n<strong>Abdi Ipek\u00e7i Sport Hall:<\/strong> 3 km<br \/>\n<strong>Sinan Erdem Sport Hall:<\/strong> 5 km<br \/>\n<strong>Ahmet C\u00f6mert Sport Hall:<\/strong> 5 km<br \/>\n<strong>In\u00f6n\u00fc Stadium:<\/strong> 11 km<br \/>\n<strong>Olimpiade Stadium:<\/strong> 17 km<br \/>\n<strong>T\u00fcrk Telekom Arena:<\/strong> 17 km<br \/>\n<strong>Ayhan \u015eahenk Sport Hall:<\/strong> 21 km<br \/>\n<strong>\u015e\u00fckr\u00fc Sara\u00e7o\u011flu Stadium:<\/strong> 27 km<br \/>\n<strong>Istanbul Park:<\/strong> 60 km<\/div>\n<div><\/div>\n<div class=\"six columns block\"><strong>MOSQUES<\/strong><\/div>\n<div class=\"six columns block\"><strong>Ey\u00fcp Sultan Mosque:<\/strong> 6 km<br \/>\n<strong>S\u00fcleymaniye Mosque:<\/strong> 7 km<br \/>\n<strong>Beyazit Mosque:<\/strong> 7 km<br \/>\n<strong>Sultan Ahmet Mosque \/ Blue Mosque:<\/strong> 8 km<br \/>\n<strong>Little Hagia Sophia Mosque:<\/strong> 8 km<br \/>\n<strong>Ortak\u00f6y Mosque:<\/strong> 14 km<\/div>\n<div><\/div>\n<div class=\"six columns block\"><strong>SYNAGOGUES<\/strong><\/div>\n<div class=\"six columns block\"><strong>Ahrida Synagogue:<\/strong> 6 km<br \/>\n<strong>Italian Synagogue:<\/strong> 8 km<br \/>\n<strong>Neve Shalom Synagogue:<\/strong> 8 km<br \/>\n<strong>A\u015fkenazi Synagogue:<\/strong> 9 km<br \/>\n<strong>Z\u00fclfaris Synagogue (Jewish Museum Of Turkey):<\/strong> 9 km<br \/>\n<strong>Etz Ahayim Synagogue:<\/strong> 14 km<\/div>\n<div><\/div>\n<div class=\"six columns block\"><strong>CHURCHES<\/strong><\/div>\n<div class=\"six columns block\"><strong>Kariye (Chora) Church:<\/strong> 6 km<br \/>\n<strong>Meryem Ana Nativite Catholic Church:<\/strong> 6 km<br \/>\n<strong>Aya Yorgi Fener Greek Orthodox Patrikhanesi Church:<\/strong> 7 km<br \/>\n<strong>Sankt Georg Monastery And Church:<\/strong> 7 km<br \/>\n<strong>Stephan (Bulgarian) Church:<\/strong> 7 km<br \/>\n<strong>Surp Anarad Higutyun Ermeni Catholic Church:<\/strong> 7 km<br \/>\n<strong>K\u00fc\u00e7\u00fck Ayasofya Mosque &#8211; Ss. Sergius ve Bacchus Church:<\/strong> 8 km<br \/>\n<strong>Anglikan Church (Kirim Church):<\/strong> 9 km<br \/>\n<strong>Lutherien Protestan Church:<\/strong> 9 km<br \/>\n<strong>Aya Triada Rum Catholic Church:<\/strong> 10 km<br \/>\n<strong>Ayos Pantelemon Greek Orthodox Church:<\/strong> 10 km<\/div>\n<div><\/div>\n<div class=\"six columns block\"><strong>HOSPITAL<\/strong><\/div>\n<div class=\"six columns block\"><strong>MEMOR\u0130AL H\u0130ZMET HASTANES\u0130<\/strong>: 1,5 km<br \/>\n<strong>T\u00dcRK B\u00d6BREK VAKFI<\/strong>: 1,5 km<br \/>\n<strong>AVRASYA HOSP\u0130TAL<\/strong>: 2 km<br \/>\n<strong>SANTE PLUS<\/strong>: 2 km<br \/>\n<strong>ETH\u0130CA \u0130NC\u0130RL\u0130<\/strong>: 2,5 km<br \/>\n<strong>\u0130STANBUL G\u00d6Z HASTANES\u0130<\/strong>: 3 km<br \/>\n<strong>B.EVLER MED\u0130CANA D\u0130\u015e HASTANES\u0130<\/strong>: 3 km<br \/>\n<strong>YED\u0130KULE G\u00d6\u011e\u00dcS HASTALIKLARI<\/strong>: 3 km<br \/>\n<strong>BALIKLI RUM<\/strong>: 3 km<br \/>\n<strong>\u00d6ZEL SURP P\u0130RG\u0130\u00c7<\/strong>: 3 km<br \/>\n<strong>BAKIRK\u00d6Y DEVLET HASTANES\u0130<\/strong>: 3 km<br \/>\n<strong>MED\u0130CAL PARK<\/strong>: 3 km<br \/>\n<strong>ACIBADEM BAKIRK\u00d6Y<\/strong>: 4 km<br \/>\n<strong>D\u00dcNYA G\u00d6Z HASTANES\u0130<\/strong>: 5 km<br \/>\n<strong>ACIBADEM \u0130NTERNAT\u0130ONAL<\/strong>: 8 km<br \/>\n<strong>L\u0130V HOSP\u0130TAL<\/strong>: 15 km<\/div>\n<\/div>\n<p><\/p>","protected":false},"excerpt":{"rendered":"<p>&nbsp; Das 4-Sterne-Hotel Gunes liegt westlich des Bosporus und nur 7 km von der Altstadt von Istanbul entfernt, die zum UNESCO-Weltkulturerbe geh\u00f6rt. Das Hotel liegt in Merter, in dem lebhaften Einkaufsviertel, das gute Bus- und U-Bahn-Verbindungen aufweist, einen ausgezeichneten Ausgangspunkt darstellt, um die Messe, das Kongresszentrum und die Gesch\u00e4fte der Stoffh\u00e4ndler zu erreichen, und das &hellip; <a href=\"https:\/\/guneshotel.com.tr\/de\/location\/\" class=\"more-link\">Continue reading <span class=\"screen-reader-text\">Lage<\/span><\/a><\/p>\n","protected":false},"author":1,"featured_media":0,"parent":0,"menu_order":0,"comment_status":"closed","ping_status":"closed","template":"homenoslider.php","meta":{"footnotes":""},"class_list":["post-24","page","type-page","status-publish","hentry","gallery-content-unit"],"aioseo_notices":[],"_links":{"self":[{"href":"https:\/\/guneshotel.com.tr\/de\/wp-json\/wp\/v2\/pages\/24","targetHints":{"allow":["GET"]}}],"collection":[{"href":"https:\/\/guneshotel.com.tr\/de\/wp-json\/wp\/v2\/pages"}],"about":[{"href":"https:\/\/guneshotel.com.tr\/de\/wp-json\/wp\/v2\/types\/page"}],"author":[{"embeddable":true,"href":"https:\/\/guneshotel.com.tr\/de\/wp-json\/wp\/v2\/users\/1"}],"replies":[{"embeddable":true,"href":"https:\/\/guneshotel.com.tr\/de\/wp-json\/wp\/v2\/comments?post=24"}],"version-history":[{"count":107,"href":"https:\/\/guneshotel.com.tr\/de\/wp-json\/wp\/v2\/pages\/24\/revisions"}],"predecessor-version":[{"id":2261,"href":"https:\/\/guneshotel.com.tr\/de\/wp-json\/wp\/v2\/pages\/24\/revisions\/2261"}],"wp:attachment":[{"href":"https:\/\/guneshotel.com.tr\/de\/wp-json\/wp\/v2\/media?parent=24"}],"curies":[{"name":"wp","href":"https:\/\/api.w.org\/{rel}","templated":true}]}}