{"id":55,"date":"2015-05-28T14:59:05","date_gmt":"2015-05-28T14:59:05","guid":{"rendered":"http:\/\/guneshotel.com.tr\/?page_id=55"},"modified":"2025-12-21T18:33:46","modified_gmt":"2025-12-21T15:33:46","slug":"restaurant-bar","status":"publish","type":"page","link":"https:\/\/guneshotel.com.tr\/de\/restaurant-bar\/","title":{"rendered":"Restaurant und Bar"},"content":{"rendered":"<p>&nbsp;<\/p>\n<div id='gallery-3' class='gallery galleryid-55 gallery-columns-3 gallery-size-thumbnail'><figure class='gallery-item'>\n\t\t\t<div class='gallery-icon landscape'>\n\t\t\t\t<a href=\"https:\/\/guneshotel.com.tr\/wp-content\/uploads\/2015\/12\/Nept%C3%BCn-Restaurant.jpg\" title=\"Nept\u00fcn Restaurant\" data-description=\"\"><img loading=\"lazy\" decoding=\"async\" width=\"150\" height=\"150\" src=\"https:\/\/guneshotel.com.tr\/wp-content\/uploads\/2015\/12\/Nept%C3%BCn-Restaurant-150x150.jpg\" class=\"attachment-thumbnail size-thumbnail\" alt=\"\"><\/a>\n\t\t\t<\/div><\/figure><figure class='gallery-item'>\n\t\t\t<div class='gallery-icon landscape'>\n\t\t\t\t<a href=\"https:\/\/guneshotel.com.tr\/wp-content\/uploads\/2015\/12\/Breakfast-1.jpg\" title=\"Breakfast - 1\" data-description=\"\"><img loading=\"lazy\" decoding=\"async\" width=\"150\" height=\"150\" src=\"https:\/\/guneshotel.com.tr\/wp-content\/uploads\/2015\/12\/Breakfast-1-150x150.jpg\" class=\"attachment-thumbnail size-thumbnail\" alt=\"\"><\/a>\n\t\t\t<\/div><\/figure><figure class='gallery-item'>\n\t\t\t<div class='gallery-icon landscape'>\n\t\t\t\t<a href=\"https:\/\/guneshotel.com.tr\/wp-content\/uploads\/2015\/12\/Breakfast-5.jpg\" title=\"Breakfast - 5\" data-description=\"\"><img loading=\"lazy\" decoding=\"async\" width=\"150\" height=\"150\" src=\"https:\/\/guneshotel.com.tr\/wp-content\/uploads\/2015\/12\/Breakfast-5-150x150.jpg\" class=\"attachment-thumbnail size-thumbnail\" alt=\"\"><\/a>\n\t\t\t<\/div><\/figure><figure class='gallery-item'>\n\t\t\t<div class='gallery-icon landscape'>\n\t\t\t\t<a href=\"https:\/\/guneshotel.com.tr\/wp-content\/uploads\/2015\/12\/Breakfast-4.jpg\" title=\"Breakfast - 4\" data-description=\"\"><img loading=\"lazy\" decoding=\"async\" width=\"150\" height=\"150\" src=\"https:\/\/guneshotel.com.tr\/wp-content\/uploads\/2015\/12\/Breakfast-4-150x150.jpg\" class=\"attachment-thumbnail size-thumbnail\" alt=\"\"><\/a>\n\t\t\t<\/div><\/figure><figure class='gallery-item'>\n\t\t\t<div class='gallery-icon portrait'>\n\t\t\t\t<a href=\"https:\/\/guneshotel.com.tr\/wp-content\/uploads\/2015\/12\/Breakfast-3.jpg\" title=\"Breakfast - 3\" data-description=\"\"><img loading=\"lazy\" decoding=\"async\" width=\"150\" height=\"150\" src=\"https:\/\/guneshotel.com.tr\/wp-content\/uploads\/2015\/12\/Breakfast-3-150x150.jpg\" class=\"attachment-thumbnail size-thumbnail\" alt=\"\"><\/a>\n\t\t\t<\/div><\/figure><figure class='gallery-item'>\n\t\t\t<div class='gallery-icon portrait'>\n\t\t\t\t<a href=\"https:\/\/guneshotel.com.tr\/wp-content\/uploads\/2015\/12\/Breakfast-2.jpg\" title=\"Breakfast - 2\" data-description=\"\"><img loading=\"lazy\" decoding=\"async\" width=\"150\" height=\"150\" src=\"https:\/\/guneshotel.com.tr\/wp-content\/uploads\/2015\/12\/Breakfast-2-150x150.jpg\" class=\"attachment-thumbnail size-thumbnail\" alt=\"\"><\/a>\n\t\t\t<\/div><\/figure><figure class='gallery-item'>\n\t\t\t<div class='gallery-icon landscape'>\n\t\t\t\t<a href=\"https:\/\/guneshotel.com.tr\/wp-content\/uploads\/2015\/12\/Venus-Restaurant.jpg\" title=\"Venus Restaurant\" data-description=\"\"><img loading=\"lazy\" decoding=\"async\" width=\"150\" height=\"150\" src=\"https:\/\/guneshotel.com.tr\/wp-content\/uploads\/2015\/12\/Venus-Restaurant-150x150.jpg\" class=\"attachment-thumbnail size-thumbnail\" alt=\"\"><\/a>\n\t\t\t<\/div><\/figure><figure class='gallery-item'>\n\t\t\t<div class='gallery-icon portrait'>\n\t\t\t\t<a href=\"https:\/\/guneshotel.com.tr\/wp-content\/uploads\/2015\/12\/Dinner-Buffet-1.jpg\" title=\"Dinner Buffet - 1\" data-description=\"\"><img loading=\"lazy\" decoding=\"async\" width=\"150\" height=\"150\" src=\"https:\/\/guneshotel.com.tr\/wp-content\/uploads\/2015\/12\/Dinner-Buffet-1-150x150.jpg\" class=\"attachment-thumbnail size-thumbnail\" alt=\"\"><\/a>\n\t\t\t<\/div><\/figure><figure class='gallery-item'>\n\t\t\t<div class='gallery-icon portrait'>\n\t\t\t\t<a href=\"https:\/\/guneshotel.com.tr\/wp-content\/uploads\/2015\/12\/Dinner-Buffet-2.jpg\" title=\"Dinner Buffet - 2\" data-description=\"\"><img loading=\"lazy\" decoding=\"async\" width=\"150\" height=\"150\" src=\"https:\/\/guneshotel.com.tr\/wp-content\/uploads\/2015\/12\/Dinner-Buffet-2-150x150.jpg\" class=\"attachment-thumbnail size-thumbnail\" alt=\"\"><\/a>\n\t\t\t<\/div><\/figure>\n\t\t<\/div>\n\n<p>&nbsp;<\/p>\n<p><strong>Restaurant Neptun<\/strong><\/p>\n<p>Das Lokal, das \u00fcber einen \u00fcberdachten Terrassengarten, einen Gro\u00dfbildschirmfernseher und 120 Sitzpl\u00e4tze verf\u00fcgt, ist von 7:00 bis 13:30 und von 12:00 bis 3:00 Uhr ge\u00f6ffnet.<\/p>\n<p><strong>Restaurant Venus<\/strong><\/p>\n<p>Das A&#8216;-la-Carte-Men\u00fc des Restaurants Venus bietet bei Kerzenlicht die k\u00f6stlichsten Gerichte der internationalen und t\u00fcrkischen K\u00fcche, die von einer vorz\u00fcglichen Auswahl an Weinen begleitet und in einem romantischen, anspruchsvollen und ausgesprochen gem\u00fctlichen Ambiente serviert werden.<\/p>\n<p>Das nicht weit von der \u2018Altstadt\u2019 entfernte Restaurant verf\u00fcgt \u00fcber 120 Sitzpl\u00e4tze, ist von 19:00 bis 23:00 Uhr ge\u00f6ffnet<\/p>\n<p><strong>Y\u0131ld\u0131z Bar<\/strong><\/p>\n<p>Ein angenehmer Abend beginnt immer mit einem k\u00f6stlichen Cocktail am Tisch eines behaglichen Lokals, wo Sie nach einem harten Arbeitstag die ersehnte Entspannung finden.<\/p>\n<p>\u00d6ffnungszeiten: 16.00 &#8211; 24.00<\/p>","protected":false},"excerpt":{"rendered":"<p>&nbsp; &nbsp; Restaurant Neptun Das Lokal, das \u00fcber einen \u00fcberdachten Terrassengarten, einen Gro\u00dfbildschirmfernseher und 120 Sitzpl\u00e4tze verf\u00fcgt, ist von 7:00 bis 13:30 und von 12:00 bis 3:00 Uhr ge\u00f6ffnet. Restaurant Venus Das A&#8216;-la-Carte-Men\u00fc des Restaurants Venus bietet bei Kerzenlicht die k\u00f6stlichsten Gerichte der internationalen und t\u00fcrkischen K\u00fcche, die von einer vorz\u00fcglichen Auswahl an Weinen begleitet &hellip; <a href=\"https:\/\/guneshotel.com.tr\/de\/restaurant-bar\/\" class=\"more-link\">Continue reading <span class=\"screen-reader-text\">Restaurant und Bar<\/span><\/a><\/p>\n","protected":false},"author":1,"featured_media":0,"parent":0,"menu_order":0,"comment_status":"closed","ping_status":"closed","template":"homenoslider.php","meta":{"footnotes":""},"class_list":["post-55","page","type-page","status-publish","hentry","gallery-content-unit"],"aioseo_notices":[],"_links":{"self":[{"href":"https:\/\/guneshotel.com.tr\/de\/wp-json\/wp\/v2\/pages\/55","targetHints":{"allow":["GET"]}}],"collection":[{"href":"https:\/\/guneshotel.com.tr\/de\/wp-json\/wp\/v2\/pages"}],"about":[{"href":"https:\/\/guneshotel.com.tr\/de\/wp-json\/wp\/v2\/types\/page"}],"author":[{"embeddable":true,"href":"https:\/\/guneshotel.com.tr\/de\/wp-json\/wp\/v2\/users\/1"}],"replies":[{"embeddable":true,"href":"https:\/\/guneshotel.com.tr\/de\/wp-json\/wp\/v2\/comments?post=55"}],"version-history":[{"count":43,"href":"https:\/\/guneshotel.com.tr\/de\/wp-json\/wp\/v2\/pages\/55\/revisions"}],"predecessor-version":[{"id":1485,"href":"https:\/\/guneshotel.com.tr\/de\/wp-json\/wp\/v2\/pages\/55\/revisions\/1485"}],"wp:attachment":[{"href":"https:\/\/guneshotel.com.tr\/de\/wp-json\/wp\/v2\/media?parent=55"}],"curies":[{"name":"wp","href":"https:\/\/api.w.org\/{rel}","templated":true}]}}