{"id":86,"date":"2015-05-28T15:12:32","date_gmt":"2015-05-28T15:12:32","guid":{"rendered":"http:\/\/guneshotel.com.tr\/?page_id=86"},"modified":"2025-12-21T18:34:52","modified_gmt":"2025-12-21T15:34:52","slug":"contact","status":"publish","type":"page","link":"https:\/\/guneshotel.com.tr\/de\/contact\/","title":{"rendered":"Contact"},"content":{"rendered":"<p><iframe style=\"border: 0; width: 100%; height: 300px;\" src=\"https:\/\/www.google.com\/maps\/embed?pb=!1m18!1m12!1m3!1d3010.8015920492944!2d28.893315440476513!3d41.007715673475246!2m3!1f0!2f0!3f0!3m2!1i1024!2i768!4f13.1!3m3!1m2!1s0x14cac4151f907161%3A0x8cc553320cd0927c!2sAirport+Gunes+Hotel+Hotel!5e0!3m2!1sen!2s!4v1434711552387\" frameborder=\"0\"><\/iframe><\/p>\n<p>Nadide Caddesi G\u00fcnay Sok n.1 &#8211; Merter 34173 &#8211; \u0130stanbul, T\u00fcrkiye<br \/>\n<strong>Tel:<\/strong> +90 212 4833030 Fax: +90 212 4833045<br \/>\n<a href=\"mailto:info@guneshotel.com.tr\">info@guneshotel.com.tr<\/a><\/p>\n","protected":false},"excerpt":{"rendered":"<p>Nadide Caddesi G\u00fcnay Sok n.1 &#8211; Merter 34173 &#8211; \u0130stanbul, T\u00fcrkiye Tel: +90 212 4833030 Fax: +90 212 4833045 info@guneshotel.com.tr<\/p>\n","protected":false},"author":1,"featured_media":0,"parent":0,"menu_order":0,"comment_status":"closed","ping_status":"closed","template":"homenoslider.php","meta":{"footnotes":""},"class_list":["post-86","page","type-page","status-publish","hentry","gallery-content-unit"],"aioseo_notices":[],"_links":{"self":[{"href":"https:\/\/guneshotel.com.tr\/de\/wp-json\/wp\/v2\/pages\/86","targetHints":{"allow":["GET"]}}],"collection":[{"href":"https:\/\/guneshotel.com.tr\/de\/wp-json\/wp\/v2\/pages"}],"about":[{"href":"https:\/\/guneshotel.com.tr\/de\/wp-json\/wp\/v2\/types\/page"}],"author":[{"embeddable":true,"href":"https:\/\/guneshotel.com.tr\/de\/wp-json\/wp\/v2\/users\/1"}],"replies":[{"embeddable":true,"href":"https:\/\/guneshotel.com.tr\/de\/wp-json\/wp\/v2\/comments?post=86"}],"version-history":[{"count":15,"href":"https:\/\/guneshotel.com.tr\/de\/wp-json\/wp\/v2\/pages\/86\/revisions"}],"predecessor-version":[{"id":2128,"href":"https:\/\/guneshotel.com.tr\/de\/wp-json\/wp\/v2\/pages\/86\/revisions\/2128"}],"wp:attachment":[{"href":"https:\/\/guneshotel.com.tr\/de\/wp-json\/wp\/v2\/media?parent=86"}],"curies":[{"name":"wp","href":"https:\/\/api.w.org\/{rel}","templated":true}]}}