{"id":2277,"date":"2025-03-25T16:04:46","date_gmt":"2025-03-25T13:04:46","guid":{"rendered":"https:\/\/guneshotel.com.tr\/?page_id=2277"},"modified":"2025-03-26T19:11:29","modified_gmt":"2025-03-26T16:11:29","slug":"kurallar","status":"publish","type":"page","link":"https:\/\/guneshotel.com.tr\/en\/kurallar\/","title":{"rendered":"Privacy Policy \/ Gizlilik Politikas\u0131"},"content":{"rendered":"<p>Privacy Policy<br \/>\nOur Service is committed to ensuring our customers&#8217; privacy and security of all information collected. In accordance with the privacy legislation introduced on January 1, 2005, this Privacy Policy outlines the information collection practices utilised by Our Service, how that information is used and the choices you can make about the way the information you provide to us is collected and used.<br \/>\nThe information we collect<br \/>\nWhen you make a booking via the Our Service web site, we need to collect information about you to process the transaction and fulfil your order. This information includes, but is not limited to, details such as your name, your contact details (email, phone, fax) and your credit card details. When you submit a request via our email support forms, we also collect your name and email so that we may respond to your request or query as quickly as possible.<br \/>\nHow we use the information<br \/>\nWhen you become a member of Our Service or submit a booking request, we use the collected information in several ways:<br \/>\nPersonal identification and verification<br \/>\nTo complete your hotel reservation To allow us to contact you for customer service, if required To make improvements to the Our Service web site In addition, if you have opted to sign up for membership offered by our website, your email address will be used to send you an email message confirming your new member registration. As a member you, will occasionally receive updates from us about special rate offers, newsletters and any noteworthy changes to the website. However, you may always unsubscribe from receiving these email messages.<br \/>\nCredit Card information<br \/>\nYour credit card information is sent to us through a secure server. We use the latest, most secure technology available, which encrypts all your personal and credit card details. The encryption method used is the industry standard &#8220;Secure Socket Layer&#8221; (SSL) technology. Our SSL certificate has been issued by GoDaddy.com. Our server and network are protected by firewalls against unauthorized access. This means we can guarantee that it is totally safe to send us your credit card details.<br \/>\nCookies<br \/>\nWe may, from time to time, use &#8220;cookies&#8221; to store your preferences, record session information and collect information on how you visit and access our Web pages. We collect information on the Web pages visited by our customers in order to help us to continue improving our services. &#8220;Cookies&#8221; are pieces of information that our Web page transfers to your computer&#8217;s hard disk for record-keeping purposes. Cookies can make the Web more useful by storing information about your preferences on a particular site. The use of cookies is an industry standard and many Web sites use them to provide useful features for you. Cookies in and of themselves do not personally identify you, only your computer.<\/p>\n<p>&#8212;&#8212;&#8212;&#8212;&#8212;&#8212;&#8212;&#8212;&#8212;&#8212;&#8212;&#8212;&#8212;&#8212;&#8212;&#8212;&#8212;&#8212;&#8212;&#8212;&#8212;&#8212;&#8212;&#8212;&#8212;&#8212;&#8212;&#8212;&#8212;&#8212;&#8212;&#8212;&#8212;&#8212;&#8212;&#8212;&#8212;&#8212;&#8212;&#8212;&#8212;<\/p>\n<p>\u00a0Gizlilik Politikas\u0131<br \/>\nServisimizm\u00fc\u015fterilerimizintoplanan t\u00fcm bilgilerinin\u00a0 gizlilik ve guvenligini sa\u011flamaya kararl\u0131d\u0131r. 1 Ocak 2005 tarihinde uygulanmaya ba\u015flanan gizlilik yasalar\u0131na uygun olarak,bu Gizlilik Politikasi servisimiz tarafindan kullanilan bilgi toplama yontemlerini ozetlemektedir.Bize sagladiginiz bilgileri\u00a0 elde ederken\u00a0 yapabileceginiz secimler\u00a0 toplanilir ve kullanilir.<br \/>\nWeb sitesi \u00fczerinden hizmetimizi kullanarak rezervasyon yapmak istedi\u011finizde,bu \u00a0i\u015flem s\u00fcrecinde ve iste\u011finizi\u00a0 yerine getirmek i\u00e7in sizin hakk\u0131n\u0131zda bilgi toplamam\u0131z gerekir . Bu bilgiler ad\u0131n\u0131z, ileti\u015fim bilgileriniz (e-posta, telefon, faks) ve kredi kart\u0131 bilgileri gibi ayr\u0131nt\u0131lar\u0131 i\u00e7erir ancak bunlarla s\u0131n\u0131rl\u0131 de\u011fildir.E-postadestek formlar\u0131 arac\u0131l\u0131\u011f\u0131yla bir istek g\u00f6nderdi\u011finizde,sizlerin email adreslerini ve isim bilgilerinizi\u00a0 de istek ve sorulariniza mumkun oldugunca kisa surede cevap verebilmek icin\u00a0 almaktayiz<br \/>\n\u00a0<br \/>\nBiz bilgileri nas\u0131l kullan\u0131yoruz?<br \/>\nServisimizin \u00fcyesi oldugunuzda \u00a0ya da rezervasyon talebinizde ,\u00e7e\u015fitli yollarla toplanan bilgileri\u00a0\u00a0 kullan\u0131r\u0131z.<br \/>\nKi\u015fisel kimlik ve do\u011frulama<br \/>\nE mail adresiniz otel rezervasyonunuzu tamamlamak icin,m\u00fc\u015fteri hizmetleri i\u00e7in gerektiginde sizinle ileti\u015fim kurmak i\u00e7in ve servisimizin web sitesinde iyile\u015ftirmeler yapmak i\u00e7in ayrica web sitemizin sundugu uyelige kaydolmak icin size yeni uyelik basvuru konfirmeniz icin kullanilacaktir. Bir uyemiz olarak, zaman zaman \u00f6zel fiyat teklifleri, haber b\u00fcltenleri ve web sitesinde herhangi bir kayda de\u011fer de\u011fi\u015fiklik hakk\u0131nda bizden g\u00fcncellemeleri alirsiniz .Ancak istediginiz anda bu e-posta mesajlar\u0131 almaktan vazge\u00e7ebilirisiniz .<br \/>\nKredi Kart\u0131 bilgileri<br \/>\nKredi kart\u0131 bilgileriniz g\u00fcvenli bir sunucu arac\u0131l\u0131\u011f\u0131yla bize g\u00f6nderilir. Biz t\u00fcm ki\u015fisel ve kredi kart\u0131\u00a0bilgilerinizi \u015fifreleyen mevcut en son ve en g\u00fcvenli teknolojiyi kullan\u0131niriz. Kullan\u0131lan \u015fifreleme y\u00f6ntemi end\u00fcstri standard\u0131 olan &#8216;Secure Socket Layer&#8217; (SSL) teknolojisidir. SSL sertifikam\u0131z GoDaddy.com taraf\u0131ndan haz\u0131rlanm\u0131\u015ft\u0131r. Bizim sunucu ve a\u011f yetkisiz eri\u015fime kar\u015f\u0131 g\u00fcvenlik duvarlar\u0131 ile korunur. Bu, bize kredi kart\u0131 bilgilerinizi g\u00f6ndermek i\u00e7in tamamen g\u00fcvenli oldu\u011funu garanti anlam\u0131na gelir.<br \/>\nInternet Cerezleri<br \/>\nBiz, zaman zaman sizin tercihlerinizi saklamak ,oturum bilgilerinizi toplamak ve Web sayfalar\u0131miza nasil eri\u015ftiginiz hakk\u0131nda bilgi edinmek icin &#8216;\u00e7erezler&#8217; kullanabiliyoruz. M\u00fc\u015fterilerimiz taraf\u0131ndan ziyaret edilen\u00a0 Web sayfalar\u0131ndan bilgileri, sistemimiziiyile\u015ftirmek amaciyla toplariz. &#8216;\u00c7erezler&#8217; Web sayfamizin sizin bilgisayarinizdaki sabit diske kayit saklamak icin kullandigi parcalardir. \u00c7erezler belirli bir sitede tercihleriniz hakk\u0131nda bilgi depolayarak interneti daha kullan\u0131\u015fl\u0131 hale getirir. \u00c7erezlerin kullan\u0131m\u0131 bir end\u00fcstri standard\u0131d\u0131r ve bir\u00e7ok web siteleri bunlari size daha \u00a0yararl\u0131 \u00f6zellikleri sa\u011flamak i\u00e7in kullanir. \u00c7erezler sizi kisisel olarak degil, sadece bilgisayarlarinizi tan\u0131mlar.<br \/>\n<\/p>","protected":false},"excerpt":{"rendered":"<p>Privacy Policy Our Service is committed to ensuring our customers&#8217; privacy and security of all information collected. In accordance with the privacy legislation introduced on January 1, 2005, this Privacy Policy outlines the information collection practices utilised by Our Service, how that information is used and the choices you can make about the way the &hellip; <a href=\"https:\/\/guneshotel.com.tr\/en\/kurallar\/\" class=\"more-link\">Continue reading <span class=\"screen-reader-text\">Privacy Policy \/ Gizlilik Politikas\u0131<\/span><\/a><\/p>\n","protected":false},"author":1,"featured_media":0,"parent":0,"menu_order":0,"comment_status":"closed","ping_status":"closed","template":"","meta":{"footnotes":""},"class_list":["post-2277","page","type-page","status-publish","hentry","gallery-content-unit"],"aioseo_notices":[],"_links":{"self":[{"href":"https:\/\/guneshotel.com.tr\/en\/wp-json\/wp\/v2\/pages\/2277","targetHints":{"allow":["GET"]}}],"collection":[{"href":"https:\/\/guneshotel.com.tr\/en\/wp-json\/wp\/v2\/pages"}],"about":[{"href":"https:\/\/guneshotel.com.tr\/en\/wp-json\/wp\/v2\/types\/page"}],"author":[{"embeddable":true,"href":"https:\/\/guneshotel.com.tr\/en\/wp-json\/wp\/v2\/users\/1"}],"replies":[{"embeddable":true,"href":"https:\/\/guneshotel.com.tr\/en\/wp-json\/wp\/v2\/comments?post=2277"}],"version-history":[{"count":4,"href":"https:\/\/guneshotel.com.tr\/en\/wp-json\/wp\/v2\/pages\/2277\/revisions"}],"predecessor-version":[{"id":2292,"href":"https:\/\/guneshotel.com.tr\/en\/wp-json\/wp\/v2\/pages\/2277\/revisions\/2292"}],"wp:attachment":[{"href":"https:\/\/guneshotel.com.tr\/en\/wp-json\/wp\/v2\/media?parent=2277"}],"curies":[{"name":"wp","href":"https:\/\/api.w.org\/{rel}","templated":true}]}}