{"id":24,"date":"2015-05-28T12:31:04","date_gmt":"2015-05-28T12:31:04","guid":{"rendered":"http:\/\/guneshotel.com.tr\/?page_id=24"},"modified":"2025-12-21T18:33:27","modified_gmt":"2025-12-21T15:33:27","slug":"location","status":"publish","type":"page","link":"https:\/\/guneshotel.com.tr\/en\/location\/","title":{"rendered":"Location"},"content":{"rendered":"<p>&nbsp;<\/p>\n<div class=\"google-maps\"><iframe loading=\"lazy\" src=\"https:\/\/www.google.com\/maps\/d\/u\/0\/embed?mid=1UukblVkn1lHLNV936_XOgUUH7VY\" width=\"640\" height=\"480\"><\/iframe><\/div>\n<hr \/>\n<div id='gallery-1' class='gallery galleryid-24 gallery-columns-3 gallery-size-thumbnail'><figure class='gallery-item'>\n\t\t\t<div class='gallery-icon landscape'>\n\t\t\t\t<a href=\"https:\/\/guneshotel.com.tr\/wp-content\/uploads\/2023\/03\/NETWORK-2023-V3-scaled.jpg\" title=\"NETWORK 2023 V3\" data-description=\"\"><img loading=\"lazy\" decoding=\"async\" width=\"150\" height=\"150\" src=\"https:\/\/guneshotel.com.tr\/wp-content\/uploads\/2023\/03\/NETWORK-2023-V3-150x150.jpg\" class=\"attachment-thumbnail size-thumbnail\" alt=\"\"><\/a>\n\t\t\t<\/div><\/figure><figure class='gallery-item'>\n\t\t\t<div class='gallery-icon portrait'>\n\t\t\t\t<a href=\"https:\/\/guneshotel.com.tr\/wp-content\/uploads\/2015\/05\/GH-ON-MAPS.jpg\" title=\"Gunes Hotel On Map\" data-description=\"Gunes Hotel On Map\"><img loading=\"lazy\" decoding=\"async\" width=\"150\" height=\"150\" src=\"https:\/\/guneshotel.com.tr\/wp-content\/uploads\/2015\/05\/GH-ON-MAPS-150x150.jpg\" class=\"attachment-thumbnail size-thumbnail\" alt=\"Gunes Hotel On Map\"><\/a>\n\t\t\t<\/div><\/figure>\n\t\t<\/div>\n\n<p>&nbsp;<\/p>\n<p>4-star Gunes Hotel is located west of the Bosphorus and only 7 km from the \u2018Old City,\u2019 historic center of Istanbul, a UNESCO \u2018World Heritage Site.\u2019<\/p>\n<p>Our hotel is located in Merter, a lively area ideal for shopping, well connected by bus and subway and convenient to the trade fair, the convention and exhibition center and the sites of the textile companies. This makes of Gunes Hotel an excellent choice for business clients as well as for visitors traveling on leisure.<\/p>\n<p>Istanbul, where the continents meet (Europe and Asia), is a wonderful city overlooking the Bosphorous, the charming strait dividing east and west, a locale rich in natural beauty, navigable by boats that leave from the Eminonu district and stop alternatively on the Asian and European banks.<\/p>\n<p>Filled with monuments and history, heir to centuries-old civilization whose present projects towards the future, Istanbul was recently added to the European capital cities of culture, beginning in 2010.<\/p>\n<p><strong>Main Distance<\/strong><\/p>\n<p>\u2022 7 km to major exhibition centers (CNR, World Trade Center)<br \/>\n\u2022 7 km away from old city (Sultan Ahmet, Beyazit Square, Sirkeci)<br \/>\n\u2022 12 km away from city center called Taksim<\/p>\n<p><strong>By train<\/strong><\/p>\n<p>You can reach Merter by passing from YHT or Marmaray line, from S\u00f6\u011f\u00fctl\u00fc\u00e7e\u015fme station to Metrob\u00fcs line or from Yenikap\u0131 station to Metro line. Merter metro and metrobus stations are 5 minutes walk from our hotel.<\/p>\n<p><strong>By air<\/strong><\/p>\n<p>From Istanbul Airport , You can reach the &#8220;otogar&#8221; (intercity bus station) by Havaist buses and from &#8220;otogar&#8221; by metro to Merter. Merter metro station is just 5-minute walking away from our hotel. Or take the metro to gayrettepe station, and  pass to the metrobus line. You can come to Merter station by metrobus.<\/p>\n<p>From Sabiha Gokcen Airport, You can take metro to the Unalan station, and pass to the metrobus line. You can come to Merter station by metrobus. <\/p>\n<p>You can buy istanbulcard to use the public transportations from kiosks at the enterance of stations.<\/p>\n<p><strong>By car<\/strong><\/p>\n<p>\u00b7 Coming from West direction take E-5 ( D100 ) highway direction to ANKARA exit at \u2018\u2019 MERTER\u2019\u2019 stay on the right till MERTER Sign and make a right, follow the street till Migros and turn left ( Nadide street ) than turn the right to the first street GUNAY street.<br \/>\n\u00b7 Coming from East direction take E-5 ( D100 ) Highway direction ED\u0130RNE, exit at MERTER stay on the right till MERTER sign and turn right just before Migros at the traffic lights, turn left after 50 meter street will lead towards a right turn Nadide street turn right to the first street Gunay street.<\/p>\n<p><a href=\"https:\/\/www.kisa.link\/LZYF\">Location for Google<\/a> \/ <a href=\"https:\/\/www.kisa.link\/LZYG\">Location for Apple<\/a><\/p>\n<p style=\"text-align: center;\"><strong style=\"text-align: center; font-size: 18px;\">Distances<\/strong><\/p>\n<div class=\"six columns block\">\n<div class=\"six columns block\"><strong>SHOPPING CENTERS<\/strong><\/div>\n<div class=\"six columns block\"><strong>Marmara Forum:<\/strong> 1 km<br \/>\n<strong>Kale Outlet Center: <\/strong> 2 km<br \/>\n<strong>Olivium Outlet Center: <\/strong> 3 km<br \/>\n<strong>Metroport:<\/strong> 4 km<br \/>\n<strong>Kadir Has \u00c7ocuk D\u00fcnyasi:<\/strong> 4 km<br \/>\n<strong>Capacity: <\/strong> 5 km<br \/>\n<strong>Carousel: <\/strong> 5 km<br \/>\n<strong>Historia:<\/strong> 5 km<br \/>\n<strong>Galleria :<\/strong> 5 km<br \/>\n<strong>Forum Istanbul: <\/strong> 6 km<br \/>\n<strong>Town Center: <\/strong> 8 km<br \/>\n<strong>Atrium:<\/strong> 9 km<br \/>\n<strong>Flyinn:<\/strong> 11 km<br \/>\n<strong>Cevahir Istanbul:<\/strong> 13 km<\/div>\n<div><\/div>\n<div class=\"six columns block\"><strong>FUN<\/strong><\/div>\n<div class=\"six columns block\"><strong>Vialand:<\/strong> 5 km<br \/>\n<strong>Princess Islands:<\/strong> 5 km<br \/>\n<strong>Juras\u0131c Park:<\/strong> 5 km<br \/>\n<strong>Feshane:<\/strong> 7 km<br \/>\n<strong>Istiklal Street:<\/strong> 10 km<br \/>\n<strong>French St. \/ Algerian St.:<\/strong> 10 km<br \/>\n<strong>Istanbul Aquarium :<\/strong> 11 km<\/div>\n<div><\/div>\n<div class=\"six columns block\"><strong>MUSEUMS<\/strong><\/div>\n<div class=\"six columns block\"><strong>Panorama 1453 Conquest Museum:<\/strong> 3 km<br \/>\n<strong>Tekfur Palace:<\/strong> 6 km<br \/>\n<strong>Kariye Museum:<\/strong> 6 km<br \/>\n<strong>Fethiye Museum:<\/strong> 6 km<br \/>\n<strong>Topkapi Palace:<\/strong> 8 km<br \/>\n<strong>Istanbul Archaeological Museums:<\/strong> 8 km<br \/>\n<strong>Turkish And Islamic Arts Museum:<\/strong> 8 km<br \/>\n<strong>Miniat\u00fcrk :<\/strong> 8 km<br \/>\n<strong>Rahmi Ko\u00e7 Museum :<\/strong> 8 km<br \/>\n<strong>Istanbul Modern Art Museum: <\/strong> 10 km<br \/>\n<strong>Dolmabah\u00e7e Palace:<\/strong> 12 km<br \/>\n<strong>Yildiz Palace: <\/strong> 14 km<br \/>\n<strong>\u00c7ira\u011fan Palace: <\/strong> 14 km<\/div>\n<div><\/div>\n<div class=\"six columns block\"><strong>HISTORICAL PLACES<\/strong><\/div>\n<div class=\"six columns block\"><strong>The Dungeons Of Yedikule:<\/strong> 4 km<br \/>\n<strong>Covered Bazaar:<\/strong> 7 km<br \/>\n<strong>Beyazit Tower: <\/strong> 7 km<br \/>\n<strong>Obelisk:<\/strong> 7 km<br \/>\n<strong>Pierre Loti:<\/strong> 7 km<br \/>\n<strong>Ayasofya Museum :<\/strong> 8 km<br \/>\n<strong>Basilica Cistern:<\/strong> 8 km<br \/>\n<strong>Galata Tower:<\/strong> 8 km<br \/>\n<strong>Egyptian Bazaar:<\/strong> 8 km<br \/>\n<strong>G\u00fclhane Park:<\/strong> 8 km<br \/>\n<strong>German Fountain:<\/strong> 8 km<br \/>\n<strong>Maiden Tower:<\/strong> 12 km<\/div>\n<div><\/div>\n<div class=\"six columns block\"><strong>SPORT CENTERS<\/strong><\/div>\n<div class=\"six columns block\"><strong>Toazkoparan Sport Hall:<\/strong> 1 km<br \/>\n<strong>veli Efendi Hypodrom:<\/strong> 2 km<br \/>\n<strong>Abdi Ipek\u00e7i Sport Hall:<\/strong> 3 km<br \/>\n<strong>Sinan Erdem Sport Hall:<\/strong> 5 km<br \/>\n<strong>Ahmet C\u00f6mert Sport Hall:<\/strong> 5 km<br \/>\n<strong>In\u00f6n\u00fc Stadium:<\/strong> 11 km<br \/>\n<strong>Olimpiade Stadium:<\/strong> 17 km<br \/>\n<strong>T\u00fcrk Telekom Arena:<\/strong> 17 km<br \/>\n<strong>Ayhan \u015eahenk Sport Hall:<\/strong> 21 km<br \/>\n<strong>\u015e\u00fckr\u00fc Sara\u00e7o\u011flu Stadium:<\/strong> 27 km<br \/>\n<strong>Istanbul Park:<\/strong> 60 km<\/div>\n<div><\/div>\n<div class=\"six columns block\"><strong>MOSQUES<\/strong><\/div>\n<div class=\"six columns block\"><strong>Ey\u00fcp Sultan Mosque:<\/strong> 6 km<br \/>\n<strong>S\u00fcleymaniye Mosque:<\/strong> 7 km<br \/>\n<strong>Beyazit Mosque:<\/strong> 7 km<br \/>\n<strong>Sultan Ahmet Mosque \/ Blue Mosque:<\/strong> 8 km<br \/>\n<strong>Little Hagia Sophia Mosque:<\/strong> 8 km<br \/>\n<strong>Ortak\u00f6y Mosque:<\/strong> 14 km<\/div>\n<div><\/div>\n<div class=\"six columns block\"><strong>SYNAGOGUES<\/strong><\/div>\n<div class=\"six columns block\"><strong>Ahrida Synagogue:<\/strong> 6 km<br \/>\n<strong>Italian Synagogue:<\/strong> 8 km<br \/>\n<strong>Neve Shalom Synagogue:<\/strong> 8 km<br \/>\n<strong>A\u015fkenazi Synagogue:<\/strong> 9 km<br \/>\n<strong>Z\u00fclfaris Synagogue (Jewish Museum Of Turkey):<\/strong> 9 km<br \/>\n<strong>Etz Ahayim Synagogue:<\/strong> 14 km<\/div>\n<div><\/div>\n<div class=\"six columns block\"><strong>CHURCHES<\/strong><\/div>\n<div class=\"six columns block\"><strong>Kariye (Chora) Church:<\/strong> 6 km<br \/>\n<strong>Meryem Ana Nativite Catholic Church:<\/strong> 6 km<br \/>\n<strong>Aya Yorgi Fener Greek Orthodox Patrikhanesi Church:<\/strong> 7 km<br \/>\n<strong>Sankt Georg Monastery And Church:<\/strong> 7 km<br \/>\n<strong>Stephan (Bulgarian) Church:<\/strong> 7 km<br \/>\n<strong>Surp Anarad Higutyun Ermeni Catholic Church:<\/strong> 7 km<br \/>\n<strong>K\u00fc\u00e7\u00fck Ayasofya Mosque &#8211; Ss. Sergius ve Bacchus Church:<\/strong> 8 km<br \/>\n<strong>Anglikan Church (Kirim Church):<\/strong> 9 km<br \/>\n<strong>Lutherien Protestan Church:<\/strong> 9 km<br \/>\n<strong>Aya Triada Rum Catholic Church:<\/strong> 10 km<br \/>\n<strong>Ayos Pantelemon Greek Orthodox Church:<\/strong> 10 km<\/div>\n<div><\/div>\n<div class=\"six columns block\"><strong>HOSPITAL<\/strong><\/div>\n<div class=\"six columns block\"><strong>MEMOR\u0130AL H\u0130ZMET HASTANES\u0130<\/strong>: 1,5 km<br \/>\n<strong>T\u00dcRK B\u00d6BREK VAKFI<\/strong>: 1,5 km<br \/>\n<strong>AVRASYA HOSP\u0130TAL<\/strong>: 2 km<br \/>\n<strong>SANTE PLUS<\/strong>: 2 km<br \/>\n<strong>ETH\u0130CA \u0130NC\u0130RL\u0130<\/strong>: 2,5 km<br \/>\n<strong>\u0130STANBUL G\u00d6Z HASTANES\u0130<\/strong>: 3 km<br \/>\n<strong>B.EVLER MED\u0130CANA D\u0130\u015e HASTANES\u0130<\/strong>: 3 km<br \/>\n<strong>YED\u0130KULE G\u00d6\u011e\u00dcS HASTALIKLARI<\/strong>: 3 km<br \/>\n<strong>BALIKLI RUM<\/strong>: 3 km<br \/>\n<strong>\u00d6ZEL SURP P\u0130RG\u0130\u00c7<\/strong>: 3 km<br \/>\n<strong>BAKIRK\u00d6Y DEVLET HASTANES\u0130<\/strong>: 3 km<br \/>\n<strong>MED\u0130CAL PARK<\/strong>: 3 km<br \/>\n<strong>ACIBADEM BAKIRK\u00d6Y<\/strong>: 4 km<br \/>\n<strong>D\u00dcNYA G\u00d6Z HASTANES\u0130<\/strong>: 5 km<br \/>\n<strong>ACIBADEM \u0130NTERNAT\u0130ONAL<\/strong>: 8 km<br \/>\n<strong>L\u0130V HOSP\u0130TAL<\/strong>: 15 km<\/div>\n<\/div>\n<p><\/p>","protected":false},"excerpt":{"rendered":"<p>&nbsp; &nbsp; 4-star Gunes Hotel is located west of the Bosphorus and only 7 km from the \u2018Old City,\u2019 historic center of Istanbul, a UNESCO \u2018World Heritage Site.\u2019 Our hotel is located in Merter, a lively area ideal for shopping, well connected by bus and subway and convenient to the trade fair, the convention and &hellip; <a href=\"https:\/\/guneshotel.com.tr\/en\/location\/\" class=\"more-link\">Continue reading <span class=\"screen-reader-text\">Location<\/span><\/a><\/p>\n","protected":false},"author":1,"featured_media":0,"parent":0,"menu_order":0,"comment_status":"closed","ping_status":"closed","template":"homenoslider.php","meta":{"footnotes":""},"class_list":["post-24","page","type-page","status-publish","hentry","gallery-content-unit"],"aioseo_notices":[],"_links":{"self":[{"href":"https:\/\/guneshotel.com.tr\/en\/wp-json\/wp\/v2\/pages\/24","targetHints":{"allow":["GET"]}}],"collection":[{"href":"https:\/\/guneshotel.com.tr\/en\/wp-json\/wp\/v2\/pages"}],"about":[{"href":"https:\/\/guneshotel.com.tr\/en\/wp-json\/wp\/v2\/types\/page"}],"author":[{"embeddable":true,"href":"https:\/\/guneshotel.com.tr\/en\/wp-json\/wp\/v2\/users\/1"}],"replies":[{"embeddable":true,"href":"https:\/\/guneshotel.com.tr\/en\/wp-json\/wp\/v2\/comments?post=24"}],"version-history":[{"count":107,"href":"https:\/\/guneshotel.com.tr\/en\/wp-json\/wp\/v2\/pages\/24\/revisions"}],"predecessor-version":[{"id":2261,"href":"https:\/\/guneshotel.com.tr\/en\/wp-json\/wp\/v2\/pages\/24\/revisions\/2261"}],"wp:attachment":[{"href":"https:\/\/guneshotel.com.tr\/en\/wp-json\/wp\/v2\/media?parent=24"}],"curies":[{"name":"wp","href":"https:\/\/api.w.org\/{rel}","templated":true}]}}