{"id":2,"date":"2015-05-28T11:45:07","date_gmt":"2015-05-28T11:45:07","guid":{"rendered":"http:\/\/guneshotel.com.tr\/?page_id=2"},"modified":"2025-01-07T19:06:18","modified_gmt":"2025-01-07T16:06:18","slug":"sample-page","status":"publish","type":"page","link":"https:\/\/guneshotel.com.tr\/es\/","title":{"rendered":"Gunes Hotel"},"content":{"rendered":"<p><\/p>\n<div class=\"four columns block\">\n<h2 class=\"title\">Habitaciones<\/h2>\n<p><a href=\"http:\/\/guneshotel.com.tr\/es\/rooms\/\"><img decoding=\"async\" class=\"image\" src=\"http:\/\/guneshotel.com.tr\/wp-content\/themes\/guneshotel\/images\/room1.jpg\" alt=\"Habitaciones\" \/><\/a><\/p>\n<div class=\"row collapse\">\n<div class=\"introtext\">\n<p>Las 130 acogedoras habitaciones del Gunes Hotel 4 estrellas de Estambul son todas diferentes en mobiliario y dimensiones y cuentan con todas las comodidades, son espaciosas y acogedoras y algunas de ellas, accesibles para los hu\u00e9spedes discapacitados.<\/p>\n<ul>\n<li>Compact Single (peque\u00f1a, para 1 persona)<\/li>\n<li>Luxury Single (para 1 persona)<\/li>\n<li>Luxury Double (para 2 personas)<\/li>\n<li>Luxury Twin (para 2 personas)<\/li>\n<li>Luxury Triple (para 3 personas)<\/li>\n<\/ul>\n<\/div>\n<\/div>\n<div class=\"row collapse actions\"><a class=\"right more\" href=\"http:\/\/guneshotel.com.tr\/es\/rooms\/\">read more<br \/>\n<\/a><\/p>\n<div class=\"arrow right\"><\/div>\n<\/div>\n<\/div>\n<div class=\"four columns block\">\n<h2 class=\"title\">Restaurante y Bar<\/h2>\n<p><a href=\"http:\/\/guneshotel.com.tr\/es\/restaurant-bar\/\"><img decoding=\"async\" class=\"image\" src=\"http:\/\/guneshotel.com.tr\/wp-content\/themes\/guneshotel\/images\/room2.jpg\" alt=\"Restaurante y Bar\" \/><\/a><\/p>\n<div class=\"row collapse\">\n<div class=\"introtext\">\n<p>Ubicado en Merter, el coraz\u00f3n de la producci\u00f3n textil, el hotel G\u00fcne\u015f es un lugar ideal para relajarse despu\u00e9s de un d\u00eda agotador o para un descanso de medio d\u00eda con sus 2 restaurantes y 1 bar.<\/p>\n<ul>\n<li>Restaurante Neptun<\/li>\n<li>Restaurante Venus<\/li>\n<li>Y\u0131ld\u0131z Bar<\/li>\n<\/ul>\n<\/div>\n<\/div>\n<div class=\"row collapse actions\"><a class=\"right more\" href=\"http:\/\/guneshotel.com.tr\/es\/restaurant-bar\/\">read more<br \/>\n<\/a><\/p>\n<div class=\"arrow right\"><\/div>\n<\/div>\n<\/div>\n<div class=\"four columns block\">\n<h2 class=\"title\">Facilities<\/h2>\n<p><a href=\"http:\/\/guneshotel.com.tr\/es\/meetings\/\"><img decoding=\"async\" class=\"image\" src=\"http:\/\/guneshotel.com.tr\/wp-content\/themes\/guneshotel\/images\/room3.jpg\" alt=\"Overlooking Elia Beach\" \/><\/a><\/p>\n<div class=\"row collapse\">\n<div class=\"introtext\">\n<p>El Hotel Gunes de 4 estrellas de Estambul pone a su disposici\u00f3n dos amplias y elegantes salas de reuniones, espacios que se adaptan a cualquier evento: reuniones, encuentros de trabajo, banquetes.<\/p>\n<ul>\n<li>SALA B-6<\/li>\n<li>SALA BANQUET<\/li>\n<\/ul>\n<\/div>\n<\/div>\n<div class=\"row collapse actions\"><a class=\"right more\" href=\"http:\/\/guneshotel.com.tr\/es\/meetings\/\">read more<br \/>\n<\/a><\/p>\n<div class=\"arrow right\"><\/div>\n<\/div>\n<\/div>\n<p><\/p>","protected":false},"excerpt":{"rendered":"<p>Habitaciones Las 130 acogedoras habitaciones del Gunes Hotel 4 estrellas de Estambul son todas diferentes en mobiliario y dimensiones y cuentan con todas las comodidades, son espaciosas y acogedoras y algunas de ellas, accesibles para los hu\u00e9spedes discapacitados. Compact Single (peque\u00f1a, para 1 persona) Luxury Single (para 1 persona) Luxury Double (para 2 personas) Luxury &hellip; <a href=\"https:\/\/guneshotel.com.tr\/es\/\" class=\"more-link\">Continue reading <span class=\"screen-reader-text\">Gunes Hotel<\/span><\/a><\/p>\n","protected":false},"author":1,"featured_media":0,"parent":0,"menu_order":0,"comment_status":"closed","ping_status":"closed","template":"home.php","meta":{"footnotes":""},"class_list":["post-2","page","type-page","status-publish","hentry","gallery-content-unit"],"aioseo_notices":[],"_links":{"self":[{"href":"https:\/\/guneshotel.com.tr\/es\/wp-json\/wp\/v2\/pages\/2","targetHints":{"allow":["GET"]}}],"collection":[{"href":"https:\/\/guneshotel.com.tr\/es\/wp-json\/wp\/v2\/pages"}],"about":[{"href":"https:\/\/guneshotel.com.tr\/es\/wp-json\/wp\/v2\/types\/page"}],"author":[{"embeddable":true,"href":"https:\/\/guneshotel.com.tr\/es\/wp-json\/wp\/v2\/users\/1"}],"replies":[{"embeddable":true,"href":"https:\/\/guneshotel.com.tr\/es\/wp-json\/wp\/v2\/comments?post=2"}],"version-history":[{"count":111,"href":"https:\/\/guneshotel.com.tr\/es\/wp-json\/wp\/v2\/pages\/2\/revisions"}],"predecessor-version":[{"id":2118,"href":"https:\/\/guneshotel.com.tr\/es\/wp-json\/wp\/v2\/pages\/2\/revisions\/2118"}],"wp:attachment":[{"href":"https:\/\/guneshotel.com.tr\/es\/wp-json\/wp\/v2\/media?parent=2"}],"curies":[{"name":"wp","href":"https:\/\/api.w.org\/{rel}","templated":true}]}}