{"id":2,"date":"2015-05-28T11:45:07","date_gmt":"2015-05-28T11:45:07","guid":{"rendered":"http:\/\/guneshotel.com.tr\/?page_id=2"},"modified":"2025-01-07T19:06:18","modified_gmt":"2025-01-07T16:06:18","slug":"sample-page","status":"publish","type":"page","link":"https:\/\/guneshotel.com.tr\/fr\/","title":{"rendered":"Gunes Hotel"},"content":{"rendered":"<p><\/p>\n<div class=\"four columns block\">\n<h2 class=\"title\">Chambres<\/h2>\n<p><a href=\"http:\/\/guneshotel.com.tr\/fr\/rooms\/\"><img decoding=\"async\" class=\"image\" src=\"http:\/\/guneshotel.com.tr\/wp-content\/themes\/guneshotel\/images\/room1.jpg\" alt=\"Chambres\" \/><\/a><\/p>\n<div class=\"row collapse\">\n<div class=\"introtext\">\n<p>Les 130 chambres conviviales de l&rsquo;H\u00f4tel Gunes 4 \u00e9toiles d&rsquo;Istanbul sont toutes diff\u00e9rentes. Dot\u00e9es de tout le confort, elles sont spacieuses et accueillantes ; certaines sont \u00e9quip\u00e9es pour les personnes \u00e0 mobilit\u00e9 r\u00e9duite.<\/p>\n<ul>\n<li>Simple, cat\u00e9gorie standard (une petite chambre pour 1 personne)<\/li>\n<li>Simple, cat\u00e9gorie Luxe (pour 1 personne)<\/li>\n<li>Double, cat\u00e9gorie Luxe (pour 2 personnes)<\/li>\n<li>Double, \u00e0 grand lit (pour 2 personnes)<\/li>\n<li>Triple, cat\u00e9gorie Luxe (pour 3 personnes)<\/li>\n<\/ul>\n<\/div>\n<\/div>\n<div class=\"row collapse actions\"><a class=\"right more\" href=\"http:\/\/guneshotel.com.tr\/fr\/rooms\/\">read more<br \/>\n<\/a><\/p>\n<div class=\"arrow right\"><\/div>\n<\/div>\n<\/div>\n<div class=\"four columns block\">\n<h2 class=\"title\">Restaurant et Bar<\/h2>\n<p><a href=\"http:\/\/guneshotel.com.tr\/fr\/restaurant-bar\/\"><img decoding=\"async\" class=\"image\" src=\"http:\/\/guneshotel.com.tr\/wp-content\/themes\/guneshotel\/images\/room2.jpg\" alt=\"Restaurant et Bar\" \/><\/a><\/p>\n<div class=\"row collapse\">\n<div class=\"introtext\">\n<p>Situ\u00e9 \u00e0 Merter, le c\u0153ur de la production textile, le G\u00fcne\u015f Hotel est un endroit id\u00e9al pour se d\u00e9tendre apr\u00e8s une journ\u00e9e fatigante ou pour une pause de midi avec ses 2 restaurants et 1 bar.<\/p>\n<ul>\n<li>Restaurant Neptun<\/li>\n<li>Restaurant Venus<\/li>\n<li>Y\u0131ld\u0131z Bar<\/li>\n<\/ul>\n<\/div>\n<\/div>\n<div class=\"row collapse actions\"><a class=\"right more\" href=\"http:\/\/guneshotel.com.tr\/fr\/restaurant-bar\/\">read more<br \/>\n<\/a><\/p>\n<div class=\"arrow right\"><\/div>\n<\/div>\n<\/div>\n<div class=\"four columns block\">\n<h2 class=\"title\">Facilities<\/h2>\n<p><a href=\"http:\/\/guneshotel.com.tr\/fr\/meetings\/\"><img decoding=\"async\" class=\"image\" src=\"http:\/\/guneshotel.com.tr\/wp-content\/themes\/guneshotel\/images\/room3.jpg\" alt=\"Overlooking Elia Beach\" \/><\/a><\/p>\n<div class=\"row collapse\">\n<div class=\"introtext\">\n<p>L&rsquo;H\u00f4tel Gunes 4 \u00e9toiles d&rsquo; Istanbul met \u00e0 la disposition de ses clients 2 salles de r\u00e9union spacieuses et \u00e9l\u00e9gantes pour l&rsquo;organisation de tous leurs \u00e9v\u00e9nements : r\u00e9unions, conf\u00e9rences de travail, banquets.<\/p>\n<ul>\n<li>SALLE B-6<\/li>\n<li>SALLE BANQUET<\/li>\n<\/ul>\n<\/div>\n<\/div>\n<div class=\"row collapse actions\"><a class=\"right more\" href=\"http:\/\/guneshotel.com.tr\/fr\/meetings\/\">read more<br \/>\n<\/a><\/p>\n<div class=\"arrow right\"><\/div>\n<\/div>\n<\/div>\n<p><\/p>","protected":false},"excerpt":{"rendered":"<p>Chambres Les 130 chambres conviviales de l&rsquo;H\u00f4tel Gunes 4 \u00e9toiles d&rsquo;Istanbul sont toutes diff\u00e9rentes. Dot\u00e9es de tout le confort, elles sont spacieuses et accueillantes ; certaines sont \u00e9quip\u00e9es pour les personnes \u00e0 mobilit\u00e9 r\u00e9duite. Simple, cat\u00e9gorie standard (une petite chambre pour 1 personne) Simple, cat\u00e9gorie Luxe (pour 1 personne) Double, cat\u00e9gorie Luxe (pour 2 personnes) &hellip; <a href=\"https:\/\/guneshotel.com.tr\/fr\/\" class=\"more-link\">Continue reading <span class=\"screen-reader-text\">Gunes Hotel<\/span><\/a><\/p>\n","protected":false},"author":1,"featured_media":0,"parent":0,"menu_order":0,"comment_status":"closed","ping_status":"closed","template":"home.php","meta":{"footnotes":""},"class_list":["post-2","page","type-page","status-publish","hentry","gallery-content-unit"],"aioseo_notices":[],"_links":{"self":[{"href":"https:\/\/guneshotel.com.tr\/fr\/wp-json\/wp\/v2\/pages\/2","targetHints":{"allow":["GET"]}}],"collection":[{"href":"https:\/\/guneshotel.com.tr\/fr\/wp-json\/wp\/v2\/pages"}],"about":[{"href":"https:\/\/guneshotel.com.tr\/fr\/wp-json\/wp\/v2\/types\/page"}],"author":[{"embeddable":true,"href":"https:\/\/guneshotel.com.tr\/fr\/wp-json\/wp\/v2\/users\/1"}],"replies":[{"embeddable":true,"href":"https:\/\/guneshotel.com.tr\/fr\/wp-json\/wp\/v2\/comments?post=2"}],"version-history":[{"count":111,"href":"https:\/\/guneshotel.com.tr\/fr\/wp-json\/wp\/v2\/pages\/2\/revisions"}],"predecessor-version":[{"id":2118,"href":"https:\/\/guneshotel.com.tr\/fr\/wp-json\/wp\/v2\/pages\/2\/revisions\/2118"}],"wp:attachment":[{"href":"https:\/\/guneshotel.com.tr\/fr\/wp-json\/wp\/v2\/media?parent=2"}],"curies":[{"name":"wp","href":"https:\/\/api.w.org\/{rel}","templated":true}]}}