{"id":24,"date":"2015-05-28T12:31:04","date_gmt":"2015-05-28T12:31:04","guid":{"rendered":"http:\/\/guneshotel.com.tr\/?page_id=24"},"modified":"2025-12-21T18:33:27","modified_gmt":"2025-12-21T15:33:27","slug":"location","status":"publish","type":"page","link":"https:\/\/guneshotel.com.tr\/fr\/location\/","title":{"rendered":"Situation"},"content":{"rendered":"<p><\/p>\n<div class=\"google-maps\"><iframe loading=\"lazy\" src=\"https:\/\/www.google.com\/maps\/d\/u\/0\/embed?mid=1UukblVkn1lHLNV936_XOgUUH7VY\" width=\"640\" height=\"480\"><\/iframe><\/div>\n<hr \/>\n<div id='gallery-4' class='gallery galleryid-24 gallery-columns-3 gallery-size-thumbnail'><figure class='gallery-item'>\n\t\t\t<div class='gallery-icon landscape'>\n\t\t\t\t<a href=\"https:\/\/guneshotel.com.tr\/wp-content\/uploads\/2023\/03\/NETWORK-2023-V2-scaled.jpg\" title=\"NETWORK 2023 V2\" data-description=\"\"><img loading=\"lazy\" decoding=\"async\" width=\"150\" height=\"150\" src=\"https:\/\/guneshotel.com.tr\/wp-content\/uploads\/2023\/03\/NETWORK-2023-V2-150x150.jpg\" class=\"attachment-thumbnail size-thumbnail\" alt=\"\"><\/a>\n\t\t\t<\/div><\/figure><figure class='gallery-item'>\n\t\t\t<div class='gallery-icon portrait'>\n\t\t\t\t<a href=\"https:\/\/guneshotel.com.tr\/wp-content\/uploads\/2015\/05\/GH-ON-MAPS.jpg\" title=\"Gunes Hotel On Map\" data-description=\"Gunes Hotel On Map\"><img loading=\"lazy\" decoding=\"async\" width=\"150\" height=\"150\" src=\"https:\/\/guneshotel.com.tr\/wp-content\/uploads\/2015\/05\/GH-ON-MAPS-150x150.jpg\" class=\"attachment-thumbnail size-thumbnail\" alt=\"Gunes Hotel On Map\"><\/a>\n\t\t\t<\/div><\/figure>\n\t\t<\/div>\n\n<p>&nbsp;<\/p>\n<p>Le Gunes Hotel 4 \u00e9toiles est situ\u00e9 \u00e0 l&rsquo;ouest du Bosphore et \u00e0 seulement 7 km de la \u00abvieille ville\u00bb, le centre historique d&rsquo;Istanbul, un \u00absite du patrimoine mondial de l&rsquo;UNESCO\u00bb.<\/p>\n<p>L&rsquo;h\u00f4tel est situ\u00e9 \u00e0 Merter, un quartier anim\u00e9, id\u00e9al pour le shopping et bien desservi par le m\u00e9tro qui permet de rejoindre facilement le parc des expositions, le centre de congr\u00e8s et les si\u00e8ges des entreprises textiles. C&rsquo;est la raison pour laquelle l&rsquo;H\u00f4tel Gunes est id\u00e9al pour les voyages d&rsquo;affaires ou d&rsquo;agr\u00e9ment.<\/p>\n<p>Istanbul est une ville splendide donnant sur le Bosphore : ce fascinant d\u00e9troit s\u00e9pare l&rsquo;occident et l&rsquo;orient abrite de nombreuses beaut\u00e9s naturelles. Des bateaux partent du quartier d&rsquo;Eminonu et desservent successivement la rive asiatique et la rive europ\u00e9enne.<\/p>\n<p>Avec ses nombreux monuments et son patrimoine historique, h\u00e9rit\u00e9 d&rsquo;une civilisation s\u00e9culaire, Istanbul qui est aujourd&rsquo;hui tourn\u00e9e vers l&rsquo;avenir a \u00e9t\u00e9 r\u00e9cemment inscrite parmi les capitales europ\u00e9ennes de la culture pour l&rsquo;ann\u00e9e 2010.<\/p>\n<p><strong>Principales Distances<\/strong><\/p>\n<p>\u00b7 7 km des principaux parcs des expositions (CNR, World Trade Center)<br \/>\n\u00b7 7 km du centre historique (Sultan Ahmet, Beyazit Square, Sirkeci)<br \/>\n\u00b7 12 km du centre ville (Taksim)<\/p>\n<p><strong>En train<\/strong><\/p>\n<p>Vous pouvez rejoindre Merter en passant de la ligne YHT ou Marmaray, de la station Sogutlucesme \u00e0 la ligne Metrobus ou de la station Yenikap\u0131 \u00e0 la ligne Metro. Les stations de m\u00e9tro et de m\u00e9trobus Merter sont \u00e0 5 minutes \u00e0 pied de notre h\u00f4tel.<\/p>\n<p><strong>En avion<\/strong><\/p>\n<p>Depuis l&rsquo;a\u00e9roport d&rsquo;Istanbul, vous pouvez rejoindre la gare routi\u00e8re interurbaine en bus Havaist et depuis la gare en m\u00e9tro jusqu&rsquo;\u00e0 Merter. La station de m\u00e9tro Merter se trouve \u00e0 seulement 5 minutes \u00e0 pied de notre h\u00f4tel. Vous pouvez \u00e9galement prendre le m\u00e9tro jusqu&rsquo;\u00e0 la station Gayrettepe et prendre la ligne de m\u00e9trobus. Vous pouvez vous rendre \u00e0 la station Merter en m\u00e9trobus.<\/p>\n<p>Depuis l&rsquo;a\u00e9roport Sabiha Gokcen, vous pouvez prendre le m\u00e9tro jusqu&rsquo;\u00e0 la station Unalan et prendre la ligne de m\u00e9trobus. Vous pouvez vous rendre \u00e0 la station Merter en m\u00e9trobus.<\/p>\n<p>Vous pouvez acheter une istanbulcard pour utiliser les transports en commun dans les kiosques \u00e0 l&rsquo;entr\u00e9e des stations.<br \/>\n<strong>En voiture<\/strong><\/p>\n<p>Si vous venez en voiture, prenez l&rsquo;autoroute E-5 (D100) en direction d&rsquo;Ankara. Prenez la sortie &lsquo;Merter&rsquo; et tournez \u00e0 gauche en vous dirigeant vers le supermarch\u00e9 Migros o\u00f9 vous prendrez \u00e0 gauche. Au bout d&rsquo;une vingtaine de m\u00e8tres, tournez \u00e0 droite, puis \u00e0 gauche o\u00f9 se trouve notre \u00e9tablissement. Si vous voyagez en direction d&rsquo;Edirne, prenez la sortie &lsquo;Merter&rsquo;. Dirigez-vous jusqu&rsquo;au supermarch\u00e9 Migros, tournez \u00e0 droite, puis \u00e0 nouveau \u00e0 droite, puis \u00e0 gauche o\u00f9 se trouve notre \u00e9tablissement.<\/p>\n<p><a href=\"https:\/\/www.kisa.link\/LZYF\">Emplacement pour Google<\/a> \/ <a href=\"https:\/\/www.kisa.link\/LZYG\">Emplacement pour Apple<\/a><\/p>\n<p style=\"text-align: center;\"><strong style=\"text-align: center; font-size: 18px;\">Distances<\/strong><\/p>\n<div class=\"six columns block\">\n<div class=\"six columns block\"><strong>SHOPPING CENTERS<\/strong><\/div>\n<div class=\"six columns block\"><strong>Marmara Forum:<\/strong> 1 km<br \/>\n<strong>Kale Outlet Center: <\/strong> 2 km<br \/>\n<strong>Olivium Outlet Center: <\/strong> 3 km<br \/>\n<strong>Metroport:<\/strong> 4 km<br \/>\n<strong>Kadir Has \u00c7ocuk D\u00fcnyasi:<\/strong> 4 km<br \/>\n<strong>Capacity: <\/strong> 5 km<br \/>\n<strong>Carousel: <\/strong> 5 km<br \/>\n<strong>Historia:<\/strong> 5 km<br \/>\n<strong>Galleria :<\/strong> 5 km<br \/>\n<strong>Forum Istanbul: <\/strong> 6 km<br \/>\n<strong>Town Center: <\/strong> 8 km<br \/>\n<strong>Atrium:<\/strong> 9 km<br \/>\n<strong>Flyinn:<\/strong> 11 km<br \/>\n<strong>Cevahir Istanbul:<\/strong> 13 km<\/div>\n<div><\/div>\n<div class=\"six columns block\"><strong>FUN<\/strong><\/div>\n<div class=\"six columns block\"><strong>Vialand:<\/strong> 5 km<br \/>\n<strong>Princess Islands:<\/strong> 5 km<br \/>\n<strong>Juras\u0131c Park:<\/strong> 5 km<br \/>\n<strong>Feshane:<\/strong> 7 km<br \/>\n<strong>Istiklal Street:<\/strong> 10 km<br \/>\n<strong>French St. \/ Algerian St.:<\/strong> 10 km<br \/>\n<strong>Istanbul Aquarium :<\/strong> 11 km<\/div>\n<div><\/div>\n<div class=\"six columns block\"><strong>MUSEUMS<\/strong><\/div>\n<div class=\"six columns block\"><strong>Panorama 1453 Conquest Museum:<\/strong> 3 km<br \/>\n<strong>Tekfur Palace:<\/strong> 6 km<br \/>\n<strong>Kariye Museum:<\/strong> 6 km<br \/>\n<strong>Fethiye Museum:<\/strong> 6 km<br \/>\n<strong>Topkapi Palace:<\/strong> 8 km<br \/>\n<strong>Istanbul Archaeological Museums:<\/strong> 8 km<br \/>\n<strong>Turkish And Islamic Arts Museum:<\/strong> 8 km<br \/>\n<strong>Miniat\u00fcrk :<\/strong> 8 km<br \/>\n<strong>Rahmi Ko\u00e7 Museum :<\/strong> 8 km<br \/>\n<strong>Istanbul Modern Art Museum: <\/strong> 10 km<br \/>\n<strong>Dolmabah\u00e7e Palace:<\/strong> 12 km<br \/>\n<strong>Yildiz Palace: <\/strong> 14 km<br \/>\n<strong>\u00c7ira\u011fan Palace: <\/strong> 14 km<\/div>\n<div><\/div>\n<div class=\"six columns block\"><strong>HISTORICAL PLACES<\/strong><\/div>\n<div class=\"six columns block\"><strong>The Dungeons Of Yedikule:<\/strong> 4 km<br \/>\n<strong>Covered Bazaar:<\/strong> 7 km<br \/>\n<strong>Beyazit Tower: <\/strong> 7 km<br \/>\n<strong>Obelisk:<\/strong> 7 km<br \/>\n<strong>Pierre Loti:<\/strong> 7 km<br \/>\n<strong>Ayasofya Museum :<\/strong> 8 km<br \/>\n<strong>Basilica Cistern:<\/strong> 8 km<br \/>\n<strong>Galata Tower:<\/strong> 8 km<br \/>\n<strong>Egyptian Bazaar:<\/strong> 8 km<br \/>\n<strong>G\u00fclhane Park:<\/strong> 8 km<br \/>\n<strong>German Fountain:<\/strong> 8 km<br \/>\n<strong>Maiden Tower:<\/strong> 12 km<\/div>\n<div><\/div>\n<div class=\"six columns block\"><strong>SPORT CENTERS<\/strong><\/div>\n<div class=\"six columns block\"><strong>Toazkoparan Sport Hall:<\/strong> 1 km<br \/>\n<strong>veli Efendi Hypodrom:<\/strong> 2 km<br \/>\n<strong>Abdi Ipek\u00e7i Sport Hall:<\/strong> 3 km<br \/>\n<strong>Sinan Erdem Sport Hall:<\/strong> 5 km<br \/>\n<strong>Ahmet C\u00f6mert Sport Hall:<\/strong> 5 km<br \/>\n<strong>In\u00f6n\u00fc Stadium:<\/strong> 11 km<br \/>\n<strong>Olimpiade Stadium:<\/strong> 17 km<br \/>\n<strong>T\u00fcrk Telekom Arena:<\/strong> 17 km<br \/>\n<strong>Ayhan \u015eahenk Sport Hall:<\/strong> 21 km<br \/>\n<strong>\u015e\u00fckr\u00fc Sara\u00e7o\u011flu Stadium:<\/strong> 27 km<br \/>\n<strong>Istanbul Park:<\/strong> 60 km<\/div>\n<div><\/div>\n<div class=\"six columns block\"><strong>MOSQUES<\/strong><\/div>\n<div class=\"six columns block\"><strong>Ey\u00fcp Sultan Mosque:<\/strong> 6 km<br \/>\n<strong>S\u00fcleymaniye Mosque:<\/strong> 7 km<br \/>\n<strong>Beyazit Mosque:<\/strong> 7 km<br \/>\n<strong>Sultan Ahmet Mosque \/ Blue Mosque:<\/strong> 8 km<br \/>\n<strong>Little Hagia Sophia Mosque:<\/strong> 8 km<br \/>\n<strong>Ortak\u00f6y Mosque:<\/strong> 14 km<\/div>\n<div><\/div>\n<div class=\"six columns block\"><strong>SYNAGOGUES<\/strong><\/div>\n<div class=\"six columns block\"><strong>Ahrida Synagogue:<\/strong> 6 km<br \/>\n<strong>Italian Synagogue:<\/strong> 8 km<br \/>\n<strong>Neve Shalom Synagogue:<\/strong> 8 km<br \/>\n<strong>A\u015fkenazi Synagogue:<\/strong> 9 km<br \/>\n<strong>Z\u00fclfaris Synagogue (Jewish Museum Of Turkey):<\/strong> 9 km<br \/>\n<strong>Etz Ahayim Synagogue:<\/strong> 14 km<\/div>\n<div><\/div>\n<div class=\"six columns block\"><strong>CHURCHES<\/strong><\/div>\n<div class=\"six columns block\"><strong>Kariye (Chora) Church:<\/strong> 6 km<br \/>\n<strong>Meryem Ana Nativite Catholic Church:<\/strong> 6 km<br \/>\n<strong>Aya Yorgi Fener Greek Orthodox Patrikhanesi Church:<\/strong> 7 km<br \/>\n<strong>Sankt Georg Monastery And Church:<\/strong> 7 km<br \/>\n<strong>Stephan (Bulgarian) Church:<\/strong> 7 km<br \/>\n<strong>Surp Anarad Higutyun Ermeni Catholic Church:<\/strong> 7 km<br \/>\n<strong>K\u00fc\u00e7\u00fck Ayasofya Mosque &#8211; Ss. Sergius ve Bacchus Church:<\/strong> 8 km<br \/>\n<strong>Anglikan Church (Kirim Church):<\/strong> 9 km<br \/>\n<strong>Lutherien Protestan Church:<\/strong> 9 km<br \/>\n<strong>Aya Triada Rum Catholic Church:<\/strong> 10 km<br \/>\n<strong>Ayos Pantelemon Greek Orthodox Church:<\/strong> 10 km<\/div>\n<div><\/div>\n<div class=\"six columns block\"><strong>HOSPITAL<\/strong><\/div>\n<div class=\"six columns block\"><strong>MEMOR\u0130AL H\u0130ZMET HASTANES\u0130<\/strong>: 1,5 km<br \/>\n<strong>T\u00dcRK B\u00d6BREK VAKFI<\/strong>: 1,5 km<br \/>\n<strong>AVRASYA HOSP\u0130TAL<\/strong>: 2 km<br \/>\n<strong>SANTE PLUS<\/strong>: 2 km<br \/>\n<strong>ETH\u0130CA \u0130NC\u0130RL\u0130<\/strong>: 2,5 km<br \/>\n<strong>\u0130STANBUL G\u00d6Z HASTANES\u0130<\/strong>: 3 km<br \/>\n<strong>B.EVLER MED\u0130CANA D\u0130\u015e HASTANES\u0130<\/strong>: 3 km<br \/>\n<strong>YED\u0130KULE G\u00d6\u011e\u00dcS HASTALIKLARI<\/strong>: 3 km<br \/>\n<strong>BALIKLI RUM<\/strong>: 3 km<br \/>\n<strong>\u00d6ZEL SURP P\u0130RG\u0130\u00c7<\/strong>: 3 km<br \/>\n<strong>BAKIRK\u00d6Y DEVLET HASTANES\u0130<\/strong>: 3 km<br \/>\n<strong>MED\u0130CAL PARK<\/strong>: 3 km<br \/>\n<strong>ACIBADEM BAKIRK\u00d6Y<\/strong>: 4 km<br \/>\n<strong>D\u00dcNYA G\u00d6Z HASTANES\u0130<\/strong>: 5 km<br \/>\n<strong>ACIBADEM \u0130NTERNAT\u0130ONAL<\/strong>: 8 km<br \/>\n<strong>L\u0130V HOSP\u0130TAL<\/strong>: 15 km<\/div>\n<\/div>\n<p><\/p>","protected":false},"excerpt":{"rendered":"<p>&nbsp; Le Gunes Hotel 4 \u00e9toiles est situ\u00e9 \u00e0 l&rsquo;ouest du Bosphore et \u00e0 seulement 7 km de la \u00abvieille ville\u00bb, le centre historique d&rsquo;Istanbul, un \u00absite du patrimoine mondial de l&rsquo;UNESCO\u00bb. L&rsquo;h\u00f4tel est situ\u00e9 \u00e0 Merter, un quartier anim\u00e9, id\u00e9al pour le shopping et bien desservi par le m\u00e9tro qui permet de rejoindre facilement &hellip; <a href=\"https:\/\/guneshotel.com.tr\/fr\/location\/\" class=\"more-link\">Continue reading <span class=\"screen-reader-text\">Situation<\/span><\/a><\/p>\n","protected":false},"author":1,"featured_media":0,"parent":0,"menu_order":0,"comment_status":"closed","ping_status":"closed","template":"homenoslider.php","meta":{"footnotes":""},"class_list":["post-24","page","type-page","status-publish","hentry","gallery-content-unit"],"aioseo_notices":[],"_links":{"self":[{"href":"https:\/\/guneshotel.com.tr\/fr\/wp-json\/wp\/v2\/pages\/24","targetHints":{"allow":["GET"]}}],"collection":[{"href":"https:\/\/guneshotel.com.tr\/fr\/wp-json\/wp\/v2\/pages"}],"about":[{"href":"https:\/\/guneshotel.com.tr\/fr\/wp-json\/wp\/v2\/types\/page"}],"author":[{"embeddable":true,"href":"https:\/\/guneshotel.com.tr\/fr\/wp-json\/wp\/v2\/users\/1"}],"replies":[{"embeddable":true,"href":"https:\/\/guneshotel.com.tr\/fr\/wp-json\/wp\/v2\/comments?post=24"}],"version-history":[{"count":107,"href":"https:\/\/guneshotel.com.tr\/fr\/wp-json\/wp\/v2\/pages\/24\/revisions"}],"predecessor-version":[{"id":2261,"href":"https:\/\/guneshotel.com.tr\/fr\/wp-json\/wp\/v2\/pages\/24\/revisions\/2261"}],"wp:attachment":[{"href":"https:\/\/guneshotel.com.tr\/fr\/wp-json\/wp\/v2\/media?parent=24"}],"curies":[{"name":"wp","href":"https:\/\/api.w.org\/{rel}","templated":true}]}}