{"id":2,"date":"2015-05-28T11:45:07","date_gmt":"2015-05-28T11:45:07","guid":{"rendered":"http:\/\/guneshotel.com.tr\/?page_id=2"},"modified":"2025-01-07T19:06:18","modified_gmt":"2025-01-07T16:06:18","slug":"sample-page","status":"publish","type":"page","link":"https:\/\/guneshotel.com.tr\/it\/","title":{"rendered":"Gunes Hotel"},"content":{"rendered":"<p><\/p>\n<div class=\"four columns block\">\n<h2 class=\"title\">Camere<\/h2>\n<p><a href=\"http:\/\/guneshotel.com.tr\/it\/rooms\/\"><img decoding=\"async\" class=\"image\" src=\"http:\/\/guneshotel.com.tr\/wp-content\/themes\/guneshotel\/images\/room1.jpg\" alt=\"Camere\" \/><\/a><\/p>\n<div class=\"row collapse\">\n<div class=\"introtext\">\n<p>Le 130 invitanti camere del Gunes Hotel 4 stelle di Istanbul si presentano tutte diverse per arredo e dimensione, complete di ogni comfort, spaziose ed accoglienti, alcune accessibili agli ospiti disabili.<\/p>\n<ul>\n<li>Compact Single (piccola, per 1 persona)<\/li>\n<li>Luxury Single (per 1 persona)<\/li>\n<li>Luxury Double (per 2 persone)<\/li>\n<li>Luxury Twin (per 2 persone)<\/li>\n<li>Luxury Triple (per 3 persone)<\/li>\n<\/ul>\n<\/div>\n<\/div>\n<div class=\"row collapse actions\"><a class=\"right more\" href=\"http:\/\/guneshotel.com.tr\/it\/rooms\/\">read more<br \/>\n<\/a><\/p>\n<div class=\"arrow right\"><\/div>\n<\/div>\n<\/div>\n<div class=\"four columns block\">\n<h2 class=\"title\">Ristorante e Bar<\/h2>\n<p><a href=\"http:\/\/guneshotel.com.tr\/it\/restaurant-bar\/\"><img decoding=\"async\" class=\"image\" src=\"http:\/\/guneshotel.com.tr\/wp-content\/themes\/guneshotel\/images\/room2.jpg\" alt=\"Ristorante e Bar\" \/><\/a><\/p>\n<div class=\"row collapse\">\n<div class=\"introtext\">\n<p>Situato a Merter, nel cuore della produzione tessile, il G\u00fcne\u015f Hotel \u00e8 il luogo ideale per rilassarsi dopo una giornata faticosa o per una pausa a met\u00e0 giornata con i suoi 2 ristoranti e 1 bar.<\/p>\n<ul>\n<li>Ristorante Neptun<\/li>\n<li>Ristorante Venus<\/li>\n<li>Y\u0131ld\u0131z Bar<\/li>\n<\/ul>\n<\/div>\n<\/div>\n<div class=\"row collapse actions\"><a class=\"right more\" href=\"http:\/\/guneshotel.com.tr\/it\/restaurant-bar\/\">read more<br \/>\n<\/a><\/p>\n<div class=\"arrow right\"><\/div>\n<\/div>\n<\/div>\n<div class=\"four columns block\">\n<h2 class=\"title\">Facilities<\/h2>\n<p><a href=\"http:\/\/guneshotel.com.tr\/it\/meetings\/\"><img decoding=\"async\" class=\"image\" src=\"http:\/\/guneshotel.com.tr\/wp-content\/themes\/guneshotel\/images\/room3.jpg\" alt=\"Overlooking Elia Beach\" \/><\/a><\/p>\n<div class=\"row collapse\">\n<div class=\"introtext\">\n<p>L&#8217;Hotel Gunes 4 stelle di Istanbul mette a disposizione 2 capienti ed eleganti sale meeting spazi adatti per qualsiasi evento: riunioni, conferenze di lavoro, banchetti.<\/p>\n<ul>\n<li>SALA B-6<\/li>\n<li>SALA BANQUET<\/li>\n<\/ul>\n<\/div>\n<\/div>\n<div class=\"row collapse actions\"><a class=\"right more\" href=\"http:\/\/guneshotel.com.tr\/it\/meetings\/\">read more<br \/>\n<\/a><\/p>\n<div class=\"arrow right\"><\/div>\n<\/div>\n<\/div>\n<p><\/p>","protected":false},"excerpt":{"rendered":"<p>Camere Le 130 invitanti camere del Gunes Hotel 4 stelle di Istanbul si presentano tutte diverse per arredo e dimensione, complete di ogni comfort, spaziose ed accoglienti, alcune accessibili agli ospiti disabili. Compact Single (piccola, per 1 persona) Luxury Single (per 1 persona) Luxury Double (per 2 persone) Luxury Twin (per 2 persone) Luxury Triple &hellip; <a href=\"https:\/\/guneshotel.com.tr\/it\/\" class=\"more-link\">Continue reading <span class=\"screen-reader-text\">Gunes Hotel<\/span><\/a><\/p>\n","protected":false},"author":1,"featured_media":0,"parent":0,"menu_order":0,"comment_status":"closed","ping_status":"closed","template":"home.php","meta":{"footnotes":""},"class_list":["post-2","page","type-page","status-publish","hentry","gallery-content-unit"],"aioseo_notices":[],"_links":{"self":[{"href":"https:\/\/guneshotel.com.tr\/it\/wp-json\/wp\/v2\/pages\/2","targetHints":{"allow":["GET"]}}],"collection":[{"href":"https:\/\/guneshotel.com.tr\/it\/wp-json\/wp\/v2\/pages"}],"about":[{"href":"https:\/\/guneshotel.com.tr\/it\/wp-json\/wp\/v2\/types\/page"}],"author":[{"embeddable":true,"href":"https:\/\/guneshotel.com.tr\/it\/wp-json\/wp\/v2\/users\/1"}],"replies":[{"embeddable":true,"href":"https:\/\/guneshotel.com.tr\/it\/wp-json\/wp\/v2\/comments?post=2"}],"version-history":[{"count":111,"href":"https:\/\/guneshotel.com.tr\/it\/wp-json\/wp\/v2\/pages\/2\/revisions"}],"predecessor-version":[{"id":2118,"href":"https:\/\/guneshotel.com.tr\/it\/wp-json\/wp\/v2\/pages\/2\/revisions\/2118"}],"wp:attachment":[{"href":"https:\/\/guneshotel.com.tr\/it\/wp-json\/wp\/v2\/media?parent=2"}],"curies":[{"name":"wp","href":"https:\/\/api.w.org\/{rel}","templated":true}]}}