{"id":36,"date":"2015-05-28T12:42:51","date_gmt":"2015-05-28T12:42:51","guid":{"rendered":"http:\/\/guneshotel.com.tr\/?page_id=36"},"modified":"2025-12-21T18:33:08","modified_gmt":"2025-12-21T15:33:08","slug":"description","status":"publish","type":"page","link":"https:\/\/guneshotel.com.tr\/it\/description\/","title":{"rendered":"Descrizione"},"content":{"rendered":"<p><div id='gallery-5' class='gallery galleryid-36 gallery-columns-3 gallery-size-thumbnail'><figure class='gallery-item'>\n\t\t\t<div class='gallery-icon landscape'>\n\t\t\t\t<a href=\"https:\/\/guneshotel.com.tr\/wp-content\/uploads\/2015\/12\/Lobby.jpg\" title=\"Lobby\" data-description=\"\"><img loading=\"lazy\" decoding=\"async\" width=\"150\" height=\"150\" src=\"https:\/\/guneshotel.com.tr\/wp-content\/uploads\/2015\/12\/Lobby-150x150.jpg\" class=\"attachment-thumbnail size-thumbnail\" alt=\"\"><\/a>\n\t\t\t<\/div><\/figure><figure class='gallery-item'>\n\t\t\t<div class='gallery-icon landscape'>\n\t\t\t\t<a href=\"https:\/\/guneshotel.com.tr\/wp-content\/uploads\/2015\/12\/Reception.jpg\" title=\"Reception\" data-description=\"\"><img loading=\"lazy\" decoding=\"async\" width=\"150\" height=\"150\" src=\"https:\/\/guneshotel.com.tr\/wp-content\/uploads\/2015\/12\/Reception-150x150.jpg\" class=\"attachment-thumbnail size-thumbnail\" alt=\"\"><\/a>\n\t\t\t<\/div><\/figure><figure class='gallery-item'>\n\t\t\t<div class='gallery-icon landscape'>\n\t\t\t\t<a href=\"https:\/\/guneshotel.com.tr\/wp-content\/uploads\/2015\/05\/Resepsiyon1.jpg\" title=\"Resepsiyon\" data-description=\"\"><img loading=\"lazy\" decoding=\"async\" width=\"150\" height=\"150\" src=\"https:\/\/guneshotel.com.tr\/wp-content\/uploads\/2015\/05\/Resepsiyon1-150x150.jpg\" class=\"attachment-thumbnail size-thumbnail\" alt=\"\"><\/a>\n\t\t\t<\/div><\/figure><figure class='gallery-item'>\n\t\t\t<div class='gallery-icon landscape'>\n\t\t\t\t<a href=\"https:\/\/guneshotel.com.tr\/wp-content\/uploads\/2015\/05\/MG_37011.jpg\" title=\"_MG_3701\" data-description=\"\"><img loading=\"lazy\" decoding=\"async\" width=\"150\" height=\"150\" src=\"https:\/\/guneshotel.com.tr\/wp-content\/uploads\/2015\/05\/MG_37011-150x150.jpg\" class=\"attachment-thumbnail size-thumbnail\" alt=\"\"><\/a>\n\t\t\t<\/div><\/figure><figure class='gallery-item'>\n\t\t\t<div class='gallery-icon landscape'>\n\t\t\t\t<a href=\"https:\/\/guneshotel.com.tr\/wp-content\/uploads\/2015\/05\/MG_37021.jpg\" title=\"_MG_3702\" data-description=\"\"><img loading=\"lazy\" decoding=\"async\" width=\"150\" height=\"150\" src=\"https:\/\/guneshotel.com.tr\/wp-content\/uploads\/2015\/05\/MG_37021-150x150.jpg\" class=\"attachment-thumbnail size-thumbnail\" alt=\"\"><\/a>\n\t\t\t<\/div><\/figure><figure class='gallery-item'>\n\t\t\t<div class='gallery-icon landscape'>\n\t\t\t\t<a href=\"https:\/\/guneshotel.com.tr\/wp-content\/uploads\/2015\/05\/37225921.jpg\" title=\"3722592\" data-description=\"\"><img loading=\"lazy\" decoding=\"async\" width=\"150\" height=\"150\" src=\"https:\/\/guneshotel.com.tr\/wp-content\/uploads\/2015\/05\/37225921-150x150.jpg\" class=\"attachment-thumbnail size-thumbnail\" alt=\"\"><\/a>\n\t\t\t<\/div><\/figure><figure class='gallery-item'>\n\t\t\t<div class='gallery-icon landscape'>\n\t\t\t\t<a href=\"https:\/\/guneshotel.com.tr\/wp-content\/uploads\/2015\/05\/Sauna-1-2.jpg\" title=\"Sauna-1-2\" data-description=\"\"><img loading=\"lazy\" decoding=\"async\" width=\"150\" height=\"150\" src=\"https:\/\/guneshotel.com.tr\/wp-content\/uploads\/2015\/05\/Sauna-1-2-150x150.jpg\" class=\"attachment-thumbnail size-thumbnail\" alt=\"\"><\/a>\n\t\t\t<\/div><\/figure><figure class='gallery-item'>\n\t\t\t<div class='gallery-icon landscape'>\n\t\t\t\t<a href=\"https:\/\/guneshotel.com.tr\/wp-content\/uploads\/2015\/05\/Fitness-1-3.jpg\" title=\"Fitness 1-3\" data-description=\"\"><img loading=\"lazy\" decoding=\"async\" width=\"150\" height=\"150\" src=\"https:\/\/guneshotel.com.tr\/wp-content\/uploads\/2015\/05\/Fitness-1-3-150x150.jpg\" class=\"attachment-thumbnail size-thumbnail\" alt=\"\"><\/a>\n\t\t\t<\/div><\/figure><figure class='gallery-item'>\n\t\t\t<div class='gallery-icon landscape'>\n\t\t\t\t<a href=\"https:\/\/guneshotel.com.tr\/wp-content\/uploads\/2015\/05\/Fitness.jpg\" title=\"Fitness\" data-description=\"\"><img loading=\"lazy\" decoding=\"async\" width=\"150\" height=\"150\" src=\"https:\/\/guneshotel.com.tr\/wp-content\/uploads\/2015\/05\/Fitness-150x150.jpg\" class=\"attachment-thumbnail size-thumbnail\" alt=\"\"><\/a>\n\t\t\t<\/div><\/figure><figure class='gallery-item'>\n\t\t\t<div class='gallery-icon landscape'>\n\t\t\t\t<a href=\"https:\/\/guneshotel.com.tr\/wp-content\/uploads\/2015\/05\/Fitness-1-31.jpg\" title=\"Fitness-1-3\" data-description=\"\"><img loading=\"lazy\" decoding=\"async\" width=\"150\" height=\"150\" src=\"https:\/\/guneshotel.com.tr\/wp-content\/uploads\/2015\/05\/Fitness-1-31-150x150.jpg\" class=\"attachment-thumbnail size-thumbnail\" alt=\"\"><\/a>\n\t\t\t<\/div><\/figure><figure class='gallery-item'>\n\t\t\t<div class='gallery-icon landscape'>\n\t\t\t\t<a href=\"https:\/\/guneshotel.com.tr\/wp-content\/uploads\/2015\/05\/IMG_7050.jpg\" title=\"IMG_7050\" data-description=\"\"><img loading=\"lazy\" decoding=\"async\" width=\"150\" height=\"150\" src=\"https:\/\/guneshotel.com.tr\/wp-content\/uploads\/2015\/05\/IMG_7050-150x150.jpg\" class=\"attachment-thumbnail size-thumbnail\" alt=\"\"><\/a>\n\t\t\t<\/div><\/figure><figure class='gallery-item'>\n\t\t\t<div class='gallery-icon landscape'>\n\t\t\t\t<a href=\"https:\/\/guneshotel.com.tr\/wp-content\/uploads\/2015\/05\/Sauna-2-2.jpg\" title=\"Sauna 2-2\" data-description=\"\"><img loading=\"lazy\" decoding=\"async\" width=\"150\" height=\"150\" src=\"https:\/\/guneshotel.com.tr\/wp-content\/uploads\/2015\/05\/Sauna-2-2-150x150.jpg\" class=\"attachment-thumbnail size-thumbnail\" alt=\"\"><\/a>\n\t\t\t<\/div><\/figure>\n\t\t<\/div>\n<\/p>\n<p>&nbsp;<\/p>\n<p>Tra gli alberghi 4 stelle di Istanbul, il Gunes Hotel si distingue per la professionalit\u00e0 di uno staff preparato che vi assister\u00e0 con puntualit\u00e0 sin dal vostro arrivo in Turchia, per un soggiorno all&#8217;insegna del comfort e della sicurezza.<\/p>\n<p>Un&#8217;eccellente soluzione per i clienti business in prossimit\u00e0 della fiera di Istanbul e del centro di importanti societ\u00e0, il Gunes Hotel dispone di sale riunioni, palestra e centro benessere.<\/p>\n<p>Chi si ferma a Istanbul per lasciarsi conquistare dal suo indiscusso fascino, sceglie il Gunes Hotel per la vicinanza con lo splendido centro storico e i preziosi consigli del personale alla reception, lieto di prenotare visite guidate e biglietti per qualsiasi tipo di evento.<\/p>\n<p>Se stai cercando un momento di relax o un momento di relax, il Gunes Hotel invita gli ospiti al proprio Yildiz Bar, che la sera serve cocktail rinfrescanti.<\/p>\n<p>Gli ospiti del Gunes Hotel possono usufruire gratuitamente della connessione Wi-Fi, del servizio di trasferimento, del servizio limousine e del parcheggio custodito gratuito.<\/p>\n<div class=\"four columns block\">\n<p><strong>ATTIVIT\u00c0<\/strong><\/p>\n<ul>\n<li>Bowling, 5 km<\/li>\n<li>Biliardo, 5 km<\/li>\n<li>Campi calcio, 5 km<\/li>\n<li>Tennis, 10 km<\/li>\n<li>Equitazione, 20 km<\/li>\n<li>Golf club, 20 km<\/li>\n<\/ul>\n<\/div>\n<div class=\"four columns block\">\n<p><strong>SERVIZI &amp; FACILITIES<\/strong><\/p>\n<ul>\n<li>Accessibile disabili<\/li>\n<li>Reception (24h)<\/li>\n<li>Prima colazione a buffet (6.00\/10.30)<\/li>\n<li>Bar (16.00\/ 00.30)<\/li>\n<li>Internet point (a pagamento)<\/li>\n<li>Internet wi-fi<\/li>\n<li>Fax<\/li>\n<li>Quotidiani<\/li>\n<li>Transfer aeroporto\/stazione (a pagamento)<\/li>\n<li>Info turistiche<\/li>\n<li>Booking escursioni<\/li>\n<li>Booking per eventi<\/li>\n<li>Concierge<\/li>\n<li>Rent a car desk<\/li>\n<li>Servizio limousine<\/li>\n<li>Cassaforte<\/li>\n<li>Portabagagli<\/li>\n<li>Deposito bagagli<\/li>\n<li>Portiere notturno<\/li>\n<li>Servizio stireria<\/li>\n<li>Servizio lavanderia<\/li>\n<li>Noleggio biciclette<\/li>\n<li>Ascensore<\/li>\n<li>Cambio valuta<\/li>\n<li>Parcheggio custodito<\/li>\n<li>Parking<\/li>\n<li>Lavaggio a secco<\/li>\n<\/ul>\n<\/div>\n<div class=\"four columns block\">\n<p><strong>AMBIENTI COMUNI<\/strong><\/p>\n<ul>\n<li>Reception<\/li>\n<li>Hall<\/li>\n<li>Sala TV<\/li>\n<li>Terrazza<\/li>\n<li>Giardino Bar<\/li>\n<li>Sala meeting<\/li>\n<li>Palestra<\/li>\n<li>Wellness<\/li>\n<\/ul>\n<\/div>\n<p><\/p>","protected":false},"excerpt":{"rendered":"<p>&nbsp; Tra gli alberghi 4 stelle di Istanbul, il Gunes Hotel si distingue per la professionalit\u00e0 di uno staff preparato che vi assister\u00e0 con puntualit\u00e0 sin dal vostro arrivo in Turchia, per un soggiorno all&#8217;insegna del comfort e della sicurezza. Un&#8217;eccellente soluzione per i clienti business in prossimit\u00e0 della fiera di Istanbul e del centro &hellip; <a href=\"https:\/\/guneshotel.com.tr\/it\/description\/\" class=\"more-link\">Continue reading <span class=\"screen-reader-text\">Descrizione<\/span><\/a><\/p>\n","protected":false},"author":1,"featured_media":0,"parent":0,"menu_order":0,"comment_status":"closed","ping_status":"closed","template":"homenoslider.php","meta":{"footnotes":""},"class_list":["post-36","page","type-page","status-publish","hentry","gallery-content-unit"],"aioseo_notices":[],"_links":{"self":[{"href":"https:\/\/guneshotel.com.tr\/it\/wp-json\/wp\/v2\/pages\/36","targetHints":{"allow":["GET"]}}],"collection":[{"href":"https:\/\/guneshotel.com.tr\/it\/wp-json\/wp\/v2\/pages"}],"about":[{"href":"https:\/\/guneshotel.com.tr\/it\/wp-json\/wp\/v2\/types\/page"}],"author":[{"embeddable":true,"href":"https:\/\/guneshotel.com.tr\/it\/wp-json\/wp\/v2\/users\/1"}],"replies":[{"embeddable":true,"href":"https:\/\/guneshotel.com.tr\/it\/wp-json\/wp\/v2\/comments?post=36"}],"version-history":[{"count":36,"href":"https:\/\/guneshotel.com.tr\/it\/wp-json\/wp\/v2\/pages\/36\/revisions"}],"predecessor-version":[{"id":2264,"href":"https:\/\/guneshotel.com.tr\/it\/wp-json\/wp\/v2\/pages\/36\/revisions\/2264"}],"wp:attachment":[{"href":"https:\/\/guneshotel.com.tr\/it\/wp-json\/wp\/v2\/media?parent=36"}],"curies":[{"name":"wp","href":"https:\/\/api.w.org\/{rel}","templated":true}]}}