{"id":805,"date":"2016-06-09T12:25:00","date_gmt":"2016-06-09T12:25:00","guid":{"rendered":"http:\/\/guneshotel.com.tr\/?page_id=805"},"modified":"2016-09-02T14:37:14","modified_gmt":"2016-09-02T14:37:14","slug":"events","status":"publish","type":"page","link":"https:\/\/guneshotel.com.tr\/it\/events\/","title":{"rendered":"Events"},"content":{"rendered":"<p class=\"qtranxs-available-languages-message qtranxs-available-languages-message-it\">Ci spiace, ma questo articolo \u00e8 disponibile soltanto in <a href=\"https:\/\/guneshotel.com.tr\/en\/wp-json\/wp\/v2\/pages\/805\" class=\"qtranxs-available-language-link qtranxs-available-language-link-en\" title=\"English\">English<\/a> e <a href=\"https:\/\/guneshotel.com.tr\/tr\/wp-json\/wp\/v2\/pages\/805\" class=\"qtranxs-available-language-link qtranxs-available-language-link-tr\" title=\"T\u00fcrk\u00e7e\">T\u00fcrk\u00e7e<\/a>.<\/p>","protected":false},"excerpt":{"rendered":"<p>Ci spiace, ma questo articolo \u00e8 disponibile soltanto in English e T\u00fcrk\u00e7e.<\/p>\n","protected":false},"author":1,"featured_media":0,"parent":0,"menu_order":0,"comment_status":"closed","ping_status":"closed","template":"","meta":{"footnotes":""},"class_list":["post-805","page","type-page","status-publish","hentry","gallery-content-unit"],"aioseo_notices":[],"_links":{"self":[{"href":"https:\/\/guneshotel.com.tr\/it\/wp-json\/wp\/v2\/pages\/805","targetHints":{"allow":["GET"]}}],"collection":[{"href":"https:\/\/guneshotel.com.tr\/it\/wp-json\/wp\/v2\/pages"}],"about":[{"href":"https:\/\/guneshotel.com.tr\/it\/wp-json\/wp\/v2\/types\/page"}],"author":[{"embeddable":true,"href":"https:\/\/guneshotel.com.tr\/it\/wp-json\/wp\/v2\/users\/1"}],"replies":[{"embeddable":true,"href":"https:\/\/guneshotel.com.tr\/it\/wp-json\/wp\/v2\/comments?post=805"}],"version-history":[{"count":7,"href":"https:\/\/guneshotel.com.tr\/it\/wp-json\/wp\/v2\/pages\/805\/revisions"}],"predecessor-version":[{"id":871,"href":"https:\/\/guneshotel.com.tr\/it\/wp-json\/wp\/v2\/pages\/805\/revisions\/871"}],"wp:attachment":[{"href":"https:\/\/guneshotel.com.tr\/it\/wp-json\/wp\/v2\/media?parent=805"}],"curies":[{"name":"wp","href":"https:\/\/api.w.org\/{rel}","templated":true}]}}