{"id":1105,"date":"2018-03-14T02:14:54","date_gmt":"2018-03-14T02:14:54","guid":{"rendered":"http:\/\/guneshotel.com.tr\/?page_id=1105"},"modified":"2020-01-24T10:41:50","modified_gmt":"2020-01-24T10:41:50","slug":"kvkk","status":"publish","type":"page","link":"https:\/\/guneshotel.com.tr\/kr\/kvkk\/","title":{"rendered":"(T\u00fcrk\u00e7e) Gizlilik ve Ki\u015fisel Verilerin Korunmas\u0131"},"content":{"rendered":"<p class=\"qtranxs-available-languages-message qtranxs-available-languages-message-kr\">Sorry, this entry is only available in <a href=\"https:\/\/guneshotel.com.tr\/tr\/wp-json\/wp\/v2\/pages\/1105\" class=\"qtranxs-available-language-link qtranxs-available-language-link-tr\" title=\"T\u00fcrk\u00e7e\">T\u00fcrk\u00e7e<\/a>.<\/p>","protected":false},"excerpt":{"rendered":"<p>Sorry, this entry is only available in T\u00fcrk\u00e7e.<\/p>\n","protected":false},"author":1,"featured_media":0,"parent":0,"menu_order":0,"comment_status":"closed","ping_status":"closed","template":"fullwidth.php","meta":{"footnotes":""},"class_list":["post-1105","page","type-page","status-publish","hentry","gallery-content-unit"],"aioseo_notices":[],"_links":{"self":[{"href":"https:\/\/guneshotel.com.tr\/kr\/wp-json\/wp\/v2\/pages\/1105","targetHints":{"allow":["GET"]}}],"collection":[{"href":"https:\/\/guneshotel.com.tr\/kr\/wp-json\/wp\/v2\/pages"}],"about":[{"href":"https:\/\/guneshotel.com.tr\/kr\/wp-json\/wp\/v2\/types\/page"}],"author":[{"embeddable":true,"href":"https:\/\/guneshotel.com.tr\/kr\/wp-json\/wp\/v2\/users\/1"}],"replies":[{"embeddable":true,"href":"https:\/\/guneshotel.com.tr\/kr\/wp-json\/wp\/v2\/comments?post=1105"}],"version-history":[{"count":1,"href":"https:\/\/guneshotel.com.tr\/kr\/wp-json\/wp\/v2\/pages\/1105\/revisions"}],"predecessor-version":[{"id":1106,"href":"https:\/\/guneshotel.com.tr\/kr\/wp-json\/wp\/v2\/pages\/1105\/revisions\/1106"}],"wp:attachment":[{"href":"https:\/\/guneshotel.com.tr\/kr\/wp-json\/wp\/v2\/media?parent=1105"}],"curies":[{"name":"wp","href":"https:\/\/api.w.org\/{rel}","templated":true}]}}