{"id":145,"date":"2015-06-15T14:16:15","date_gmt":"2015-06-15T14:16:15","guid":{"rendered":"http:\/\/guneshotel.com.tr\/?page_id=145"},"modified":"2020-01-23T11:41:57","modified_gmt":"2020-01-23T11:41:57","slug":"economic-double-room","status":"publish","type":"page","link":"https:\/\/guneshotel.com.tr\/tr\/rooms\/economic-double-room\/","title":{"rendered":"Ekonomik \u00c7ift Ki\u015filik Oda"},"content":{"rendered":"<p><div id='gallery-7' class='gallery galleryid-145 gallery-columns-3 gallery-size-thumbnail'><figure class='gallery-item'>\n\t\t\t<div class='gallery-icon landscape'>\n\t\t\t\t<a href=\"https:\/\/guneshotel.com.tr\/wp-content\/uploads\/2015\/12\/Compact-Double-1.jpg\" title=\"Compact Double - 1\" data-description=\"\"><img loading=\"lazy\" decoding=\"async\" width=\"150\" height=\"150\" src=\"https:\/\/guneshotel.com.tr\/wp-content\/uploads\/2015\/12\/Compact-Double-1-150x150.jpg\" class=\"attachment-thumbnail size-thumbnail\" alt=\"\"><\/a>\n\t\t\t<\/div><\/figure><figure class='gallery-item'>\n\t\t\t<div class='gallery-icon landscape'>\n\t\t\t\t<a href=\"https:\/\/guneshotel.com.tr\/wp-content\/uploads\/2015\/12\/Compact-Double-2.jpg\" title=\"Compact Double - 2\" data-description=\"\"><img loading=\"lazy\" decoding=\"async\" width=\"150\" height=\"150\" src=\"https:\/\/guneshotel.com.tr\/wp-content\/uploads\/2015\/12\/Compact-Double-2-150x150.jpg\" class=\"attachment-thumbnail size-thumbnail\" alt=\"\"><\/a>\n\t\t\t<\/div><\/figure><figure class='gallery-item'>\n\t\t\t<div class='gallery-icon portrait'>\n\t\t\t\t<a href=\"https:\/\/guneshotel.com.tr\/wp-content\/uploads\/2015\/12\/Compact-Double-Bath.jpg\" title=\"Compact Double Bath\" data-description=\"\"><img loading=\"lazy\" decoding=\"async\" width=\"150\" height=\"150\" src=\"https:\/\/guneshotel.com.tr\/wp-content\/uploads\/2015\/12\/Compact-Double-Bath-150x150.jpg\" class=\"attachment-thumbnail size-thumbnail\" alt=\"\"><\/a>\n\t\t\t<\/div><\/figure>\n\t\t<\/div>\n<\/p>\n<p>&nbsp;<\/p>\n<p>Ekonomik \u00c7ift Ki\u015filik Oda 22 metrekarelik bir alana sahip olup, oda i\u00e7erisinde emanet kasas\u0131, klima, \u00e7al\u0131\u015fma masas\u0131, \u0131s\u0131tma, hal\u0131, du\u015f, k\u00fcvet, sa\u00e7 kurutma makinesi, \u00fccretsiz banyo malzemeleri, tuvalet, banyo, terlik, tv, telefon, uydu tv, kablo vard\u0131r kanallar, minibar, uyand\u0131rma servisi \/ \u00e7alar saat, uyand\u0131rma servisi ve \u00fccretsiz kablosuz internet eri\u015fimi mevcuttur.<\/p>\n<p><strong>Oda Geni\u015fli\u011fi:<\/strong> 22 m\u00b2<br \/>\n<strong>Yatak Durumu:<\/strong> 1 \u00c7ift veya 2 Tek ki\u015filik yatak<br \/>\n<strong>Oda Kasitesi:<\/strong> 2 ki\u015filik<\/p>\n<p><strong>\u00d6deme Politikas\u0131<\/strong><\/p>\n<p>Rezervasyonu g\u00fcvence alt\u0131na almak i\u00e7in kredi kart\u0131 bilgisi gerekmektedir. Otel var\u0131\u015ftan \u00f6nce kredi kartlar\u0131n\u0131 \u00f6n provizyona hakk\u0131n\u0131 sakl\u0131 tutar. Rezervasyon \u00f6demesi otele giri\u015fte yap\u0131l\u0131r.<\/p>\n<p><strong>Olanaklar Ve Hizmetler<\/strong><\/p>\n<p>Klima<br \/>\nBanyo gere\u00e7leri<br \/>\nBornoz ve terlik<br \/>\nKablo-uydu<br \/>\nDolap<br \/>\nDirekt telefon<br \/>\nSa\u00e7 kurutma makinesi<br \/>\nMini-bar<br \/>\nMevcut sigara i\u00e7ilmeyen odalar<br \/>\nEmanet kasas\u0131<br \/>\nSes ge\u00e7irmez pencereler<br \/>\nKablosuz internet ba\u011flant\u0131s\u0131 (\u00fccretsiz)<br \/>\nYaz\u0131 masas\u0131<\/p>","protected":false},"excerpt":{"rendered":"<p>&nbsp; Ekonomik \u00c7ift Ki\u015filik Oda 22 metrekarelik bir alana sahip olup, oda i\u00e7erisinde emanet kasas\u0131, klima, \u00e7al\u0131\u015fma masas\u0131, \u0131s\u0131tma, hal\u0131, du\u015f, k\u00fcvet, sa\u00e7 kurutma makinesi, \u00fccretsiz banyo malzemeleri, tuvalet, banyo, terlik, tv, telefon, uydu tv, kablo vard\u0131r kanallar, minibar, uyand\u0131rma servisi \/ \u00e7alar saat, uyand\u0131rma servisi ve \u00fccretsiz kablosuz internet eri\u015fimi mevcuttur. Oda Geni\u015fli\u011fi: 22 &hellip; <a href=\"https:\/\/guneshotel.com.tr\/tr\/rooms\/economic-double-room\/\" class=\"more-link\">Continue reading <span class=\"screen-reader-text\">Ekonomik \u00c7ift Ki\u015filik Oda<\/span><\/a><\/p>\n","protected":false},"author":1,"featured_media":0,"parent":67,"menu_order":0,"comment_status":"closed","ping_status":"closed","template":"","meta":{"footnotes":""},"class_list":["post-145","page","type-page","status-publish","hentry","gallery-content-unit"],"aioseo_notices":[],"_links":{"self":[{"href":"https:\/\/guneshotel.com.tr\/tr\/wp-json\/wp\/v2\/pages\/145","targetHints":{"allow":["GET"]}}],"collection":[{"href":"https:\/\/guneshotel.com.tr\/tr\/wp-json\/wp\/v2\/pages"}],"about":[{"href":"https:\/\/guneshotel.com.tr\/tr\/wp-json\/wp\/v2\/types\/page"}],"author":[{"embeddable":true,"href":"https:\/\/guneshotel.com.tr\/tr\/wp-json\/wp\/v2\/users\/1"}],"replies":[{"embeddable":true,"href":"https:\/\/guneshotel.com.tr\/tr\/wp-json\/wp\/v2\/comments?post=145"}],"version-history":[{"count":49,"href":"https:\/\/guneshotel.com.tr\/tr\/wp-json\/wp\/v2\/pages\/145\/revisions"}],"predecessor-version":[{"id":1241,"href":"https:\/\/guneshotel.com.tr\/tr\/wp-json\/wp\/v2\/pages\/145\/revisions\/1241"}],"up":[{"embeddable":true,"href":"https:\/\/guneshotel.com.tr\/tr\/wp-json\/wp\/v2\/pages\/67"}],"wp:attachment":[{"href":"https:\/\/guneshotel.com.tr\/tr\/wp-json\/wp\/v2\/media?parent=145"}],"curies":[{"name":"wp","href":"https:\/\/api.w.org\/{rel}","templated":true}]}}