{"id":2,"date":"2015-05-28T11:45:07","date_gmt":"2015-05-28T11:45:07","guid":{"rendered":"http:\/\/guneshotel.com.tr\/?page_id=2"},"modified":"2025-01-07T19:06:18","modified_gmt":"2025-01-07T16:06:18","slug":"sample-page","status":"publish","type":"page","link":"https:\/\/guneshotel.com.tr\/tr\/","title":{"rendered":"G\u00fcne\u015f Hotel"},"content":{"rendered":"<p><\/p>\n<div class=\"four columns block\">\n<h2 class=\"title\">Odalar<\/h2>\n<p><a href=\"http:\/\/guneshotel.com.tr\/tr\/rooms\/\"><img decoding=\"async\" class=\"image\" src=\"http:\/\/guneshotel.com.tr\/wp-content\/themes\/guneshotel\/images\/room1.jpg\" alt=\"Odalar\" \/><\/a><\/p>\n<div class=\"row collapse\">\n<div class=\"introtext\">\n<p>\u0130stanbul 4 y\u0131ld\u0131zl\u0131 G\u00fcne\u015f Hotel&#8217;in 130 adet cezbedici odas\u0131, her t\u00fcrl\u00fc konfora sahip, ferah ve rahat mobilya ve boyut a\u00e7\u0131s\u0131ndan hepsi birbirinden farkl\u0131d\u0131r, baz\u0131 odalar engelli konuklar\u0131m\u0131z i\u00e7in uygun olarak haz\u0131rlanm\u0131\u015ft\u0131r.<\/p>\n<ul>\n<li>Compact Single (k\u00fc\u00e7\u00fck, 1 ki\u015fi i\u00e7in)<\/li>\n<li>Luxury Single (1 ki\u015fi i\u00e7in)<\/li>\n<li>Luxury Double (2 ki\u015fi i\u00e7in)<\/li>\n<li>Luxury Twin (2 ki\u015fi i\u00e7in)<\/li>\n<li>Luxury Triple (3 ki\u015fi i\u00e7in)<\/li>\n<\/ul>\n<\/div>\n<\/div>\n<div class=\"row collapse actions\"><a class=\"right more\" href=\"http:\/\/guneshotel.com.tr\/tr\/rooms\/\">read more<br \/>\n<\/a><\/p>\n<div class=\"arrow right\"><\/div>\n<\/div>\n<\/div>\n<div class=\"four columns block\">\n<h2 class=\"title\">Restoran ve Bar<\/h2>\n<p><a href=\"http:\/\/guneshotel.com.tr\/tr\/restaurant-bar\/\"><img decoding=\"async\" class=\"image\" src=\"http:\/\/guneshotel.com.tr\/wp-content\/themes\/guneshotel\/images\/room2.jpg\" alt=\"Restoran ve Bar\" \/><\/a><\/p>\n<div class=\"row collapse\">\n<div class=\"introtext\">\n<p>Tekstil \u00fcretiminin kalbi say\u0131lan Merter&#8217;de yer alan G\u00fcne\u015f Hotel, 2 adet restoran\u0131 ve 1 adet bar\u0131 ile yorucu bir g\u00fcn\u00fcn sonunda rahatlamak i\u00e7in ya da g\u00fcn ortas\u0131 bir mola i\u00e7in ideal bir mekand\u0131r.<\/p>\n<ul>\n<li>Nept\u00fcn Restoran<\/li>\n<li>Ven\u00fcs Restoran<\/li>\n<li>Y\u0131ld\u0131z Bar<\/li>\n<\/ul>\n<\/div>\n<\/div>\n<div class=\"row collapse actions\"><a class=\"right more\" href=\"http:\/\/guneshotel.com.tr\/tr\/restaurant-bar\/\">read more<br \/>\n<\/a><\/p>\n<div class=\"arrow right\"><\/div>\n<\/div>\n<\/div>\n<div class=\"four columns block\">\n<h2 class=\"title\">Organizasyonlar<\/h2>\n<p><a href=\"http:\/\/guneshotel.com.tr\/tr\/meetings\/\"><img decoding=\"async\" class=\"image\" src=\"http:\/\/guneshotel.com.tr\/wp-content\/themes\/guneshotel\/images\/room3.jpg\" alt=\"Overlooking Elia Beach\" \/><\/a><\/p>\n<div class=\"row collapse\">\n<div class=\"introtext\">\n<p>\u0130stanbul 4 y\u0131ld\u0131zl\u0131 Hotel G\u00fcne\u015f, her t\u00fcrl\u00fc etkinli\u011fe uygun 2 adet geni\u015f ve \u015f\u0131k toplant\u0131 salonu alan\u0131n\u0131 sizlere sunar: toplant\u0131lar, i\u015f konferanslar\u0131, ziyafetler.<\/p>\n<ul>\n<li>Salon B-6<\/li>\n<li>Banket Salonu<\/li>\n<\/ul>\n<\/div>\n<\/div>\n<div class=\"row collapse actions\"><a class=\"right more\" href=\"http:\/\/guneshotel.com.tr\/tr\/meetings\/\">read more<br \/>\n<\/a><\/p>\n<div class=\"arrow right\"><\/div>\n<\/div>\n<\/div>\n<p><\/p>","protected":false},"excerpt":{"rendered":"<p>Odalar \u0130stanbul 4 y\u0131ld\u0131zl\u0131 G\u00fcne\u015f Hotel&#8217;in 130 adet cezbedici odas\u0131, her t\u00fcrl\u00fc konfora sahip, ferah ve rahat mobilya ve boyut a\u00e7\u0131s\u0131ndan hepsi birbirinden farkl\u0131d\u0131r, baz\u0131 odalar engelli konuklar\u0131m\u0131z i\u00e7in uygun olarak haz\u0131rlanm\u0131\u015ft\u0131r. Compact Single (k\u00fc\u00e7\u00fck, 1 ki\u015fi i\u00e7in) Luxury Single (1 ki\u015fi i\u00e7in) Luxury Double (2 ki\u015fi i\u00e7in) Luxury Twin (2 ki\u015fi i\u00e7in) Luxury Triple &hellip; <a href=\"https:\/\/guneshotel.com.tr\/tr\/\" class=\"more-link\">Continue reading <span class=\"screen-reader-text\">G\u00fcne\u015f Hotel<\/span><\/a><\/p>\n","protected":false},"author":1,"featured_media":0,"parent":0,"menu_order":0,"comment_status":"closed","ping_status":"closed","template":"home.php","meta":{"footnotes":""},"class_list":["post-2","page","type-page","status-publish","hentry","gallery-content-unit"],"aioseo_notices":[],"_links":{"self":[{"href":"https:\/\/guneshotel.com.tr\/tr\/wp-json\/wp\/v2\/pages\/2","targetHints":{"allow":["GET"]}}],"collection":[{"href":"https:\/\/guneshotel.com.tr\/tr\/wp-json\/wp\/v2\/pages"}],"about":[{"href":"https:\/\/guneshotel.com.tr\/tr\/wp-json\/wp\/v2\/types\/page"}],"author":[{"embeddable":true,"href":"https:\/\/guneshotel.com.tr\/tr\/wp-json\/wp\/v2\/users\/1"}],"replies":[{"embeddable":true,"href":"https:\/\/guneshotel.com.tr\/tr\/wp-json\/wp\/v2\/comments?post=2"}],"version-history":[{"count":111,"href":"https:\/\/guneshotel.com.tr\/tr\/wp-json\/wp\/v2\/pages\/2\/revisions"}],"predecessor-version":[{"id":2118,"href":"https:\/\/guneshotel.com.tr\/tr\/wp-json\/wp\/v2\/pages\/2\/revisions\/2118"}],"wp:attachment":[{"href":"https:\/\/guneshotel.com.tr\/tr\/wp-json\/wp\/v2\/media?parent=2"}],"curies":[{"name":"wp","href":"https:\/\/api.w.org\/{rel}","templated":true}]}}