{"id":2367,"date":"2025-12-21T15:11:05","date_gmt":"2025-12-21T12:11:05","guid":{"rendered":"https:\/\/guneshotel.com.tr\/?page_id=2367"},"modified":"2025-12-22T16:57:30","modified_gmt":"2025-12-22T13:57:30","slug":"sustainability","status":"publish","type":"page","link":"https:\/\/guneshotel.com.tr\/tr\/sustainability\/","title":{"rendered":"S\u00fcrd\u00fcr\u00fclebilirlik"},"content":{"rendered":"<p><\/p>\n<header class=\"entry-header\">\n<h1 class=\"entry-title\" style=\"font-weight: 500; color: #710e0c;\"><\/h1>\n<\/header>\n<div class=\"entry-content\" >\n<h1 style=\"font-size: 17px;color: #710e0c;margin-bottom: 30px;text-decoration: underline;\">S\u00fcrd\u00fcr\u00fclebilirlik Raporlar\u0131 ve Politikalar<\/h1>\n<p><a href=\"https:\/\/guneshotel.com.tr\/docs\/surdurulebilirlik2024.pdf\" target=\"_blank\" > <\/p>\n<p style=\"font-size:16px; color: #710e0c;\"> \u2022 S\u00fcrd\u00fcr\u00fclebilirlik Raporumuz (2024) PDF  <\/p>\n<p><\/a><\/p>\n<p><a href=\"https:\/\/guneshotel.com.tr\/sustainability\/sustainability-policies\/\"  > <\/p>\n<p style=\"font-size:16px; color: #710e0c;\">\u2022 \u0130\u015fletme Politikalar\u0131m\u0131z<\/p>\n<p><\/a><\/p>\n<p><a href=\"https:\/\/guneshotel.com.tr\/docs\/tarihiyarimada.pdf\" target=\"_blank\" > <\/p>\n<p style=\"font-size:16px; color: #710e0c;\">\u2022 \u0130stanbul&#8217;da Tarihi ve K\u00fclt\u00fcrel Merkezler &#8211; Tarihi Yar\u0131mada<\/p>\n<p><\/a><\/p>\n<\/div>\n<p><\/p>","protected":false},"excerpt":{"rendered":"<p>S\u00fcrd\u00fcr\u00fclebilirlik Raporlar\u0131 ve Politikalar \u2022 S\u00fcrd\u00fcr\u00fclebilirlik Raporumuz (2024) PDF \u2022 \u0130\u015fletme Politikalar\u0131m\u0131z \u2022 \u0130stanbul&#8217;da Tarihi ve K\u00fclt\u00fcrel Merkezler &#8211; Tarihi Yar\u0131mada<\/p>\n","protected":false},"author":1,"featured_media":0,"parent":0,"menu_order":0,"comment_status":"closed","ping_status":"closed","template":"sustainability.php","meta":{"footnotes":""},"class_list":["post-2367","page","type-page","status-publish","hentry","gallery-content-unit"],"aioseo_notices":[],"_links":{"self":[{"href":"https:\/\/guneshotel.com.tr\/tr\/wp-json\/wp\/v2\/pages\/2367","targetHints":{"allow":["GET"]}}],"collection":[{"href":"https:\/\/guneshotel.com.tr\/tr\/wp-json\/wp\/v2\/pages"}],"about":[{"href":"https:\/\/guneshotel.com.tr\/tr\/wp-json\/wp\/v2\/types\/page"}],"author":[{"embeddable":true,"href":"https:\/\/guneshotel.com.tr\/tr\/wp-json\/wp\/v2\/users\/1"}],"replies":[{"embeddable":true,"href":"https:\/\/guneshotel.com.tr\/tr\/wp-json\/wp\/v2\/comments?post=2367"}],"version-history":[{"count":31,"href":"https:\/\/guneshotel.com.tr\/tr\/wp-json\/wp\/v2\/pages\/2367\/revisions"}],"predecessor-version":[{"id":2402,"href":"https:\/\/guneshotel.com.tr\/tr\/wp-json\/wp\/v2\/pages\/2367\/revisions\/2402"}],"wp:attachment":[{"href":"https:\/\/guneshotel.com.tr\/tr\/wp-json\/wp\/v2\/media?parent=2367"}],"curies":[{"name":"wp","href":"https:\/\/api.w.org\/{rel}","templated":true}]}}