{"id":24,"date":"2015-05-28T12:31:04","date_gmt":"2015-05-28T12:31:04","guid":{"rendered":"http:\/\/guneshotel.com.tr\/?page_id=24"},"modified":"2025-12-21T18:33:27","modified_gmt":"2025-12-21T15:33:27","slug":"location","status":"publish","type":"page","link":"https:\/\/guneshotel.com.tr\/tr\/location\/","title":{"rendered":"Konum"},"content":{"rendered":"<p><\/p>\n<div class=\"google-maps\"><iframe loading=\"lazy\" src=\"https:\/\/www.google.com\/maps\/d\/u\/0\/embed?mid=1UukblVkn1lHLNV936_XOgUUH7VY\" width=\"640\" height=\"480\"><\/iframe><\/div>\n<hr \/>\n<div id='gallery-2' class='gallery galleryid-24 gallery-columns-3 gallery-size-thumbnail'><figure class='gallery-item'>\n\t\t\t<div class='gallery-icon landscape'>\n\t\t\t\t<a href=\"https:\/\/guneshotel.com.tr\/wp-content\/uploads\/2023\/03\/NETWORK-2023-V2-scaled.jpg\" title=\"NETWORK 2023 V2\" data-description=\"\"><img loading=\"lazy\" decoding=\"async\" width=\"150\" height=\"150\" src=\"https:\/\/guneshotel.com.tr\/wp-content\/uploads\/2023\/03\/NETWORK-2023-V2-150x150.jpg\" class=\"attachment-thumbnail size-thumbnail\" alt=\"\"><\/a>\n\t\t\t<\/div><\/figure><figure class='gallery-item'>\n\t\t\t<div class='gallery-icon portrait'>\n\t\t\t\t<a href=\"https:\/\/guneshotel.com.tr\/wp-content\/uploads\/2015\/05\/GH-ON-MAPS.jpg\" title=\"Gunes Hotel On Map\" data-description=\"Gunes Hotel On Map\"><img loading=\"lazy\" decoding=\"async\" width=\"150\" height=\"150\" src=\"https:\/\/guneshotel.com.tr\/wp-content\/uploads\/2015\/05\/GH-ON-MAPS-150x150.jpg\" class=\"attachment-thumbnail size-thumbnail\" alt=\"Gunes Hotel On Map\"><\/a>\n\t\t\t<\/div><\/figure>\n\t\t<\/div>\n\n<p>&nbsp;<\/p>\n<p>4 y\u0131ld\u0131zl\u0131 G\u00fcne\u015f Hotel, Bo\u011faz&#8217;\u0131n bat\u0131s\u0131nda ve UNESCO \u2018D\u00fcnya Miras\u0131 Alan\u0131 olan \u0130stanbul&#8217;un tarihi merkezi Eski \u015eehir\u2019e sadece 7 km uzakl\u0131ktad\u0131r.<\/p>\n<p>Otel, hareketli bir b\u00f6lge, al\u0131\u015fveri\u015f i\u00e7in ideal ve otob\u00fcs ve metro ile rahat\u00e7a ula\u015f\u0131labilen, fuara , kongre merkezlerine ve tekstil \u015firketlerinin merkezlerine ula\u015f\u0131m\u0131 rahat olan, G\u00fcne\u015f Hotel&#8217;i hem i\u015f hem de tatil ama\u00e7l\u0131 seyahat eden m\u00fc\u015fteriler i\u00e7in en uygun hale getiren Merter&#8217;de yer almaktad\u0131r.<\/p>\n<p>\u0130stanbul bat\u0131y\u0131 ve do\u011fuyu birbirinden ay\u0131ran b\u00fcy\u00fcleyici Bo\u011faz&#8217;a bakan muhte\u015fem bir \u015fehir, do\u011fal g\u00fczellikler ile zengin, Emin\u00f6n\u00fc semtinden hareketle alternatif olarak Asya ve Avrupa k\u0131y\u0131s\u0131nda duran teknelerin seyrine elveri\u015fli bir yerdir.<\/p>\n<p>An\u0131tlar ve tarih ile dolu, gelece\u011fe y\u00f6nelik bug\u00fcn korunan sek\u00fcler medeniyetin evlad\u0131 olan \u0130stanbul, yak\u0131n zamanda 2010 i\u00e7in Avrupa k\u00fclt\u00fcr ba\u015fkentleri aras\u0131na girmi\u015ftir.<\/p>\n<p><strong>Tren ile<\/strong><\/p>\n<p>YHT ya da Marmaray hatt\u0131 \u00fczerinden, S\u00f6\u011f\u00fctl\u00fc\u00e7e\u015fme istasyonundan Metrob\u00fcs hatt\u0131na ya da Yenikap\u0131 istasyonundan Metro hatt\u0131na ge\u00e7erek Merter&#8217;e ulaabilirsiniz. Merter metro ve metrob\u00fcs istasyonlar\u0131 otelimizden 5 dakika y\u00fcr\u00fcme mesafesindedir.<\/p>\n<p><strong>U\u00e7ak ile<\/strong><\/p>\n<p>\u0130stanbul Havaliman\u0131&#8217;ndan Havaist otob\u00fcsleriyle otogara, otogardan da metroyla Merter&#8217;e ula\u015fabilirsiniz. Merter metro istasyonu otelimize sadece 5 dakikal\u0131k y\u00fcr\u00fcme mesafesindedir. Veya metroyla Gayrettepe dura\u011f\u0131na gidip metrob\u00fcs hatt\u0131na ge\u00e7ebilirsiniz. Merter dura\u011f\u0131na metrob\u00fcsle gelebilirsiniz.<\/p>\n<p>Sabiha G\u00f6k\u00e7en Havaliman\u0131&#8217;ndan \u00dcnalan dura\u011f\u0131na gidip metrob\u00fcs hatt\u0131na ge\u00e7ebilirsiniz. Merter dura\u011f\u0131na metrob\u00fcsle gelebilirsiniz.<\/p>\n<p>\u0130stasyonlar\u0131n giri\u015findeki kiosklardan toplu ta\u015f\u0131ma ara\u00e7lar\u0131n\u0131 kullanmak i\u00e7in istanbulkart sat\u0131n alabilirsiniz.<br \/>\n<strong>Araba ile<\/strong><\/p>\n<p>E\u011fer araba ile seyahat ediyorsan\u0131z, Ankara&#8217;ya do\u011fru E-5 (D100) karayolunundan devam ediniz, &#8220;Merter&#8221; \u00e7\u0131k\u0131\u015f\u0131n\u0131 kullan\u0131n\u0131z ve sola d\u00f6nerek Migros s\u00fcpermarketine ula\u015f\u0131n\u0131z. Tekrar sola d\u00f6nerek, yirmi metre sonra sa\u011fa ve ard\u0131ndan otelimizin sizleri bekledi\u011fi sola d\u00f6n\u00fcn\u00fcz. E\u011fer Edirne y\u00f6n\u00fcnde seyahat ediyorsan\u0131z, &#8220;Merter&#8221; \u00e7\u0131k\u0131\u015f\u0131n\u0131 kullan\u0131n\u0131z, Migros s\u00fcpermarketine var\u0131n\u0131z, sa\u011fa d\u00f6n\u00fcn\u00fcz, yeniden sa\u011fa ve ard\u0131ndan otelimizin sizleri bekledi\u011fi sola d\u00f6n\u00fcn\u00fcz.<\/p>\n<p><a href=\"https:\/\/www.kisa.link\/LZYF\">Google i\u00e7in konum bilgisi<\/a> \/ <a href=\"https:\/\/www.kisa.link\/LZYG\">Apple i\u00e7in konum bilgisi<\/a><\/p>\n<p style=\"text-align: center;\"><strong style=\"text-align: center; font-size: 18px;\">Distances<\/strong><\/p>\n<div class=\"six columns block\">\n<div class=\"six columns block\"><strong>SHOPPING CENTERS<\/strong><\/div>\n<div class=\"six columns block\"><strong>Marmara Forum:<\/strong> 1 km<br \/>\n<strong>Kale Outlet Center: <\/strong> 2 km<br \/>\n<strong>Olivium Outlet Center: <\/strong> 3 km<br \/>\n<strong>Metroport:<\/strong> 4 km<br \/>\n<strong>Kadir Has \u00c7ocuk D\u00fcnyasi:<\/strong> 4 km<br \/>\n<strong>Capacity: <\/strong> 5 km<br \/>\n<strong>Carousel: <\/strong> 5 km<br \/>\n<strong>Historia:<\/strong> 5 km<br \/>\n<strong>Galleria :<\/strong> 5 km<br \/>\n<strong>Forum Istanbul: <\/strong> 6 km<br \/>\n<strong>Town Center: <\/strong> 8 km<br \/>\n<strong>Atrium:<\/strong> 9 km<br \/>\n<strong>Flyinn:<\/strong> 11 km<br \/>\n<strong>Cevahir Istanbul:<\/strong> 13 km<\/div>\n<div><\/div>\n<div class=\"six columns block\"><strong>FUN<\/strong><\/div>\n<div class=\"six columns block\"><strong>Vialand:<\/strong> 5 km<br \/>\n<strong>Princess Islands:<\/strong> 5 km<br \/>\n<strong>Juras\u0131c Park:<\/strong> 5 km<br \/>\n<strong>Feshane:<\/strong> 7 km<br \/>\n<strong>Istiklal Street:<\/strong> 10 km<br \/>\n<strong>French St. \/ Algerian St.:<\/strong> 10 km<br \/>\n<strong>Istanbul Aquarium :<\/strong> 11 km<\/div>\n<div><\/div>\n<div class=\"six columns block\"><strong>MUSEUMS<\/strong><\/div>\n<div class=\"six columns block\"><strong>Panorama 1453 Conquest Museum:<\/strong> 3 km<br \/>\n<strong>Tekfur Palace:<\/strong> 6 km<br \/>\n<strong>Kariye Museum:<\/strong> 6 km<br \/>\n<strong>Fethiye Museum:<\/strong> 6 km<br \/>\n<strong>Topkapi Palace:<\/strong> 8 km<br \/>\n<strong>Istanbul Archaeological Museums:<\/strong> 8 km<br \/>\n<strong>Turkish And Islamic Arts Museum:<\/strong> 8 km<br \/>\n<strong>Miniat\u00fcrk :<\/strong> 8 km<br \/>\n<strong>Rahmi Ko\u00e7 Museum :<\/strong> 8 km<br \/>\n<strong>Istanbul Modern Art Museum: <\/strong> 10 km<br \/>\n<strong>Dolmabah\u00e7e Palace:<\/strong> 12 km<br \/>\n<strong>Yildiz Palace: <\/strong> 14 km<br \/>\n<strong>\u00c7ira\u011fan Palace: <\/strong> 14 km<\/div>\n<div><\/div>\n<div class=\"six columns block\"><strong>HISTORICAL PLACES<\/strong><\/div>\n<div class=\"six columns block\"><strong>The Dungeons Of Yedikule:<\/strong> 4 km<br \/>\n<strong>Covered Bazaar:<\/strong> 7 km<br \/>\n<strong>Beyazit Tower: <\/strong> 7 km<br \/>\n<strong>Obelisk:<\/strong> 7 km<br \/>\n<strong>Pierre Loti:<\/strong> 7 km<br \/>\n<strong>Ayasofya Museum :<\/strong> 8 km<br \/>\n<strong>Basilica Cistern:<\/strong> 8 km<br \/>\n<strong>Galata Tower:<\/strong> 8 km<br \/>\n<strong>Egyptian Bazaar:<\/strong> 8 km<br \/>\n<strong>G\u00fclhane Park:<\/strong> 8 km<br \/>\n<strong>German Fountain:<\/strong> 8 km<br \/>\n<strong>Maiden Tower:<\/strong> 12 km<\/div>\n<div><\/div>\n<div class=\"six columns block\"><strong>SPORT CENTERS<\/strong><\/div>\n<div class=\"six columns block\"><strong>Toazkoparan Sport Hall:<\/strong> 1 km<br \/>\n<strong>veli Efendi Hypodrom:<\/strong> 2 km<br \/>\n<strong>Abdi Ipek\u00e7i Sport Hall:<\/strong> 3 km<br \/>\n<strong>Sinan Erdem Sport Hall:<\/strong> 5 km<br \/>\n<strong>Ahmet C\u00f6mert Sport Hall:<\/strong> 5 km<br \/>\n<strong>In\u00f6n\u00fc Stadium:<\/strong> 11 km<br \/>\n<strong>Olimpiade Stadium:<\/strong> 17 km<br \/>\n<strong>T\u00fcrk Telekom Arena:<\/strong> 17 km<br \/>\n<strong>Ayhan \u015eahenk Sport Hall:<\/strong> 21 km<br \/>\n<strong>\u015e\u00fckr\u00fc Sara\u00e7o\u011flu Stadium:<\/strong> 27 km<br \/>\n<strong>Istanbul Park:<\/strong> 60 km<\/div>\n<div><\/div>\n<div class=\"six columns block\"><strong>MOSQUES<\/strong><\/div>\n<div class=\"six columns block\"><strong>Ey\u00fcp Sultan Mosque:<\/strong> 6 km<br \/>\n<strong>S\u00fcleymaniye Mosque:<\/strong> 7 km<br \/>\n<strong>Beyazit Mosque:<\/strong> 7 km<br \/>\n<strong>Sultan Ahmet Mosque \/ Blue Mosque:<\/strong> 8 km<br \/>\n<strong>Little Hagia Sophia Mosque:<\/strong> 8 km<br \/>\n<strong>Ortak\u00f6y Mosque:<\/strong> 14 km<\/div>\n<div><\/div>\n<div class=\"six columns block\"><strong>SYNAGOGUES<\/strong><\/div>\n<div class=\"six columns block\"><strong>Ahrida Synagogue:<\/strong> 6 km<br \/>\n<strong>Italian Synagogue:<\/strong> 8 km<br \/>\n<strong>Neve Shalom Synagogue:<\/strong> 8 km<br \/>\n<strong>A\u015fkenazi Synagogue:<\/strong> 9 km<br \/>\n<strong>Z\u00fclfaris Synagogue (Jewish Museum Of Turkey):<\/strong> 9 km<br \/>\n<strong>Etz Ahayim Synagogue:<\/strong> 14 km<\/div>\n<div><\/div>\n<div class=\"six columns block\"><strong>CHURCHES<\/strong><\/div>\n<div class=\"six columns block\"><strong>Kariye (Chora) Church:<\/strong> 6 km<br \/>\n<strong>Meryem Ana Nativite Catholic Church:<\/strong> 6 km<br \/>\n<strong>Aya Yorgi Fener Greek Orthodox Patrikhanesi Church:<\/strong> 7 km<br \/>\n<strong>Sankt Georg Monastery And Church:<\/strong> 7 km<br \/>\n<strong>Stephan (Bulgarian) Church:<\/strong> 7 km<br \/>\n<strong>Surp Anarad Higutyun Ermeni Catholic Church:<\/strong> 7 km<br \/>\n<strong>K\u00fc\u00e7\u00fck Ayasofya Mosque &#8211; Ss. Sergius ve Bacchus Church:<\/strong> 8 km<br \/>\n<strong>Anglikan Church (Kirim Church):<\/strong> 9 km<br \/>\n<strong>Lutherien Protestan Church:<\/strong> 9 km<br \/>\n<strong>Aya Triada Rum Catholic Church:<\/strong> 10 km<br \/>\n<strong>Ayos Pantelemon Greek Orthodox Church:<\/strong> 10 km<\/div>\n<div><\/div>\n<div class=\"six columns block\"><strong>HOSPITAL<\/strong><\/div>\n<div class=\"six columns block\"><strong>MEMOR\u0130AL H\u0130ZMET HASTANES\u0130<\/strong>: 1,5 km<br \/>\n<strong>T\u00dcRK B\u00d6BREK VAKFI<\/strong>: 1,5 km<br \/>\n<strong>AVRASYA HOSP\u0130TAL<\/strong>: 2 km<br \/>\n<strong>SANTE PLUS<\/strong>: 2 km<br \/>\n<strong>ETH\u0130CA \u0130NC\u0130RL\u0130<\/strong>: 2,5 km<br \/>\n<strong>\u0130STANBUL G\u00d6Z HASTANES\u0130<\/strong>: 3 km<br \/>\n<strong>B.EVLER MED\u0130CANA D\u0130\u015e HASTANES\u0130<\/strong>: 3 km<br \/>\n<strong>YED\u0130KULE G\u00d6\u011e\u00dcS HASTALIKLARI<\/strong>: 3 km<br \/>\n<strong>BALIKLI RUM<\/strong>: 3 km<br \/>\n<strong>\u00d6ZEL SURP P\u0130RG\u0130\u00c7<\/strong>: 3 km<br \/>\n<strong>BAKIRK\u00d6Y DEVLET HASTANES\u0130<\/strong>: 3 km<br \/>\n<strong>MED\u0130CAL PARK<\/strong>: 3 km<br \/>\n<strong>ACIBADEM BAKIRK\u00d6Y<\/strong>: 4 km<br \/>\n<strong>D\u00dcNYA G\u00d6Z HASTANES\u0130<\/strong>: 5 km<br \/>\n<strong>ACIBADEM \u0130NTERNAT\u0130ONAL<\/strong>: 8 km<br \/>\n<strong>L\u0130V HOSP\u0130TAL<\/strong>: 15 km<\/div>\n<\/div>\n<p><\/p>","protected":false},"excerpt":{"rendered":"<p>&nbsp; 4 y\u0131ld\u0131zl\u0131 G\u00fcne\u015f Hotel, Bo\u011faz&#8217;\u0131n bat\u0131s\u0131nda ve UNESCO \u2018D\u00fcnya Miras\u0131 Alan\u0131 olan \u0130stanbul&#8217;un tarihi merkezi Eski \u015eehir\u2019e sadece 7 km uzakl\u0131ktad\u0131r. Otel, hareketli bir b\u00f6lge, al\u0131\u015fveri\u015f i\u00e7in ideal ve otob\u00fcs ve metro ile rahat\u00e7a ula\u015f\u0131labilen, fuara , kongre merkezlerine ve tekstil \u015firketlerinin merkezlerine ula\u015f\u0131m\u0131 rahat olan, G\u00fcne\u015f Hotel&#8217;i hem i\u015f hem de tatil ama\u00e7l\u0131 &hellip; <a href=\"https:\/\/guneshotel.com.tr\/tr\/location\/\" class=\"more-link\">Continue reading <span class=\"screen-reader-text\">Konum<\/span><\/a><\/p>\n","protected":false},"author":1,"featured_media":0,"parent":0,"menu_order":0,"comment_status":"closed","ping_status":"closed","template":"homenoslider.php","meta":{"footnotes":""},"class_list":["post-24","page","type-page","status-publish","hentry","gallery-content-unit"],"aioseo_notices":[],"_links":{"self":[{"href":"https:\/\/guneshotel.com.tr\/tr\/wp-json\/wp\/v2\/pages\/24","targetHints":{"allow":["GET"]}}],"collection":[{"href":"https:\/\/guneshotel.com.tr\/tr\/wp-json\/wp\/v2\/pages"}],"about":[{"href":"https:\/\/guneshotel.com.tr\/tr\/wp-json\/wp\/v2\/types\/page"}],"author":[{"embeddable":true,"href":"https:\/\/guneshotel.com.tr\/tr\/wp-json\/wp\/v2\/users\/1"}],"replies":[{"embeddable":true,"href":"https:\/\/guneshotel.com.tr\/tr\/wp-json\/wp\/v2\/comments?post=24"}],"version-history":[{"count":107,"href":"https:\/\/guneshotel.com.tr\/tr\/wp-json\/wp\/v2\/pages\/24\/revisions"}],"predecessor-version":[{"id":2261,"href":"https:\/\/guneshotel.com.tr\/tr\/wp-json\/wp\/v2\/pages\/24\/revisions\/2261"}],"wp:attachment":[{"href":"https:\/\/guneshotel.com.tr\/tr\/wp-json\/wp\/v2\/media?parent=24"}],"curies":[{"name":"wp","href":"https:\/\/api.w.org\/{rel}","templated":true}]}}