{"id":36,"date":"2015-05-28T12:42:51","date_gmt":"2015-05-28T12:42:51","guid":{"rendered":"http:\/\/guneshotel.com.tr\/?page_id=36"},"modified":"2025-12-21T18:33:08","modified_gmt":"2025-12-21T15:33:08","slug":"description","status":"publish","type":"page","link":"https:\/\/guneshotel.com.tr\/tr\/description\/","title":{"rendered":"Tan\u0131m"},"content":{"rendered":"<p><div id='gallery-2' class='gallery galleryid-36 gallery-columns-3 gallery-size-thumbnail'><figure class='gallery-item'>\n\t\t\t<div class='gallery-icon landscape'>\n\t\t\t\t<a href=\"https:\/\/guneshotel.com.tr\/wp-content\/uploads\/2015\/12\/Lobby.jpg\" title=\"Lobby\" data-description=\"\"><img loading=\"lazy\" decoding=\"async\" width=\"150\" height=\"150\" src=\"https:\/\/guneshotel.com.tr\/wp-content\/uploads\/2015\/12\/Lobby-150x150.jpg\" class=\"attachment-thumbnail size-thumbnail\" alt=\"\"><\/a>\n\t\t\t<\/div><\/figure><figure class='gallery-item'>\n\t\t\t<div class='gallery-icon landscape'>\n\t\t\t\t<a href=\"https:\/\/guneshotel.com.tr\/wp-content\/uploads\/2015\/12\/Reception.jpg\" title=\"Reception\" data-description=\"\"><img loading=\"lazy\" decoding=\"async\" width=\"150\" height=\"150\" src=\"https:\/\/guneshotel.com.tr\/wp-content\/uploads\/2015\/12\/Reception-150x150.jpg\" class=\"attachment-thumbnail size-thumbnail\" alt=\"\"><\/a>\n\t\t\t<\/div><\/figure><figure class='gallery-item'>\n\t\t\t<div class='gallery-icon landscape'>\n\t\t\t\t<a href=\"https:\/\/guneshotel.com.tr\/wp-content\/uploads\/2015\/05\/Resepsiyon1.jpg\" title=\"Resepsiyon\" data-description=\"\"><img loading=\"lazy\" decoding=\"async\" width=\"150\" height=\"150\" src=\"https:\/\/guneshotel.com.tr\/wp-content\/uploads\/2015\/05\/Resepsiyon1-150x150.jpg\" class=\"attachment-thumbnail size-thumbnail\" alt=\"\"><\/a>\n\t\t\t<\/div><\/figure><figure class='gallery-item'>\n\t\t\t<div class='gallery-icon landscape'>\n\t\t\t\t<a href=\"https:\/\/guneshotel.com.tr\/wp-content\/uploads\/2015\/05\/MG_37011.jpg\" title=\"_MG_3701\" data-description=\"\"><img loading=\"lazy\" decoding=\"async\" width=\"150\" height=\"150\" src=\"https:\/\/guneshotel.com.tr\/wp-content\/uploads\/2015\/05\/MG_37011-150x150.jpg\" class=\"attachment-thumbnail size-thumbnail\" alt=\"\"><\/a>\n\t\t\t<\/div><\/figure><figure class='gallery-item'>\n\t\t\t<div class='gallery-icon landscape'>\n\t\t\t\t<a href=\"https:\/\/guneshotel.com.tr\/wp-content\/uploads\/2015\/05\/MG_37021.jpg\" title=\"_MG_3702\" data-description=\"\"><img loading=\"lazy\" decoding=\"async\" width=\"150\" height=\"150\" src=\"https:\/\/guneshotel.com.tr\/wp-content\/uploads\/2015\/05\/MG_37021-150x150.jpg\" class=\"attachment-thumbnail size-thumbnail\" alt=\"\"><\/a>\n\t\t\t<\/div><\/figure><figure class='gallery-item'>\n\t\t\t<div class='gallery-icon landscape'>\n\t\t\t\t<a href=\"https:\/\/guneshotel.com.tr\/wp-content\/uploads\/2015\/05\/37225921.jpg\" title=\"3722592\" data-description=\"\"><img loading=\"lazy\" decoding=\"async\" width=\"150\" height=\"150\" src=\"https:\/\/guneshotel.com.tr\/wp-content\/uploads\/2015\/05\/37225921-150x150.jpg\" class=\"attachment-thumbnail size-thumbnail\" alt=\"\"><\/a>\n\t\t\t<\/div><\/figure><figure class='gallery-item'>\n\t\t\t<div class='gallery-icon landscape'>\n\t\t\t\t<a href=\"https:\/\/guneshotel.com.tr\/wp-content\/uploads\/2015\/05\/Sauna-1-2.jpg\" title=\"Sauna-1-2\" data-description=\"\"><img loading=\"lazy\" decoding=\"async\" width=\"150\" height=\"150\" src=\"https:\/\/guneshotel.com.tr\/wp-content\/uploads\/2015\/05\/Sauna-1-2-150x150.jpg\" class=\"attachment-thumbnail size-thumbnail\" alt=\"\"><\/a>\n\t\t\t<\/div><\/figure><figure class='gallery-item'>\n\t\t\t<div class='gallery-icon landscape'>\n\t\t\t\t<a href=\"https:\/\/guneshotel.com.tr\/wp-content\/uploads\/2015\/05\/Fitness-1-3.jpg\" title=\"Fitness 1-3\" data-description=\"\"><img loading=\"lazy\" decoding=\"async\" width=\"150\" height=\"150\" src=\"https:\/\/guneshotel.com.tr\/wp-content\/uploads\/2015\/05\/Fitness-1-3-150x150.jpg\" class=\"attachment-thumbnail size-thumbnail\" alt=\"\"><\/a>\n\t\t\t<\/div><\/figure><figure class='gallery-item'>\n\t\t\t<div class='gallery-icon landscape'>\n\t\t\t\t<a href=\"https:\/\/guneshotel.com.tr\/wp-content\/uploads\/2015\/05\/Fitness.jpg\" title=\"Fitness\" data-description=\"\"><img loading=\"lazy\" decoding=\"async\" width=\"150\" height=\"150\" src=\"https:\/\/guneshotel.com.tr\/wp-content\/uploads\/2015\/05\/Fitness-150x150.jpg\" class=\"attachment-thumbnail size-thumbnail\" alt=\"\"><\/a>\n\t\t\t<\/div><\/figure><figure class='gallery-item'>\n\t\t\t<div class='gallery-icon landscape'>\n\t\t\t\t<a href=\"https:\/\/guneshotel.com.tr\/wp-content\/uploads\/2015\/05\/Fitness-1-31.jpg\" title=\"Fitness-1-3\" data-description=\"\"><img loading=\"lazy\" decoding=\"async\" width=\"150\" height=\"150\" src=\"https:\/\/guneshotel.com.tr\/wp-content\/uploads\/2015\/05\/Fitness-1-31-150x150.jpg\" class=\"attachment-thumbnail size-thumbnail\" alt=\"\"><\/a>\n\t\t\t<\/div><\/figure><figure class='gallery-item'>\n\t\t\t<div class='gallery-icon landscape'>\n\t\t\t\t<a href=\"https:\/\/guneshotel.com.tr\/wp-content\/uploads\/2015\/05\/IMG_7050.jpg\" title=\"IMG_7050\" data-description=\"\"><img loading=\"lazy\" decoding=\"async\" width=\"150\" height=\"150\" src=\"https:\/\/guneshotel.com.tr\/wp-content\/uploads\/2015\/05\/IMG_7050-150x150.jpg\" class=\"attachment-thumbnail size-thumbnail\" alt=\"\"><\/a>\n\t\t\t<\/div><\/figure><figure class='gallery-item'>\n\t\t\t<div class='gallery-icon landscape'>\n\t\t\t\t<a href=\"https:\/\/guneshotel.com.tr\/wp-content\/uploads\/2015\/05\/Sauna-2-2.jpg\" title=\"Sauna 2-2\" data-description=\"\"><img loading=\"lazy\" decoding=\"async\" width=\"150\" height=\"150\" src=\"https:\/\/guneshotel.com.tr\/wp-content\/uploads\/2015\/05\/Sauna-2-2-150x150.jpg\" class=\"attachment-thumbnail size-thumbnail\" alt=\"\"><\/a>\n\t\t\t<\/div><\/figure>\n\t\t<\/div>\n<\/p>\n<p>&nbsp;<\/p>\n<p><a title=\"Gunes Hotel\" href=\"http:\/\/guneshotel.com.tr\/\">\u0130stanbul&#8217; daki 4 y\u0131ld\u0131zl\u0131 otel<\/a>ler aras\u0131nda, <strong>G\u00fcne\u015f Hotel<\/strong> konforlu ve emniyetli bir konaklama i\u00e7in T\u00fcrkiye&#8217;ye geldi\u011finiz andan itibaren sizlere zaman\u0131nda hizmet verecek olan bir personel profesyonelli\u011fi konusunda farkl\u0131l\u0131k g\u00f6sterir.<\/p>\n<p>\u0130stanbul fuarlar\u0131na ve \u00f6nemli \u015firketlerin merkezlerine yak\u0131nl\u0131\u011f\u0131 sayesinde i\u015f i\u00e7in gelen konuklar\u0131m\u0131zi\u00e7in en iyi \u00e7\u00f6z\u00fcm olan G\u00fcne\u015f Hotel, toplant\u0131 salonuna, fitness salonuna ve sa\u011fl\u0131k kul\u00fcb\u00fcne sahiptir.<\/p>\n<p>Tart\u0131\u015f\u0131lmayan cazibesine kap\u0131lmak i\u00e7in \u0130stanbul&#8217;da kalmak isteyenler, muhte\u015fem tarihi \u015fehir merkezine olan yak\u0131nl\u0131\u011f\u0131ndan ve rehberli gezilere ve her t\u00fcrl\u00fc etkinlik i\u00e7in bilet rezervasyonu yapt\u0131rmaktan memnun olan resepsiyondaki personelin de\u011ferli tavsiyelerinden dolay\u0131 G\u00fcne\u015f Hotel&#8217;i se\u00e7er.<\/p>\n<p>Keyifli bir sosyalle\u015fme ve rahatlama an\u0131 i\u00e7in, G\u00fcne\u015f Hotel konuklar\u0131n\u0131 her ak\u015fam ferahlat\u0131c\u0131 kokteyllerin servis edildi\u011fi Y\u0131ld\u0131z Bar\u2019a davet ediyor.<\/p>\n<p>G\u00fcne\u015f Hotel\u2019de m\u00fc\u015fteriler \u00fccretsiz wi-fi, transfer hizmeti, limuzin hizmeti ve \u00fccretsiz korumal\u0131 araba park\u0131ndan yararlan\u0131rlar.<\/p>\n<div class=\"four columns block\"><strong>Etkinlikler<\/strong><\/div>\n<div class=\"four columns block\">\u00b7 Bowling, 5 km<br \/>\n\u00b7 Bilardo, 5 km<br \/>\n\u00b7 Futbol sahalar\u0131, 5 km<br \/>\n\u00b7 Tenis, 10 km<br \/>\n\u00b7 Binicilik, 20 km<br \/>\n\u00b7 Golf kl\u00fcb\u00fc, 20 km<\/div>\n<div><\/div>\n<div class=\"four columns block\"><strong>Hizmetler &amp; Tesisler<\/strong><br \/>\n<strong>\u00dccretsiz Hizmetler<\/strong><\/div>\n<div class=\"four columns block\">. Engelli eri\u015fimi &#8211; Resepsiyon (24h)<br \/>\n. A\u00e7\u0131k b\u00fcfe kahvalt\u0131 (6.00\/10.30)<br \/>\n. Bar (16.00\/ 00.30)<br \/>\n. \u00dccretsiz Kablosuz \u0130nternet<br \/>\n. G\u00fcnl\u00fck gazeteler<br \/>\n. Turistik Bilgi<br \/>\n. Gezilere rezervasyon<br \/>\n. Etkinlikler i\u00e7in rezervasyon<br \/>\n. Konsiyerj<br \/>\n. Araba kiralama masas\u0131<br \/>\n. Limuzin hizmeti<br \/>\n. \u00c7elik kasa<br \/>\n. Bell boy<br \/>\n. Bagaj emanet<br \/>\n. Gece kap\u0131 g\u00f6revlisi<br \/>\n. Asans\u00f6r<br \/>\n. D\u00f6viz de\u011fi\u015ftirme<br \/>\n. Korumal\u0131 araba park\u0131<br \/>\n. Park<\/div>\n<div><\/div>\n<div class=\"four columns block\"><strong>\u00dccretli Hizmetler<\/strong><\/div>\n<div class=\"four columns block\">. \u00dct\u00fc hizmeti<br \/>\n. \u00c7ama\u015f\u0131rhane hizmeti<br \/>\n. Kuru temizleme<\/div>\n<div><\/div>\n<div class=\"four columns block\"><strong>Ortak Alanlar<\/strong><\/div>\n<div class=\"four columns block\">\n<p>. Resepsiyon<br \/>\n. Lobi<br \/>\n. TV Odas\u0131<br \/>\n. Teras<br \/>\n. Bah\u00e7e Bar<br \/>\n. Toplant\u0131 salonu<br \/>\n. Fitness salonu<br \/>\n. Sa\u011fl\u0131k Kul\u00fcb\u00fc<\/p>\n<\/div>\n<p><\/p>","protected":false},"excerpt":{"rendered":"<p>&nbsp; \u0130stanbul&#8217; daki 4 y\u0131ld\u0131zl\u0131 oteller aras\u0131nda, G\u00fcne\u015f Hotel konforlu ve emniyetli bir konaklama i\u00e7in T\u00fcrkiye&#8217;ye geldi\u011finiz andan itibaren sizlere zaman\u0131nda hizmet verecek olan bir personel profesyonelli\u011fi konusunda farkl\u0131l\u0131k g\u00f6sterir. \u0130stanbul fuarlar\u0131na ve \u00f6nemli \u015firketlerin merkezlerine yak\u0131nl\u0131\u011f\u0131 sayesinde i\u015f i\u00e7in gelen konuklar\u0131m\u0131zi\u00e7in en iyi \u00e7\u00f6z\u00fcm olan G\u00fcne\u015f Hotel, toplant\u0131 salonuna, fitness salonuna ve sa\u011fl\u0131k kul\u00fcb\u00fcne &hellip; <a href=\"https:\/\/guneshotel.com.tr\/tr\/description\/\" class=\"more-link\">Continue reading <span class=\"screen-reader-text\">Tan\u0131m<\/span><\/a><\/p>\n","protected":false},"author":1,"featured_media":0,"parent":0,"menu_order":0,"comment_status":"closed","ping_status":"closed","template":"homenoslider.php","meta":{"footnotes":""},"class_list":["post-36","page","type-page","status-publish","hentry","gallery-content-unit"],"aioseo_notices":[],"_links":{"self":[{"href":"https:\/\/guneshotel.com.tr\/tr\/wp-json\/wp\/v2\/pages\/36","targetHints":{"allow":["GET"]}}],"collection":[{"href":"https:\/\/guneshotel.com.tr\/tr\/wp-json\/wp\/v2\/pages"}],"about":[{"href":"https:\/\/guneshotel.com.tr\/tr\/wp-json\/wp\/v2\/types\/page"}],"author":[{"embeddable":true,"href":"https:\/\/guneshotel.com.tr\/tr\/wp-json\/wp\/v2\/users\/1"}],"replies":[{"embeddable":true,"href":"https:\/\/guneshotel.com.tr\/tr\/wp-json\/wp\/v2\/comments?post=36"}],"version-history":[{"count":36,"href":"https:\/\/guneshotel.com.tr\/tr\/wp-json\/wp\/v2\/pages\/36\/revisions"}],"predecessor-version":[{"id":2264,"href":"https:\/\/guneshotel.com.tr\/tr\/wp-json\/wp\/v2\/pages\/36\/revisions\/2264"}],"wp:attachment":[{"href":"https:\/\/guneshotel.com.tr\/tr\/wp-json\/wp\/v2\/media?parent=36"}],"curies":[{"name":"wp","href":"https:\/\/api.w.org\/{rel}","templated":true}]}}