{"id":55,"date":"2015-05-28T14:59:05","date_gmt":"2015-05-28T14:59:05","guid":{"rendered":"http:\/\/guneshotel.com.tr\/?page_id=55"},"modified":"2025-12-21T18:33:46","modified_gmt":"2025-12-21T15:33:46","slug":"restaurant-bar","status":"publish","type":"page","link":"https:\/\/guneshotel.com.tr\/tr\/restaurant-bar\/","title":{"rendered":"Restoran ve Bar"},"content":{"rendered":"<p>&nbsp;<\/p>\n<div id='gallery-2' class='gallery galleryid-55 gallery-columns-3 gallery-size-thumbnail'><figure class='gallery-item'>\n\t\t\t<div class='gallery-icon landscape'>\n\t\t\t\t<a href=\"https:\/\/guneshotel.com.tr\/wp-content\/uploads\/2015\/12\/Nept%C3%BCn-Restaurant.jpg\" title=\"Nept\u00fcn Restaurant\" data-description=\"\"><img loading=\"lazy\" decoding=\"async\" width=\"150\" height=\"150\" src=\"https:\/\/guneshotel.com.tr\/wp-content\/uploads\/2015\/12\/Nept%C3%BCn-Restaurant-150x150.jpg\" class=\"attachment-thumbnail size-thumbnail\" alt=\"\"><\/a>\n\t\t\t<\/div><\/figure><figure class='gallery-item'>\n\t\t\t<div class='gallery-icon landscape'>\n\t\t\t\t<a href=\"https:\/\/guneshotel.com.tr\/wp-content\/uploads\/2015\/12\/Breakfast-1.jpg\" title=\"Breakfast - 1\" data-description=\"\"><img loading=\"lazy\" decoding=\"async\" width=\"150\" height=\"150\" src=\"https:\/\/guneshotel.com.tr\/wp-content\/uploads\/2015\/12\/Breakfast-1-150x150.jpg\" class=\"attachment-thumbnail size-thumbnail\" alt=\"\"><\/a>\n\t\t\t<\/div><\/figure><figure class='gallery-item'>\n\t\t\t<div class='gallery-icon landscape'>\n\t\t\t\t<a href=\"https:\/\/guneshotel.com.tr\/wp-content\/uploads\/2015\/12\/Breakfast-5.jpg\" title=\"Breakfast - 5\" data-description=\"\"><img loading=\"lazy\" decoding=\"async\" width=\"150\" height=\"150\" src=\"https:\/\/guneshotel.com.tr\/wp-content\/uploads\/2015\/12\/Breakfast-5-150x150.jpg\" class=\"attachment-thumbnail size-thumbnail\" alt=\"\"><\/a>\n\t\t\t<\/div><\/figure><figure class='gallery-item'>\n\t\t\t<div class='gallery-icon landscape'>\n\t\t\t\t<a href=\"https:\/\/guneshotel.com.tr\/wp-content\/uploads\/2015\/12\/Breakfast-4.jpg\" title=\"Breakfast - 4\" data-description=\"\"><img loading=\"lazy\" decoding=\"async\" width=\"150\" height=\"150\" src=\"https:\/\/guneshotel.com.tr\/wp-content\/uploads\/2015\/12\/Breakfast-4-150x150.jpg\" class=\"attachment-thumbnail size-thumbnail\" alt=\"\"><\/a>\n\t\t\t<\/div><\/figure><figure class='gallery-item'>\n\t\t\t<div class='gallery-icon portrait'>\n\t\t\t\t<a href=\"https:\/\/guneshotel.com.tr\/wp-content\/uploads\/2015\/12\/Breakfast-3.jpg\" title=\"Breakfast - 3\" data-description=\"\"><img loading=\"lazy\" decoding=\"async\" width=\"150\" height=\"150\" src=\"https:\/\/guneshotel.com.tr\/wp-content\/uploads\/2015\/12\/Breakfast-3-150x150.jpg\" class=\"attachment-thumbnail size-thumbnail\" alt=\"\"><\/a>\n\t\t\t<\/div><\/figure><figure class='gallery-item'>\n\t\t\t<div class='gallery-icon portrait'>\n\t\t\t\t<a href=\"https:\/\/guneshotel.com.tr\/wp-content\/uploads\/2015\/12\/Breakfast-2.jpg\" title=\"Breakfast - 2\" data-description=\"\"><img loading=\"lazy\" decoding=\"async\" width=\"150\" height=\"150\" src=\"https:\/\/guneshotel.com.tr\/wp-content\/uploads\/2015\/12\/Breakfast-2-150x150.jpg\" class=\"attachment-thumbnail size-thumbnail\" alt=\"\"><\/a>\n\t\t\t<\/div><\/figure><figure class='gallery-item'>\n\t\t\t<div class='gallery-icon landscape'>\n\t\t\t\t<a href=\"https:\/\/guneshotel.com.tr\/wp-content\/uploads\/2015\/12\/Venus-Restaurant.jpg\" title=\"Venus Restaurant\" data-description=\"\"><img loading=\"lazy\" decoding=\"async\" width=\"150\" height=\"150\" src=\"https:\/\/guneshotel.com.tr\/wp-content\/uploads\/2015\/12\/Venus-Restaurant-150x150.jpg\" class=\"attachment-thumbnail size-thumbnail\" alt=\"\"><\/a>\n\t\t\t<\/div><\/figure><figure class='gallery-item'>\n\t\t\t<div class='gallery-icon portrait'>\n\t\t\t\t<a href=\"https:\/\/guneshotel.com.tr\/wp-content\/uploads\/2015\/12\/Dinner-Buffet-1.jpg\" title=\"Dinner Buffet - 1\" data-description=\"\"><img loading=\"lazy\" decoding=\"async\" width=\"150\" height=\"150\" src=\"https:\/\/guneshotel.com.tr\/wp-content\/uploads\/2015\/12\/Dinner-Buffet-1-150x150.jpg\" class=\"attachment-thumbnail size-thumbnail\" alt=\"\"><\/a>\n\t\t\t<\/div><\/figure><figure class='gallery-item'>\n\t\t\t<div class='gallery-icon portrait'>\n\t\t\t\t<a href=\"https:\/\/guneshotel.com.tr\/wp-content\/uploads\/2015\/12\/Dinner-Buffet-2.jpg\" title=\"Dinner Buffet - 2\" data-description=\"\"><img loading=\"lazy\" decoding=\"async\" width=\"150\" height=\"150\" src=\"https:\/\/guneshotel.com.tr\/wp-content\/uploads\/2015\/12\/Dinner-Buffet-2-150x150.jpg\" class=\"attachment-thumbnail size-thumbnail\" alt=\"\"><\/a>\n\t\t\t<\/div><\/figure>\n\t\t<\/div>\n\n<p>&nbsp;<\/p>\n<p><strong>Nept\u00fcn Restoran<\/strong><\/p>\n<p>Konforlu k\u0131\u015f bah\u00e7esi teras\u0131, b\u00fcy\u00fck ekran TV ve 160 ki\u015filik salonu ile, kahvalt\u0131 servisi i\u00e7in 7.00&#8217;dan 10.30&#8217;a ve \u00f6\u011fle yeme\u011fi servisi i\u00e7in 12.00&#8217;den 3.00&#8217;e kadar a\u00e7\u0131kt\u0131r.<\/p>\n<p><strong>Ven\u00fcs Restoran<\/strong><\/p>\n<p>Ven\u00fcs Restoran\u0131n a la carte men\u00fcs\u00fc, romantik, sofistike ve son derece konforlu bir ortamda, \u00f6zenli \u015farap se\u00e7imi ile e\u015flik edilen, T\u00fcrk mutfa\u011f\u0131 ve uluslararas\u0131 mutfaklar\u0131n en iyi yemeklerini mum \u0131\u015f\u0131\u011f\u0131nda sunmaktad\u0131r.<\/p>\n<p>\u2018Sultanahmet\u201d b\u00f6lgesine yak\u0131n bir mesafede yer alan restoran\u0131n 100 ki\u015filik yeri vard\u0131r, 19.00\u2019dan 23.00\u2019a kadar a\u00e7\u0131kt\u0131r<\/p>\n<p><strong>Y\u0131ld\u0131z Bar<\/strong><\/p>\n<p>Keyifli bir ak\u015fam her zaman zor bir i\u015f g\u00fcn\u00fc sonras\u0131nda rahatlamak i\u00e7in, lezzetli bir kokteyl ile rahat bir ortamda ba\u015flar.<\/p>\n<p>A\u00e7\u0131l\u0131\u015f saatleri: 16.00 &#8211; 24.00<\/p>","protected":false},"excerpt":{"rendered":"<p>&nbsp; &nbsp; Nept\u00fcn Restoran Konforlu k\u0131\u015f bah\u00e7esi teras\u0131, b\u00fcy\u00fck ekran TV ve 160 ki\u015filik salonu ile, kahvalt\u0131 servisi i\u00e7in 7.00&#8217;dan 10.30&#8217;a ve \u00f6\u011fle yeme\u011fi servisi i\u00e7in 12.00&#8217;den 3.00&#8217;e kadar a\u00e7\u0131kt\u0131r. Ven\u00fcs Restoran Ven\u00fcs Restoran\u0131n a la carte men\u00fcs\u00fc, romantik, sofistike ve son derece konforlu bir ortamda, \u00f6zenli \u015farap se\u00e7imi ile e\u015flik edilen, T\u00fcrk mutfa\u011f\u0131 ve &hellip; <a href=\"https:\/\/guneshotel.com.tr\/tr\/restaurant-bar\/\" class=\"more-link\">Continue reading <span class=\"screen-reader-text\">Restoran ve Bar<\/span><\/a><\/p>\n","protected":false},"author":1,"featured_media":0,"parent":0,"menu_order":0,"comment_status":"closed","ping_status":"closed","template":"homenoslider.php","meta":{"footnotes":""},"class_list":["post-55","page","type-page","status-publish","hentry","gallery-content-unit"],"aioseo_notices":[],"_links":{"self":[{"href":"https:\/\/guneshotel.com.tr\/tr\/wp-json\/wp\/v2\/pages\/55","targetHints":{"allow":["GET"]}}],"collection":[{"href":"https:\/\/guneshotel.com.tr\/tr\/wp-json\/wp\/v2\/pages"}],"about":[{"href":"https:\/\/guneshotel.com.tr\/tr\/wp-json\/wp\/v2\/types\/page"}],"author":[{"embeddable":true,"href":"https:\/\/guneshotel.com.tr\/tr\/wp-json\/wp\/v2\/users\/1"}],"replies":[{"embeddable":true,"href":"https:\/\/guneshotel.com.tr\/tr\/wp-json\/wp\/v2\/comments?post=55"}],"version-history":[{"count":43,"href":"https:\/\/guneshotel.com.tr\/tr\/wp-json\/wp\/v2\/pages\/55\/revisions"}],"predecessor-version":[{"id":1485,"href":"https:\/\/guneshotel.com.tr\/tr\/wp-json\/wp\/v2\/pages\/55\/revisions\/1485"}],"wp:attachment":[{"href":"https:\/\/guneshotel.com.tr\/tr\/wp-json\/wp\/v2\/media?parent=55"}],"curies":[{"name":"wp","href":"https:\/\/api.w.org\/{rel}","templated":true}]}}