{"id":24,"date":"2015-05-28T12:31:04","date_gmt":"2015-05-28T12:31:04","guid":{"rendered":"http:\/\/guneshotel.com.tr\/?page_id=24"},"modified":"2025-12-21T18:33:27","modified_gmt":"2025-12-21T15:33:27","slug":"location","status":"publish","type":"page","link":"https:\/\/guneshotel.com.tr\/zh\/location\/","title":{"rendered":"\u4f4d\u7f6e"},"content":{"rendered":"<p><\/p>\n<div class=\"google-maps\"><iframe loading=\"lazy\" src=\"https:\/\/www.google.com\/maps\/d\/u\/0\/embed?mid=1UukblVkn1lHLNV936_XOgUUH7VY\" width=\"640\" height=\"480\"><\/iframe><\/div>\n<hr \/>\n<div id='gallery-7' class='gallery galleryid-24 gallery-columns-3 gallery-size-thumbnail'><figure class='gallery-item'>\n\t\t\t<div class='gallery-icon landscape'>\n\t\t\t\t<a href=\"https:\/\/guneshotel.com.tr\/wp-content\/uploads\/2023\/03\/NETWORK-2023-V2-scaled.jpg\" title=\"NETWORK 2023 V2\" data-description=\"\"><img loading=\"lazy\" decoding=\"async\" width=\"150\" height=\"150\" src=\"https:\/\/guneshotel.com.tr\/wp-content\/uploads\/2023\/03\/NETWORK-2023-V2-150x150.jpg\" class=\"attachment-thumbnail size-thumbnail\" alt=\"\"><\/a>\n\t\t\t<\/div><\/figure><figure class='gallery-item'>\n\t\t\t<div class='gallery-icon portrait'>\n\t\t\t\t<a href=\"https:\/\/guneshotel.com.tr\/wp-content\/uploads\/2015\/05\/GH-ON-MAPS.jpg\" title=\"Gunes Hotel On Map\" data-description=\"Gunes Hotel On Map\"><img loading=\"lazy\" decoding=\"async\" width=\"150\" height=\"150\" src=\"https:\/\/guneshotel.com.tr\/wp-content\/uploads\/2015\/05\/GH-ON-MAPS-150x150.jpg\" class=\"attachment-thumbnail size-thumbnail\" alt=\"Gunes Hotel On Map\"><\/a>\n\t\t\t<\/div><\/figure>\n\t\t<\/div>\n\n<p>&nbsp;<\/p>\n<p>\u56db\u661f\u7ea7\u7684Gunes Hotel\u9152\u5e97\u4f4d\u4e8e\u535a\u65af\u666e\u9c81\u65af\u6d77\u5ce1\uff08Bosphorus\uff09\u7684\u897f\u90e8\uff0c\u8ddd\u79bb\u88ab\u8054\u5408\u56fd\u6559\u79d1\u6587\u7ec4\u7ec7\u5217\u4e3a\u4e16\u754c\u9057\u4ea7\u7684\u4f0a\u65af\u5766\u5e03\u5c14\u5386\u53f2\u4e2d\u5fc3\u7684\u201c\u65e7\u57ce\u533a\u201d\u4ec57\u516c\u91cc\u3002<\/p>\n<p>\u672c\u5bbe\u9986\u4f4d\u4e8e\u9ed8\u7279\u5c14\uff08Merter\uff09\u533a\uff0c\u8be5\u533a\u751f\u6d3b\u6c14\u606f\u6d53\u539a\u3001\u4fbf\u4e8e\u8d2d\u7269\u3001\u516c\u5171\u6c7d\u8f66\u53ca\u5730\u94c1\u4fbf\u5229\uff0c\u4fbf\u4e8e\u524d\u5f80\u5c55\u89c8\u4e2d\u5fc3\u3001\u4f1a\u8bae\u4e2d\u5fc3 \u53ca\u7eba\u7ec7\u4f01\u4e1a\u603b\u90e8\uff0c\u56e0\u6b64Gunes Hotel\u53e4\u6069\u65af\u5bbe\u9986\u662f\u5546\u52a1\u53ca\u4f11\u95f2\u65c5\u5ba2\u7684\u6700\u4f73\u9009\u62e9\u3002<\/p>\n<p>\u4f0a\u65af\u5766\u5e03\u5c14\u662f\u9762\u671d\u535a\u65af\u666e\u9c81\u65af\u6d77\u5ce1\u7684\u4e00\u5ea7\u7f8e\u4e3d\u57ce\u5e02\uff0c\u8fd9\u6761\u8ff7\u4eba\u7684\u6d77\u5ce1\u5c06\u4e1c\u897f\u4e16\u754c\u5206\u5f00\uff0c\u62e5\u6709\u4e30\u5bcc\u7684\u81ea\u7136\u7f8e\u666f\uff0c\u53ef\u4ece\u827e\u7c73\u8bfa\u52aa\u533a\u4e58\u6e38\u8f6e\u6b23\u8d4f\u5176\u6b27\u4e9a\u4e24\u5cb8\u3002<\/p>\n<p>\u4f0a\u65af\u5766\u5e03\u5c14\u62e5\u6709\u4f17\u591a\u5386\u53f2\u53e4\u8ff9\uff0c\u662f\u60a0\u4e45\u6587\u5316\u7684\u7ed3\u6676\uff0c\u540c\u65f6\u4e5f\u9762\u5411\u672a\u6765\uff0c\u6700\u8fd1\u521a\u521a\u6210\u4e3a2010\u5e74\u6b27\u6d32\u6587\u5316\u9996\u90fd\u3002<\/p>\n<p><strong>\u4e0e\u91cd\u8981\u5730\u6807\u4e4b\u95f4\u7684\u8ddd\u79bb<\/strong><\/p>\n<p>\u00b7 \u8ddd\u79bb\u4e3b\u8981\u4f1a\u5c55\u4e2d\u5fc3\uff08CNR\u3001\u4e16\u8d38\u4e2d\u5fc3\uff097\u516c\u91cc<br \/>\n\u00b7 \u8ddd\u79bb\u53e4\u5e02\u533a\u4e2d\u5fc3\uff08\u963f\u5408\u9ea6\u7279\u5e7f\u573a\u3001\u5df4\u96c5\u6cfd\u7279\u5e7f\u573a\u3001\u9521\u5c14\u51ef\u5409\uff097\u516c\u91cc<br \/>\n\u00b7 \u8ddd\u79bb\u5e02\u4e2d\u5fc3\uff08\u5854\u514b\u897f\u59c6\uff0912\u516c\u91cc<\/p>\n<p><strong>\u4e58\u5750\u706b\u8f66<\/strong><\/p>\n<p>\u60a8\u53ef\u4ee5\u901a\u8fc7YHT\u6216Marmaray\u7ebf\uff0c\u4eceSogutlucesme\u7ad9\u5230Metrobus\u7ebf\uff0c\u6216\u8005\u4eceYenikap\u0131\u7ad9\u5230Metro\u7ebf\u5230\u8fbeMerter\u3002 Merter\u5730\u94c1\u7ad9\u548cMetrobus\u8f66\u7ad9\u8ddd\u79bb\u6211\u4eec\u9152\u5e975\u5206\u949f\u6b65\u884c\u8def\u7a0b\u3002<\/p>\n<p><strong>\u4e58\u5750\u98de\u673a<\/strong><\/p>\n<p>\u4ece\u4f0a\u65af\u5766\u5e03\u5c14\u673a\u573a\u51fa\u53d1\uff0c\u60a8\u53ef\u4ee5\u4e58\u5750 Havaist \u5df4\u58eb\u5230\u8fbe\u201cotogar\u201d\uff08\u57ce\u9645\u5df4\u58eb\u7ad9\uff09\uff0c\u7136\u540e\u4ece\u201cotogar\u201d\u4e58\u5730\u94c1\u5230\u8fbe Merter\u3002Merter \u5730\u94c1\u7ad9\u8ddd\u79bb\u6211\u4eec\u9152\u5e97\u4ec5 5 \u5206\u949f\u6b65\u884c\u8def\u7a0b\u3002\u6216\u8005\u4e58\u5750\u5730\u94c1\u5230 gayrettepe \u7ad9\uff0c\u7136\u540e\u6362\u4e58\u5730\u94c1\u5df4\u58eb\u7ebf\u3002\u60a8\u53ef\u4ee5\u4e58\u5750\u5730\u94c1\u5df4\u58eb\u5230\u8fbe Merter \u7ad9\u3002<\/p>\n<p>\u4ece\u8428\u6bd4\u54c8\u00b7\u683c\u514b\u7434\u673a\u573a\u51fa\u53d1\uff0c\u60a8\u53ef\u4ee5\u4e58\u5750\u5730\u94c1\u5230 Unalan \u7ad9\uff0c\u7136\u540e\u6362\u4e58\u5730\u94c1\u5df4\u58eb\u7ebf\u3002\u60a8\u53ef\u4ee5\u4e58\u5750\u5730\u94c1\u5df4\u58eb\u5230\u8fbe Merter \u7ad9\u3002<\/p>\n<p>\u60a8\u53ef\u4ee5\u5728\u8f66\u7ad9\u5165\u53e3\u5904\u7684\u552e\u8d27\u4ead\u8d2d\u4e70\u4f0a\u65af\u5766\u5e03\u5c14\u5361\uff0c\u4f7f\u7528\u516c\u5171\u4ea4\u901a\u5de5\u5177\u3002<br \/>\n<strong>\u5f00\u8f66<\/strong><\/p>\n<p>\u82e5\u60a8\u9a7e\u8f66\u524d\u6765\uff0c\u8bf7\u9009\u62e9\u5b89\u5361\u62c9\uff08Ankara\uff09\u65b9\u5411\u7684E-5\uff08D100\uff09\u9ad8\u901f\u516c\u8def\uff0c\u5728\u201c\u9ed8\u7279\u5c14\uff08Merter\uff09\u201d\u51fa\u53e3\u4e0b\u9ad8\u901f\uff0c\u5411\u5de6\u8f6c\uff0c\u5230\u8fbeMigros\u8d85\u5e02\u540e\u5411\u5de6\u8f6c\uff0c\u4e8c\u5341\u7c73\u540e\u53f3\u8f6c\u7136\u540e\u5de6\u8f6c\uff0c\u4fbf\u53ef\u5230\u8fbe\u5bbe\u9986\u3002 \u82e5\u60a8\u671d\u57c3\u8fea\u5185\uff08Edirne\uff09\u65b9\u5411\u8d70\uff0c\u5728\u201c\u9ed8\u7279\u5c14\uff08Merter\uff09\u201d\u51fa\u53e3\u4e0b\u9ad8\u901f\uff0c\u524d\u5f80Migros\u8d85\u5e02\uff0c\u53f3\u8f6c\uff0c\u5728\u6b64\u53f3\u8f6c\u7136\u540e\u5de6\u8f6c\uff0c\u4fbf\u53ef\u5230\u8fbe\u5bbe\u9986\u3002<\/p>\n<p><a href=\"https:\/\/www.kisa.link\/LZYF\">Google\u4f4d\u7f6e<\/a>\/ <a href=\"https:\/\/www.kisa.link\/LZYG\">Apple\u4f4d\u7f6e<\/a><\/p>\n<p style=\"text-align: center;\"><strong style=\"text-align: center; font-size: 18px;\">Distances<\/strong><\/p>\n<div class=\"six columns block\">\n<div class=\"six columns block\"><strong>SHOPPING CENTERS<\/strong><\/div>\n<div class=\"six columns block\"><strong>Marmara Forum:<\/strong> 1 km<br \/>\n<strong>Kale Outlet Center: <\/strong> 2 km<br \/>\n<strong>Olivium Outlet Center: <\/strong> 3 km<br \/>\n<strong>Metroport:<\/strong> 4 km<br \/>\n<strong>Kadir Has \u00c7ocuk D\u00fcnyasi:<\/strong> 4 km<br \/>\n<strong>Capacity: <\/strong> 5 km<br \/>\n<strong>Carousel: <\/strong> 5 km<br \/>\n<strong>Historia:<\/strong> 5 km<br \/>\n<strong>Galleria :<\/strong> 5 km<br \/>\n<strong>Forum Istanbul: <\/strong> 6 km<br \/>\n<strong>Town Center: <\/strong> 8 km<br \/>\n<strong>Atrium:<\/strong> 9 km<br \/>\n<strong>Flyinn:<\/strong> 11 km<br \/>\n<strong>Cevahir Istanbul:<\/strong> 13 km<\/div>\n<div><\/div>\n<div class=\"six columns block\"><strong>FUN<\/strong><\/div>\n<div class=\"six columns block\"><strong>Vialand:<\/strong> 5 km<br \/>\n<strong>Princess Islands:<\/strong> 5 km<br \/>\n<strong>Juras\u0131c Park:<\/strong> 5 km<br \/>\n<strong>Feshane:<\/strong> 7 km<br \/>\n<strong>Istiklal Street:<\/strong> 10 km<br \/>\n<strong>French St. \/ Algerian St.:<\/strong> 10 km<br \/>\n<strong>Istanbul Aquarium :<\/strong> 11 km<\/div>\n<div><\/div>\n<div class=\"six columns block\"><strong>MUSEUMS<\/strong><\/div>\n<div class=\"six columns block\"><strong>Panorama 1453 Conquest Museum:<\/strong> 3 km<br \/>\n<strong>Tekfur Palace:<\/strong> 6 km<br \/>\n<strong>Kariye Museum:<\/strong> 6 km<br \/>\n<strong>Fethiye Museum:<\/strong> 6 km<br \/>\n<strong>Topkapi Palace:<\/strong> 8 km<br \/>\n<strong>Istanbul Archaeological Museums:<\/strong> 8 km<br \/>\n<strong>Turkish And Islamic Arts Museum:<\/strong> 8 km<br \/>\n<strong>Miniat\u00fcrk :<\/strong> 8 km<br \/>\n<strong>Rahmi Ko\u00e7 Museum :<\/strong> 8 km<br \/>\n<strong>Istanbul Modern Art Museum: <\/strong> 10 km<br \/>\n<strong>Dolmabah\u00e7e Palace:<\/strong> 12 km<br \/>\n<strong>Yildiz Palace: <\/strong> 14 km<br \/>\n<strong>\u00c7ira\u011fan Palace: <\/strong> 14 km<\/div>\n<div><\/div>\n<div class=\"six columns block\"><strong>HISTORICAL PLACES<\/strong><\/div>\n<div class=\"six columns block\"><strong>The Dungeons Of Yedikule:<\/strong> 4 km<br \/>\n<strong>Covered Bazaar:<\/strong> 7 km<br \/>\n<strong>Beyazit Tower: <\/strong> 7 km<br \/>\n<strong>Obelisk:<\/strong> 7 km<br \/>\n<strong>Pierre Loti:<\/strong> 7 km<br \/>\n<strong>Ayasofya Museum :<\/strong> 8 km<br \/>\n<strong>Basilica Cistern:<\/strong> 8 km<br \/>\n<strong>Galata Tower:<\/strong> 8 km<br \/>\n<strong>Egyptian Bazaar:<\/strong> 8 km<br \/>\n<strong>G\u00fclhane Park:<\/strong> 8 km<br \/>\n<strong>German Fountain:<\/strong> 8 km<br \/>\n<strong>Maiden Tower:<\/strong> 12 km<\/div>\n<div><\/div>\n<div class=\"six columns block\"><strong>SPORT CENTERS<\/strong><\/div>\n<div class=\"six columns block\"><strong>Toazkoparan Sport Hall:<\/strong> 1 km<br \/>\n<strong>veli Efendi Hypodrom:<\/strong> 2 km<br \/>\n<strong>Abdi Ipek\u00e7i Sport Hall:<\/strong> 3 km<br \/>\n<strong>Sinan Erdem Sport Hall:<\/strong> 5 km<br \/>\n<strong>Ahmet C\u00f6mert Sport Hall:<\/strong> 5 km<br \/>\n<strong>In\u00f6n\u00fc Stadium:<\/strong> 11 km<br \/>\n<strong>Olimpiade Stadium:<\/strong> 17 km<br \/>\n<strong>T\u00fcrk Telekom Arena:<\/strong> 17 km<br \/>\n<strong>Ayhan \u015eahenk Sport Hall:<\/strong> 21 km<br \/>\n<strong>\u015e\u00fckr\u00fc Sara\u00e7o\u011flu Stadium:<\/strong> 27 km<br \/>\n<strong>Istanbul Park:<\/strong> 60 km<\/div>\n<div><\/div>\n<div class=\"six columns block\"><strong>MOSQUES<\/strong><\/div>\n<div class=\"six columns block\"><strong>Ey\u00fcp Sultan Mosque:<\/strong> 6 km<br \/>\n<strong>S\u00fcleymaniye Mosque:<\/strong> 7 km<br \/>\n<strong>Beyazit Mosque:<\/strong> 7 km<br \/>\n<strong>Sultan Ahmet Mosque \/ Blue Mosque:<\/strong> 8 km<br \/>\n<strong>Little Hagia Sophia Mosque:<\/strong> 8 km<br \/>\n<strong>Ortak\u00f6y Mosque:<\/strong> 14 km<\/div>\n<div><\/div>\n<div class=\"six columns block\"><strong>SYNAGOGUES<\/strong><\/div>\n<div class=\"six columns block\"><strong>Ahrida Synagogue:<\/strong> 6 km<br \/>\n<strong>Italian Synagogue:<\/strong> 8 km<br \/>\n<strong>Neve Shalom Synagogue:<\/strong> 8 km<br \/>\n<strong>A\u015fkenazi Synagogue:<\/strong> 9 km<br \/>\n<strong>Z\u00fclfaris Synagogue (Jewish Museum Of Turkey):<\/strong> 9 km<br \/>\n<strong>Etz Ahayim Synagogue:<\/strong> 14 km<\/div>\n<div><\/div>\n<div class=\"six columns block\"><strong>CHURCHES<\/strong><\/div>\n<div class=\"six columns block\"><strong>Kariye (Chora) Church:<\/strong> 6 km<br \/>\n<strong>Meryem Ana Nativite Catholic Church:<\/strong> 6 km<br \/>\n<strong>Aya Yorgi Fener Greek Orthodox Patrikhanesi Church:<\/strong> 7 km<br \/>\n<strong>Sankt Georg Monastery And Church:<\/strong> 7 km<br \/>\n<strong>Stephan (Bulgarian) Church:<\/strong> 7 km<br \/>\n<strong>Surp Anarad Higutyun Ermeni Catholic Church:<\/strong> 7 km<br \/>\n<strong>K\u00fc\u00e7\u00fck Ayasofya Mosque &#8211; Ss. Sergius ve Bacchus Church:<\/strong> 8 km<br \/>\n<strong>Anglikan Church (Kirim Church):<\/strong> 9 km<br \/>\n<strong>Lutherien Protestan Church:<\/strong> 9 km<br \/>\n<strong>Aya Triada Rum Catholic Church:<\/strong> 10 km<br \/>\n<strong>Ayos Pantelemon Greek Orthodox Church:<\/strong> 10 km<\/div>\n<div><\/div>\n<div class=\"six columns block\"><strong>HOSPITAL<\/strong><\/div>\n<div class=\"six columns block\"><strong>MEMOR\u0130AL H\u0130ZMET HASTANES\u0130<\/strong>: 1,5 km<br \/>\n<strong>T\u00dcRK B\u00d6BREK VAKFI<\/strong>: 1,5 km<br \/>\n<strong>AVRASYA HOSP\u0130TAL<\/strong>: 2 km<br \/>\n<strong>SANTE PLUS<\/strong>: 2 km<br \/>\n<strong>ETH\u0130CA \u0130NC\u0130RL\u0130<\/strong>: 2,5 km<br \/>\n<strong>\u0130STANBUL G\u00d6Z HASTANES\u0130<\/strong>: 3 km<br \/>\n<strong>B.EVLER MED\u0130CANA D\u0130\u015e HASTANES\u0130<\/strong>: 3 km<br \/>\n<strong>YED\u0130KULE G\u00d6\u011e\u00dcS HASTALIKLARI<\/strong>: 3 km<br \/>\n<strong>BALIKLI RUM<\/strong>: 3 km<br \/>\n<strong>\u00d6ZEL SURP P\u0130RG\u0130\u00c7<\/strong>: 3 km<br \/>\n<strong>BAKIRK\u00d6Y DEVLET HASTANES\u0130<\/strong>: 3 km<br \/>\n<strong>MED\u0130CAL PARK<\/strong>: 3 km<br \/>\n<strong>ACIBADEM BAKIRK\u00d6Y<\/strong>: 4 km<br \/>\n<strong>D\u00dcNYA G\u00d6Z HASTANES\u0130<\/strong>: 5 km<br \/>\n<strong>ACIBADEM \u0130NTERNAT\u0130ONAL<\/strong>: 8 km<br \/>\n<strong>L\u0130V HOSP\u0130TAL<\/strong>: 15 km<\/div>\n<\/div>\n<p><\/p>","protected":false},"excerpt":{"rendered":"<p>&nbsp; \u56db\u661f\u7ea7\u7684Gunes Hotel\u9152\u5e97\u4f4d\u4e8e\u535a\u65af\u666e\u9c81\u65af\u6d77\u5ce1\uff08Bosphorus\uff09\u7684\u897f\u90e8\uff0c\u8ddd\u79bb\u88ab\u8054\u5408\u56fd\u6559 &hellip; <a href=\"https:\/\/guneshotel.com.tr\/zh\/location\/\" class=\"more-link\">Continue reading <span class=\"screen-reader-text\">\u4f4d\u7f6e<\/span><\/a><\/p>\n","protected":false},"author":1,"featured_media":0,"parent":0,"menu_order":0,"comment_status":"closed","ping_status":"closed","template":"homenoslider.php","meta":{"footnotes":""},"class_list":["post-24","page","type-page","status-publish","hentry","gallery-content-unit"],"aioseo_notices":[],"_links":{"self":[{"href":"https:\/\/guneshotel.com.tr\/zh\/wp-json\/wp\/v2\/pages\/24","targetHints":{"allow":["GET"]}}],"collection":[{"href":"https:\/\/guneshotel.com.tr\/zh\/wp-json\/wp\/v2\/pages"}],"about":[{"href":"https:\/\/guneshotel.com.tr\/zh\/wp-json\/wp\/v2\/types\/page"}],"author":[{"embeddable":true,"href":"https:\/\/guneshotel.com.tr\/zh\/wp-json\/wp\/v2\/users\/1"}],"replies":[{"embeddable":true,"href":"https:\/\/guneshotel.com.tr\/zh\/wp-json\/wp\/v2\/comments?post=24"}],"version-history":[{"count":107,"href":"https:\/\/guneshotel.com.tr\/zh\/wp-json\/wp\/v2\/pages\/24\/revisions"}],"predecessor-version":[{"id":2261,"href":"https:\/\/guneshotel.com.tr\/zh\/wp-json\/wp\/v2\/pages\/24\/revisions\/2261"}],"wp:attachment":[{"href":"https:\/\/guneshotel.com.tr\/zh\/wp-json\/wp\/v2\/media?parent=24"}],"curies":[{"name":"wp","href":"https:\/\/api.w.org\/{rel}","templated":true}]}}